{"id":1388,"date":"2024-02-24T11:25:39","date_gmt":"2024-02-24T10:25:39","guid":{"rendered":"https:\/\/wordpress.famberg.de\/index.php\/produkt\/getreidesaecke-getreideaufbewahrung-aus-naturbelassener-baumwolle\/"},"modified":"2024-12-05T19:53:06","modified_gmt":"2024-12-05T18:53:06","slug":"getreidesaecke-getreideaufbewahrung-aus-naturbelassener-baumwolle","status":"publish","type":"product","link":"https:\/\/wordpress.famberg.de\/index.php\/produkt\/getreidesaecke-getreideaufbewahrung-aus-naturbelassener-baumwolle\/","title":{"rendered":"Hawos Getreides\u00e4cke Getreideaufbewahrung, naturbelassener Baumwolle"},"content":{"rendered":"<p><span style=\"font-weight: bold;\">Getreides\u00e4cke f\u00fcr 3, 5, 10 oder 25 kg (bei Ebay bitte auf Titelzeile achten &#8211; Preis ist f\u00fcr 1 Sack)<\/span><br \/>In<br \/>diesen Getreides\u00e4cken k\u00f6nnen Sie alle Getreidearten optimal f\u00fcr lange<br \/>Zeit lagern. Bei der Entnahme rieselt das Korn nach, es kommt in<br \/>Bewegung, was f\u00fcr eine gesunde, bel\u00fcftete Lagerung sorgt.<br \/>Die S\u00e4cke<br \/>aus naturbelassener Baumwolle sind bis 60\u00b0C waschbar. Oben befinden sich<br \/>zwei Halteschlaufen und die Nachf\u00fcll\u00f6ffnung. Unten sitzt der<br \/>raffinierte Einhandverschlu\u00df<span style=\"font-family: Arial, Helvetica, sans-serif; font-size: small;\"><br \/>(Automatik-Federverschlu\u00df)<\/span>, um das Getreide zu entnehmen. <span style=\"font-family: Arial, Helvetica, sans-serif; font-size: small;\">Die<br \/>Au\u00dfla\u00dfvorrichtung ist nur mit einem Band eingebunden und kann zum<br \/>Waschen der S\u00e4cke ganz leicht durch \u00d6ffnen der Schleife entfernt werden.<\/span>(<b>Lieferung ohne Wandhalter<\/b>)<\/p><p><span style=\"font-weight: bold;\">Produktdaten:<\/span><\/p><ul><li>Getreidesack F\u00fcllmenge 3 kg<\/li><li>Gewicht 300 g<\/li><li>L\u00e4nge x \u00f8 50 x 14 cm<\/li><li>Material naturbelassene und robuste Baumwolle<\/li><\/ul><ul><li>Getreidesack F\u00fcllmenge 5 kg<\/li><li>Gewicht 300 g<\/li><li>L\u00e4nge x \u00f8 68 x 14 cm<\/li><li>Material naturbelassene und robuste Baumwolle<\/li><\/ul><ul><li>Getreidesack F\u00fcllmenge 10 kg<\/li><li>Gewicht 500 g<\/li><li>L\u00e4nge x \u00f8 88 x 16 cm<\/li><li>Material naturbelassene und robuste Baumwolle<\/li><\/ul><ul><li>Getreidesack F\u00fcllmenge 25 kg<\/li><li>Gewicht 500 g<\/li><li>L\u00e4nge x \u00f8 107 x 25 cm<\/li><li>Material naturbelassene und robuste Baumwolle<\/li><\/ul><p><span style=\"color: #cc0000;\"><b>Ohne Wandhalter, diese finden Sie f\u00fcr 1, 2 und 3 Getreides\u00e4cke auch bei uns im Shop.<\/b><\/span><\/p>","protected":false},"excerpt":{"rendered":"<p>Getreides\u00e4cke f\u00fcr 3, 5, 10 oder 25 kg (bei Ebay bitte auf Titelzeile achten &#8211; Preis ist f\u00fcr 1 Sack)Indiesen Getreides\u00e4cken k\u00f6nnen Sie alle Getreidearten optimal f\u00fcr langeZeit lagern. Bei der Entnahme rieselt das Korn nach, es kommt inBewegung, was f\u00fcr eine gesunde, bel\u00fcftete Lagerung sorgt.Die S\u00e4ckeaus naturbelassener Baumwolle sind bis 60\u00b0C waschbar. Oben befinden [&hellip;]<\/p>\n","protected":false},"featured_media":310,"template":"","meta":[],"product_brand":[],"product_cat":[162],"product_tag":[],"class_list":{"0":"post-1388","1":"product","2":"type-product","3":"status-publish","4":"has-post-thumbnail","6":"product_cat-getreidespeicher","7":"product_shipping_class-direkt-luba","8":"pa_fassungsvermoegen-3-kg","9":"pa_fassungsvermoegen-5-kg","10":"pa_fassungsvermoegen-10-kg","11":"pa_fassungsvermoegen-25-kg","13":"first","14":"instock","15":"featured","16":"taxable","17":"shipping-taxable","18":"purchasable","19":"product-type-variable"},"supplier_id":null,"supplier_sku":"","barcode":null,"atum_controlled":true,"out_stock_date":null,"out_stock_threshold":null,"inheritable":true,"inbound_stock":0,"stock_on_hold":0,"sold_today":0,"sales_last_days":3,"reserved_stock":null,"customer_returns":null,"warehouse_damage":null,"lost_in_post":null,"other_logs":null,"out_stock_days":0,"lost_sales":0,"has_location":false,"update_date":"2026-04-07T08:26:11","atum_locations":[],"atum_stock_status":"instock","restock_status":false,"low_stock_amount":"","sales_update_date":"2024-09-24T09:53:03","calc_backorders":null,"_links":{"self":[{"href":"https:\/\/wordpress.famberg.de\/index.php\/wp-json\/wp\/v2\/product\/1388","targetHints":{"allow":["GET"]}}],"collection":[{"href":"https:\/\/wordpress.famberg.de\/index.php\/wp-json\/wp\/v2\/product"}],"about":[{"href":"https:\/\/wordpress.famberg.de\/index.php\/wp-json\/wp\/v2\/types\/product"}],"wp:featuredmedia":[{"embeddable":true,"href":"https:\/\/wordpress.famberg.de\/index.php\/wp-json\/wp\/v2\/media\/310"}],"wp:attachment":[{"href":"https:\/\/wordpress.famberg.de\/index.php\/wp-json\/wp\/v2\/media?parent=1388"}],"wp:term":[{"taxonomy":"product_brand","embeddable":true,"href":"https:\/\/wordpress.famberg.de\/index.php\/wp-json\/wp\/v2\/product_brand?post=1388"},{"taxonomy":"product_cat","embeddable":true,"href":"https:\/\/wordpress.famberg.de\/index.php\/wp-json\/wp\/v2\/product_cat?post=1388"},{"taxonomy":"product_tag","embeddable":true,"href":"https:\/\/wordpress.famberg.de\/index.php\/wp-json\/wp\/v2\/product_tag?post=1388"}],"curies":[{"name":"wp","href":"https:\/\/api.w.org\/{rel}","templated":true}]}}