{"id":1387,"date":"2024-02-24T11:25:37","date_gmt":"2024-02-24T10:25:37","guid":{"rendered":"https:\/\/wordpress.famberg.de\/index.php\/produkt\/getreidesilo-3-x-5-kg-getreidespeicher-3er\/"},"modified":"2024-12-05T19:29:52","modified_gmt":"2024-12-05T18:29:52","slug":"getreidesilo-3-x-5-kg-getreidespeicher-3er","status":"publish","type":"product","link":"https:\/\/wordpress.famberg.de\/index.php\/produkt\/getreidesilo-3-x-5-kg-getreidespeicher-3er\/","title":{"rendered":"Hawos Getreidesilo 3 x 5 kg Getreidespeicher 3er"},"content":{"rendered":"<div style=\"width: 200px;\"><\/div><p>&nbsp;<\/p><div><span style=\"font-size: medium;\">\u00a0<\/span><\/div><div><p><span style=\"font-size: medium;\">Der 3er-Getreidesilo<\/span><\/p><p>pa\u00dft ebenfalls gut in jede K\u00fcche.<\/p><\/div><div><span style=\"font-size: medium;\"><span style=\"font-size: medium;\">Hier erh\u00f6ht sich der optische Reiz durch die M\u00f6glichkeit, drei verschiedene Getreidearten<br \/>mit der entsprechenden K\u00f6rnerf\u00e4rbung sichtbar zu lagern.<\/span><\/span>Die Schiebefunktion erm\u00f6glicht die saubere Entnahme des Getreides.<\/div><div><span style=\"font-size: medium;\">Technische Daten:<br \/><\/span><\/div><div><ul><li><span style=\"font-size: medium;\">Inhalt 3 x 5 kg<br \/><\/span><\/li><li><span style=\"font-size: medium;\">Gewicht 9,75 kg<br \/><\/span><\/li><li><span style=\"font-size: medium;\">H\u00f6he x Breite x Tiefe 457 x 435 x 197 mm<br \/><\/span><\/li><li><span style=\"font-size: medium;\">Geh\u00e4usematerial Buche, ged\u00e4mpft, massiv<br \/><\/span><\/li><li><span style=\"font-size: medium;\">Oberfl\u00e4chenbehandlung Lein\u00f6lfirnis<br \/>Sichtfenster Glas, geschliffen <\/span><\/li><\/ul><\/div>","protected":false},"excerpt":{"rendered":"<p>&nbsp;\u00a0Der 3er-Getreidesilopa\u00dft ebenfalls gut in jede K\u00fcche.Hier erh\u00f6ht sich der optische Reiz durch die M\u00f6glichkeit, drei verschiedene Getreideartenmit der entsprechenden K\u00f6rnerf\u00e4rbung sichtbar zu lagern.Die Schiebefunktion erm\u00f6glicht die saubere Entnahme des Getreides.Technische Daten:Inhalt 3 x 5 kgGewicht 9,75 kgH\u00f6he x Breite x Tiefe 457 x 435 x 197 mmGeh\u00e4usematerial Buche, ged\u00e4mpft, massivOberfl\u00e4chenbehandlung Lein\u00f6lfirnisSichtfenster Glas, geschliffen<\/p>\n","protected":false},"featured_media":308,"template":"","meta":[],"product_brand":[],"product_cat":[162],"product_tag":[],"class_list":{"0":"post-1387","1":"product","2":"type-product","3":"status-publish","4":"has-post-thumbnail","6":"product_cat-getreidespeicher","7":"product_shipping_class-direkt-luba","9":"first","10":"instock","11":"taxable","12":"shipping-taxable","13":"purchasable","14":"product-type-simple"},"supplier_id":1283,"supplier_sku":"330-915","barcode":null,"atum_controlled":false,"out_stock_date":null,"out_stock_threshold":null,"inheritable":false,"inbound_stock":0,"stock_on_hold":0,"sold_today":0,"sales_last_days":1,"reserved_stock":null,"customer_returns":null,"warehouse_damage":null,"lost_in_post":null,"other_logs":null,"out_stock_days":0,"lost_sales":0,"has_location":false,"update_date":"2025-10-21T14:18:40","atum_locations":[],"atum_stock_status":"instock","restock_status":false,"low_stock_amount":"","sales_update_date":"2025-10-21T14:18:40","calc_backorders":null,"_links":{"self":[{"href":"https:\/\/wordpress.famberg.de\/index.php\/wp-json\/wp\/v2\/product\/1387","targetHints":{"allow":["GET"]}}],"collection":[{"href":"https:\/\/wordpress.famberg.de\/index.php\/wp-json\/wp\/v2\/product"}],"about":[{"href":"https:\/\/wordpress.famberg.de\/index.php\/wp-json\/wp\/v2\/types\/product"}],"wp:featuredmedia":[{"embeddable":true,"href":"https:\/\/wordpress.famberg.de\/index.php\/wp-json\/wp\/v2\/media\/308"}],"wp:attachment":[{"href":"https:\/\/wordpress.famberg.de\/index.php\/wp-json\/wp\/v2\/media?parent=1387"}],"wp:term":[{"taxonomy":"product_brand","embeddable":true,"href":"https:\/\/wordpress.famberg.de\/index.php\/wp-json\/wp\/v2\/product_brand?post=1387"},{"taxonomy":"product_cat","embeddable":true,"href":"https:\/\/wordpress.famberg.de\/index.php\/wp-json\/wp\/v2\/product_cat?post=1387"},{"taxonomy":"product_tag","embeddable":true,"href":"https:\/\/wordpress.famberg.de\/index.php\/wp-json\/wp\/v2\/product_tag?post=1387"}],"curies":[{"name":"wp","href":"https:\/\/api.w.org\/{rel}","templated":true}]}}