{"id":1386,"date":"2024-02-24T11:25:36","date_gmt":"2024-02-24T10:25:36","guid":{"rendered":"https:\/\/wordpress.famberg.de\/index.php\/produkt\/phoenix-der-hand-flocker-robuste-zahnraduebertragung-multiplex-buche\/"},"modified":"2024-10-24T13:53:11","modified_gmt":"2024-10-24T11:53:11","slug":"phoenix-der-hand-flocker-robuste-zahnraduebertragung-multiplex-buche","status":"publish","type":"product","link":"https:\/\/wordpress.famberg.de\/index.php\/produkt\/phoenix-der-hand-flocker-robuste-zahnraduebertragung-multiplex-buche\/","title":{"rendered":"Hawos Ph\u00f6nix der Hand Flocker robuste Zahnrad\u00fcbertragung Multiplex Buche"},"content":{"rendered":"<div><span style=\"color: #006600; font-size: medium;\"><b>\u00a0<\/b><\/span><\/div><div><span style=\"color: #006600; font-size: medium;\"><b>Der Hand-Flocker von hawos\u00a0<\/b><\/span><\/div><div><span style=\"font-size: medium;\">\u00a0<\/span><\/div><div><span style=\"font-size: medium;\">Frisch gepresste Flocken enthalten alle Vitamine und die wichtigsten Inhaltsstoffe des Getreides. Besonders f\u00fcr das M\u00fcsli zum Fr\u00fchst\u00fcck &#8211; z.B. mit Fr\u00fcchten und gemahlenen N\u00fcssen &#8211; empfiehlt sich das Pressen der Flocken aus dem vollen Korn.\u00a0<\/span><span style=\"font-size: medium;\">Die &#8222;inneren Werte&#8220; in hawos &#8211; Qualit\u00e4t!\u00a0<\/span><\/div><div><span style=\"font-size: medium;\">Kinder haben Spa\u00df daran, Flocken selbst zu &#8222;produzieren&#8220;. hawos Ph\u00f6nix \u00fcberzeugt durch formsch\u00f6nes, modernes Design und die robuste Zahnrad\u00fcbertragung. Der verst\u00e4rkte Holztrichter ist einfach abnehmbar. hawos Ph\u00f6nix ist geeignet f\u00fcr Hafer. Die Walzen sind kinderleicht zu reinigen. Der Walzenabstand ist stufenlos verstellbar, und durch die gro\u00dfe Standplatte und stabile Zwinge ist eine gute Standsicherheit gew\u00e4hrleistet. Leicht abnehmbare Kurbel. Inklusive Trichterdeckel!<\/span><\/div><div><span style=\"font-size: medium;\">\u00a0<\/span><\/div><div><span style=\"font-size: medium;\"><b>Produktmerkmale:<\/b><\/span><\/div><div><ul><li><span style=\"font-size: medium;\">Flockleistung 50 g\/Minute<br \/><\/span><\/li><li><span style=\"font-size: medium;\">Trichterf\u00fcllmenge ca. 170 g<br \/><\/span><\/li><li><span style=\"font-size: medium;\">Ma\u00dfe (H x B x T) 290 x 205 x 150 mm<br \/><\/span><\/li><li><span style=\"font-size: medium;\">Gewicht 2,7 kg<br \/><\/span><\/li><li><span style=\"font-size: medium;\">Unterstellh\u00f6he 14 cm<br \/><\/span><\/li><li><span style=\"font-size: medium;\">2 Stahlwalzen 50 mm \u00d8<br \/><\/span><\/li><li><span style=\"font-size: medium;\">Tischplattenst\u00e4rke (max) 5,5 cm<br \/><\/span><\/li><li><span style=\"font-size: medium;\">Flockgut: Hafer, Getreide, Mohn und Leinsamen<br \/><\/span><\/li><li><span style=\"font-size: medium;\">Kurbelradius\u00a0 18 cm<br \/><\/span><\/li><li><span style=\"font-size: medium;\">Material: Buche Vollholz<\/span><\/li><li><span style=\"font-size: medium;\">Garantie 2 Jahre\u00a0<\/span><\/li><\/ul><\/div><div><span style=\"font-size: medium;\">Durch die Herstellergarantie werden die gesetzlichen Rechte aus der Gew\u00e4hrleistung nicht eingeschr\u00e4nkt. Die Herstellergarantie wird von hawos Kornm\u00fchlen GmbH, Ober-Eschbacher-Stra\u00dfe 37, 61352 Bad Homburg getragen und gilt wenn nicht anders angegeben in Deutschland.\u00a0<\/span><\/div><div><span style=\"font-size: medium;\">\u00a0<\/span><\/div>","protected":false},"excerpt":{"rendered":"<p>\u00a0Der Hand-Flocker von hawos\u00a0\u00a0Frisch gepresste Flocken enthalten alle Vitamine und die wichtigsten Inhaltsstoffe des Getreides. Besonders f\u00fcr das M\u00fcsli zum Fr\u00fchst\u00fcck &#8211; z.B. mit Fr\u00fcchten und gemahlenen N\u00fcssen &#8211; empfiehlt sich das Pressen der Flocken aus dem vollen Korn.\u00a0Die &#8222;inneren Werte&#8220; in hawos &#8211; Qualit\u00e4t!\u00a0Kinder haben Spa\u00df daran, Flocken selbst zu &#8222;produzieren&#8220;. hawos Ph\u00f6nix \u00fcberzeugt [&hellip;]<\/p>\n","protected":false},"featured_media":305,"template":"","meta":[],"product_brand":[],"product_cat":[111],"product_tag":[],"class_list":{"0":"post-1386","1":"product","2":"type-product","3":"status-publish","4":"has-post-thumbnail","6":"product_cat-flocker","7":"product_shipping_class-direkt-luba","9":"first","10":"outofstock","11":"taxable","12":"shipping-taxable","13":"purchasable","14":"product-type-simple"},"supplier_id":1283,"supplier_sku":"550-001","barcode":null,"atum_controlled":true,"out_stock_date":null,"out_stock_threshold":null,"inheritable":false,"inbound_stock":0,"stock_on_hold":0,"sold_today":0,"sales_last_days":0,"reserved_stock":0,"customer_returns":0,"warehouse_damage":0,"lost_in_post":0,"other_logs":0,"out_stock_days":0,"lost_sales":0,"has_location":false,"update_date":"2024-10-24T11:53:11","atum_locations":[],"atum_stock_status":"outofstock","restock_status":false,"low_stock_amount":"","sales_update_date":"2024-10-23T14:02:45","calc_backorders":null,"_links":{"self":[{"href":"https:\/\/wordpress.famberg.de\/index.php\/wp-json\/wp\/v2\/product\/1386","targetHints":{"allow":["GET"]}}],"collection":[{"href":"https:\/\/wordpress.famberg.de\/index.php\/wp-json\/wp\/v2\/product"}],"about":[{"href":"https:\/\/wordpress.famberg.de\/index.php\/wp-json\/wp\/v2\/types\/product"}],"wp:featuredmedia":[{"embeddable":true,"href":"https:\/\/wordpress.famberg.de\/index.php\/wp-json\/wp\/v2\/media\/305"}],"wp:attachment":[{"href":"https:\/\/wordpress.famberg.de\/index.php\/wp-json\/wp\/v2\/media?parent=1386"}],"wp:term":[{"taxonomy":"product_brand","embeddable":true,"href":"https:\/\/wordpress.famberg.de\/index.php\/wp-json\/wp\/v2\/product_brand?post=1386"},{"taxonomy":"product_cat","embeddable":true,"href":"https:\/\/wordpress.famberg.de\/index.php\/wp-json\/wp\/v2\/product_cat?post=1386"},{"taxonomy":"product_tag","embeddable":true,"href":"https:\/\/wordpress.famberg.de\/index.php\/wp-json\/wp\/v2\/product_tag?post=1386"}],"curies":[{"name":"wp","href":"https:\/\/api.w.org\/{rel}","templated":true}]}}