{"id":1336,"date":"2024-02-24T11:24:25","date_gmt":"2024-02-24T10:24:25","guid":{"rendered":"https:\/\/wordpress.famberg.de\/index.php\/produkt\/steiniger-holzkohlegrill-jumbo-edelstahl-set-mit-windschutz-warmhalterost\/"},"modified":"2025-03-27T16:25:22","modified_gmt":"2025-03-27T15:25:22","slug":"steiniger-holzkohlegrill-jumbo-edelstahl-set-mit-windschutz-warmhalterost","status":"publish","type":"product","link":"https:\/\/wordpress.famberg.de\/index.php\/produkt\/steiniger-holzkohlegrill-jumbo-edelstahl-set-mit-windschutz-warmhalterost\/","title":{"rendered":"Steiniger Holzkohlegrill JUMBO Edelstahl SET mit Windschutz Warmhalterost"},"content":{"rendered":"<div><span style=\"font-family: Arial, Helvetica, sans-serif; font-size: medium;\"><b>Top Markenqualit\u00e4t VogtlandGrill <span style=\"color: #006600;\">JUMBO<\/span><br \/>Nie wieder Grillanz\u00fcnder! &#8211; Durchmesser 60 cm &#8211; Made in Germany<\/b><br \/><\/span><\/div><p><span style=\"color: #ff0000; font-family: Arial; font-size: medium;\"><strong>SET-Angebot: Grill Jumbo + Windschutz + Warmhalterost<\/strong><\/span><\/p><p><span style=\"font-family: Arial, Helvetica, sans-serif; font-size: medium;\">Hervorragende Heizleistung mit wirklich nur ganz wenig Holzkohle &#8211; versprochen!<\/span><\/p><p><span style=\"font-family: Arial, Helvetica, sans-serif; font-size: medium;\">Hier in diesem Angebot mit Sonderzubeh\u00f6r<br \/><\/span><\/p><ul><li><span style=\"font-family: Arial, Helvetica, sans-serif; font-size: medium;\">mit Windschutz mit Warmhalterost<\/span><\/li><\/ul><p><span style=\"font-family: Arial, Helvetica, sans-serif; font-size: medium;\">Falls Sie mal Ersatzteile f\u00fcr Ihren Vogtlandgrill brauchen, bekommen Sie diese auch bei uns. Hier kaufen Sie <strong>kein Wegwerfgrill!<\/strong><\/span><\/p><p><span style=\"font-family: Arial, Helvetica, sans-serif; font-size: medium;\">Der Multifunkionsgrill Vogtlandgrill aus dem Hause Steiniger ist ein umweltfreundlicher, sparsamer und nach dem neusten technischen Erkenntnissen zu <strong>100 % in Deutschland hergestellter Grill.<\/strong> Durch das umfangreiche Erweiterungsangebot, das nahezu allen Zubereitungsarten zul\u00e4sst, bleiben keine W\u00fcnsche mehr offen. Der gesamte Grill besteht aus<strong> lebensmittelechtem Edelstahl <\/strong>und die Grillauflage, zu besseren Reinigung, <strong>aus verchromten Stahl.<\/strong> Die ausgereifte Technologie, die optimale Funktionsweise und eine <strong>ideale Arbeitsh\u00f6he von 85 cm<\/strong> machen das Grillen mit dem Vogtlandgrill zur reinen Freude. Der Unterschied zwischen Vogtlandgrill CLASSIC und Vogtlandgrill RUNDO besteht in der Ausf\u00fchrung des Standfu\u00dfes. Zus\u00e4tzlich bieten wir zu beiden Modellen eine reichhaltige Palette an Erweiterungsm\u00f6glichkeiten an. <strong>Zum Anz\u00fcnden ben\u00f6tigen Sie nur eine doppelte Zeitungsseite<\/strong> (keine Illustrierte) und nach ca. 10 Minuten ist die Kohle durchgegl\u00fcht und der Grill bereit. Die ben\u00f6tigte Luftzufuhr l\u00e4sst sich stufenlos durch das Drehen des<strong> Luftregler <\/strong>einstellen.<\/span><\/p><p align=\"left\"><span style=\"font-family: Arial, Helvetica, sans-serif; font-size: medium;\"><strong>Vorteile des Vogtlandgrills im \u00dcberblick:<\/strong><\/span><\/p><ul><li><span style=\"font-family: Arial, Helvetica, sans-serif; font-size: medium;\">in <strong>15 Sekunden<\/strong> aufgebaut<\/span><\/li><li><span style=\"font-family: Arial, Helvetica, sans-serif; font-size: medium;\">Anz\u00fcnden ohne Chemie, nur mit 1 Doppelseite Zeitungspapier<\/span><\/li><li><span style=\"font-family: Arial, Helvetica, sans-serif; font-size: medium;\">sparsamer Holzkohleeinsatz, <strong>gro\u00dfe Grill-Leistung durchrunden konischen Grillk\u00f6rper<\/strong><\/span><\/li><li><span style=\"font-family: Arial, Helvetica, sans-serif; font-size: medium;\">leichte und wirksame Luftregulierung<\/span><\/li><li><span style=\"font-family: Arial, Helvetica, sans-serif; font-size: medium;\"><strong>funktioniert bei Windstille<\/strong><\/span><\/li><li><span style=\"font-family: Arial, Helvetica, sans-serif; font-size: medium;\">aus lebensmittelechtem Edelstahl, <strong>pflegeleicht<\/strong><\/span><\/li><li><span style=\"font-family: Arial, Helvetica, sans-serif; font-size: medium;\">zeitgem\u00e4\u00dfes Design, ergonomische H\u00f6he 850 mm<\/span><\/li><li><span style=\"font-family: Arial, Helvetica, sans-serif; font-size: medium;\">Durchmesser 600 mm<br \/><\/span><\/li><li><span style=\"font-size: medium;\"><strong><span style=\"font-family: Arial, Helvetica, sans-serif;\">kurze Demontagezeit<\/span><\/strong><\/span><\/li><li><span style=\"font-family: Arial, Helvetica, sans-serif; font-size: medium;\">wenig Platzbedarf bei Lagerung<\/span><\/li><\/ul>","protected":false},"excerpt":{"rendered":"<p>Top Markenqualit\u00e4t VogtlandGrill JUMBONie wieder Grillanz\u00fcnder! &#8211; Durchmesser 60 cm &#8211; Made in GermanySET-Angebot: Grill Jumbo + Windschutz + WarmhalterostHervorragende Heizleistung mit wirklich nur ganz wenig Holzkohle &#8211; versprochen!Hier in diesem Angebot mit Sonderzubeh\u00f6rmit Windschutz mit WarmhalterostFalls Sie mal Ersatzteile f\u00fcr Ihren Vogtlandgrill brauchen, bekommen Sie diese auch bei uns. Hier kaufen Sie kein Wegwerfgrill!Der [&hellip;]<\/p>\n","protected":false},"featured_media":298,"template":"","meta":[],"product_brand":[],"product_cat":[188],"product_tag":[],"class_list":{"0":"post-1336","1":"product","2":"type-product","3":"status-publish","4":"has-post-thumbnail","6":"product_cat-vogtlandgrill-gibs","7":"product_shipping_class-direkt-steininger","9":"first","10":"onbackorder","11":"taxable","12":"shipping-taxable","13":"purchasable","14":"product-type-simple"},"supplier_id":1302,"supplier_sku":"Grillju01","barcode":null,"atum_controlled":true,"out_stock_date":null,"out_stock_threshold":null,"inheritable":false,"inbound_stock":0,"stock_on_hold":0,"sold_today":0,"sales_last_days":1,"reserved_stock":0,"customer_returns":0,"warehouse_damage":0,"lost_in_post":0,"other_logs":0,"out_stock_days":0,"lost_sales":0,"has_location":false,"update_date":"2025-03-27T15:25:23","atum_locations":[],"atum_stock_status":"onbackorder","restock_status":false,"low_stock_amount":"","sales_update_date":"2025-03-27T15:22:37","calc_backorders":null,"_links":{"self":[{"href":"https:\/\/wordpress.famberg.de\/index.php\/wp-json\/wp\/v2\/product\/1336","targetHints":{"allow":["GET"]}}],"collection":[{"href":"https:\/\/wordpress.famberg.de\/index.php\/wp-json\/wp\/v2\/product"}],"about":[{"href":"https:\/\/wordpress.famberg.de\/index.php\/wp-json\/wp\/v2\/types\/product"}],"wp:featuredmedia":[{"embeddable":true,"href":"https:\/\/wordpress.famberg.de\/index.php\/wp-json\/wp\/v2\/media\/298"}],"wp:attachment":[{"href":"https:\/\/wordpress.famberg.de\/index.php\/wp-json\/wp\/v2\/media?parent=1336"}],"wp:term":[{"taxonomy":"product_brand","embeddable":true,"href":"https:\/\/wordpress.famberg.de\/index.php\/wp-json\/wp\/v2\/product_brand?post=1336"},{"taxonomy":"product_cat","embeddable":true,"href":"https:\/\/wordpress.famberg.de\/index.php\/wp-json\/wp\/v2\/product_cat?post=1336"},{"taxonomy":"product_tag","embeddable":true,"href":"https:\/\/wordpress.famberg.de\/index.php\/wp-json\/wp\/v2\/product_tag?post=1336"}],"curies":[{"name":"wp","href":"https:\/\/api.w.org\/{rel}","templated":true}]}}