{"id":1335,"date":"2024-02-24T11:24:24","date_gmt":"2024-02-24T10:24:24","guid":{"rendered":"https:\/\/wordpress.famberg.de\/index.php\/produkt\/vogtlandgrill-holzkohlegrill-rundo-set-windschutz-warmhalterost\/"},"modified":"2026-02-01T22:19:38","modified_gmt":"2026-02-01T21:19:38","slug":"vogtlandgrill-holzkohlegrill-rundo-set-windschutz-warmhalterost","status":"publish","type":"product","link":"https:\/\/wordpress.famberg.de\/index.php\/produkt\/vogtlandgrill-holzkohlegrill-rundo-set-windschutz-warmhalterost\/","title":{"rendered":"Steiniger Vogtlandgrill Holzkohlegrill RUNDO mit Warmhalterost und Windfang"},"content":{"rendered":"<div><span style=\"font-family: Arial, Helvetica, sans-serif; font-size: medium;\"><span style=\"font-family: Arial, Helvetica, sans-serif; font-size: medium;\"><b>Top Markenqualit\u00e4t VogtlandGril<span style=\"color: #006600;\">l RONDO mit Warmhalterost und Windfang<\/span><br \/>Nie wieder Grillanz\u00fcnder! &#8211; Durchmesser 43 cm &#8211; Made in Germany<\/b><\/span><\/span><\/div><p><span style=\"font-size: medium;\">\u00a0<\/span><\/p><p><span style=\"font-family: Arial, Helvetica, sans-serif; font-size: medium;\">Hervorragende Heizleistung mit wirklich nur ganz wenig Holzkohle &#8211; versprochen!<\/span><\/p><p><span style=\"font-family: Arial, Helvetica, sans-serif; font-size: medium;\">\u00a0<\/span><span style=\"font-family: Arial, Helvetica, sans-serif; font-size: medium;\">Falls Sie mal Ersatzteile f\u00fcr Ihren Vogtlandgrill brauchen, bekommen Sie diese auch bei uns. Hier kaufen Sie <strong>kein Wegwerfgrill!<\/strong><\/span><\/p><p><span style=\"font-size: medium;\">\u00a0<\/span><span style=\"font-family: Arial, Helvetica, sans-serif; font-size: medium;\">Der Multifunkionsgrill Vogtlandgrill aus dem Hause Steiniger ist ein umweltfreundlicher, sparsamer und nach dem neusten technischen Erkenntnissen zu <strong>100 % in Deutschland hergestellter Grill.<\/strong> Durch das umfangreiche Erweiterungsangebot, das nahezu allen Zubereitungsarten zul\u00e4sst, bleiben keine W\u00fcnsche mehr offen. Der gesamte Grill besteht aus<strong> lebensmittelechtem Edelstahl <\/strong>und die Grillauflage, zu besseren Reinigung, <strong>aus verchromten Stahl.<\/strong> Die ausgereifte Technologie, die optimale Funktionsweise und eine <strong>ideale Arbeitsh\u00f6he von 85 cm<\/strong> machen das Grillen mit dem Vogtlandgrill zur reinen Freude. Der<br \/><\/span><\/p><p><span style=\"font-family: Arial, Helvetica, sans-serif; font-size: medium;\">Unterschied zwischen Vogtlandgrill CLASSIC und Vogtlandgrill RUNDO besteht in der Ausf\u00fchrung des Standfu\u00dfes. Zus\u00e4tzlich bieten wir zu beiden Modellen eine reichhaltige Palette an Erweiterungsm\u00f6glichkeiten<br \/>an. <strong>Zum Anz\u00fcnden ben\u00f6tigen Sie nur eine doppelte Zeitungsseite<\/strong> (keine Illustrierte) und nach ca. 10 Minuten ist die Kohle durchgegl\u00fcht und der Grill bereit. Die ben\u00f6tigte Luftzufuhr l\u00e4sst sich stufenlos durch das Drehen des<strong> Luftregler <\/strong>einstellen.<\/span><span style=\"font-size: medium;\">\u00a0<\/span><\/p><p align=\"left\"><span style=\"font-family: Arial, Helvetica, sans-serif; font-size: medium;\"><strong>Vorteile des Vogtlandgrills im \u00dcberblick:<\/strong><\/span><\/p><ul><li><span style=\"font-family: Arial, Helvetica, sans-serif; font-size: medium;\">in <strong>15 Sekunden<\/strong> aufgebaut<\/span><\/li><li><span style=\"font-family: Arial, Helvetica, sans-serif; font-size: medium;\">Anz\u00fcnden ohne Chemie, nur mit 1 Doppelseite Zeitungspapier<\/span><\/li><li><span style=\"font-family: Arial, Helvetica, sans-serif; font-size: medium;\">sparsamer Holzkohleeinsatz, <strong>gro\u00dfe Grill-Leistung durchrunden konischen Grillk\u00f6rper<\/strong><\/span><\/li><li><span style=\"font-family: Arial, Helvetica, sans-serif; font-size: medium;\">leichte und wirksame Luftregulierung<\/span><\/li><li><span style=\"font-family: Arial, Helvetica, sans-serif; font-size: medium;\"><strong>funktioniert bei Windstille<\/strong><\/span><\/li><li><span style=\"font-family: Arial, Helvetica, sans-serif; font-size: medium;\">aus lebensmittelechtem Edelstahl, <strong>pflegeleicht<\/strong><\/span><\/li><li><span style=\"font-family: Arial, Helvetica, sans-serif; font-size: medium;\">zeitgem\u00e4\u00dfes Design, ergonomische H\u00f6he 850 mm<\/span><\/li><li><span style=\"font-family: Arial, Helvetica, sans-serif; font-size: medium;\">Durchmesser 430 mm<br \/><\/span><\/li><li><span style=\"font-size: medium;\"><strong><span style=\"font-family: Arial, Helvetica, sans-serif;\">kurze Demontagezeit<\/span><\/strong><\/span><\/li><li><span style=\"font-family: Arial, Helvetica, sans-serif; font-size: medium;\">wenig Platzbedarf bei Lagerung<\/span><\/li><\/ul>","protected":false},"excerpt":{"rendered":"<p>Top Markenqualit\u00e4t VogtlandGrill RONDO mit Warmhalterost und WindfangNie wieder Grillanz\u00fcnder! &#8211; Durchmesser 43 cm &#8211; Made in Germany\u00a0Hervorragende Heizleistung mit wirklich nur ganz wenig Holzkohle &#8211; versprochen!\u00a0Falls Sie mal Ersatzteile f\u00fcr Ihren Vogtlandgrill brauchen, bekommen Sie diese auch bei uns. Hier kaufen Sie kein Wegwerfgrill!\u00a0Der Multifunkionsgrill Vogtlandgrill aus dem Hause Steiniger ist ein umweltfreundlicher, sparsamer [&hellip;]<\/p>\n","protected":false},"featured_media":291,"template":"","meta":[],"product_brand":[],"product_cat":[188],"product_tag":[],"class_list":{"0":"post-1335","1":"product","2":"type-product","3":"status-publish","4":"has-post-thumbnail","6":"product_cat-vogtlandgrill-gibs","7":"product_shipping_class-direkt-steininger","8":"pa_betriebsart-holzkohle","9":"pa_durchmesser-43-cm","10":"pa_grillplattenmaterial-edelstahl","11":"pa_groesse-medium","12":"pa_herstellungsland-deutschland","13":"pa_zuendungsart-manuell","15":"first","16":"instock","17":"taxable","18":"shipping-taxable","19":"purchasable","20":"product-type-simple"},"supplier_id":1302,"supplier_sku":"Grillru01 Set","barcode":null,"atum_controlled":true,"out_stock_date":"2025-12-22 09:53:31","out_stock_threshold":null,"inheritable":false,"inbound_stock":0,"stock_on_hold":0,"sold_today":0,"sales_last_days":1,"reserved_stock":0,"customer_returns":0,"warehouse_damage":0,"lost_in_post":0,"other_logs":0,"out_stock_days":130,"lost_sales":0,"has_location":false,"update_date":"2026-05-02T00:06:31","atum_locations":[],"atum_stock_status":"instock","restock_status":false,"low_stock_amount":"","sales_update_date":"2026-05-02T00:06:31","calc_backorders":null,"_links":{"self":[{"href":"https:\/\/wordpress.famberg.de\/index.php\/wp-json\/wp\/v2\/product\/1335","targetHints":{"allow":["GET"]}}],"collection":[{"href":"https:\/\/wordpress.famberg.de\/index.php\/wp-json\/wp\/v2\/product"}],"about":[{"href":"https:\/\/wordpress.famberg.de\/index.php\/wp-json\/wp\/v2\/types\/product"}],"wp:featuredmedia":[{"embeddable":true,"href":"https:\/\/wordpress.famberg.de\/index.php\/wp-json\/wp\/v2\/media\/291"}],"wp:attachment":[{"href":"https:\/\/wordpress.famberg.de\/index.php\/wp-json\/wp\/v2\/media?parent=1335"}],"wp:term":[{"taxonomy":"product_brand","embeddable":true,"href":"https:\/\/wordpress.famberg.de\/index.php\/wp-json\/wp\/v2\/product_brand?post=1335"},{"taxonomy":"product_cat","embeddable":true,"href":"https:\/\/wordpress.famberg.de\/index.php\/wp-json\/wp\/v2\/product_cat?post=1335"},{"taxonomy":"product_tag","embeddable":true,"href":"https:\/\/wordpress.famberg.de\/index.php\/wp-json\/wp\/v2\/product_tag?post=1335"}],"curies":[{"name":"wp","href":"https:\/\/api.w.org\/{rel}","templated":true}]}}