{"id":1332,"date":"2024-02-24T11:24:20","date_gmt":"2024-02-24T10:24:20","guid":{"rendered":"https:\/\/wordpress.famberg.de\/index.php\/produkt\/doso-kaffeedosierer-kaffeeportionierer-test\/"},"modified":"2026-02-11T18:24:59","modified_gmt":"2026-02-11T17:24:59","slug":"doso-kaffeedosierer-kaffeeportionierer-test","status":"publish","type":"product","link":"https:\/\/wordpress.famberg.de\/index.php\/produkt\/doso-kaffeedosierer-kaffeeportionierer-test\/","title":{"rendered":"GSD Doso Kaffeedosierer Kaffeeportionierer"},"content":{"rendered":"<div><span style=\"color: #006600;\"><b><span style=\"font-size: medium;\"><span style=\"font-size: medium;\">Hier kaufen Sie <span style=\"color: #990000;\">kein<\/span> markenloses Ger\u00e4t, wo nur der Name Doso auf der Rechnung steht.<\/span><\/span><\/b><\/span><\/div><div><span style=\"font-size: medium;\"><span style=\"font-weight: normal;\"><b>\u00a0<\/b><\/span><\/span><\/div><div><span style=\"font-size: medium;\"><span style=\"font-weight: normal;\"><b>GSD<\/b> Kaffee Dosierer DOSO f\u00fcr die richtige Kaffeemenge.<br \/><\/span><\/span><\/div><p><span style=\"font-size: medium;\">Der Kaffeedosierer stellt immer die richtige Menge Kaffee zur Verf\u00fcgung.<\/span><\/p><p><span style=\"font-size: medium;\"><strong>Immer die richtigen Portionen f\u00fcr Ihren t\u00e4glichen Kaffeedurst! <\/strong><\/span><\/p><p><span style=\"font-size: medium;\">Ein<strong> praktischer<\/strong> und <strong>aromaerhaltener<\/strong> Vorratsbeh\u00e4lter f\u00fcr Ihren Filterkaffee. \u00dcberall verwendbar wo es Kaffee gibt. Kein umst\u00e4ndliches Abmessen mehr &#8230; einfach am Portionierer drehen und fertig.<\/span><span style=\"font-size: medium;\"><span style=\"font-weight: normal;\">Und so funktioniert der Kaffeespender Doso von GSD:<\/span><\/span><\/p><p><span style=\"font-size: medium;\">Sie k\u00f6nnen 500\u00a0g gemahlenen Kaffee in den Vorratsbeh\u00e4lter f\u00fcllen.\u00a0Den Deckel verschlie\u00dfen und das Aroma bleibt und verfliegt nicht.\u00a0Bedienung: Schieber \u00fcber dem Kaffeefilter hin und her bewegen. Einmal ist f\u00fcr eine Tasse Kaffee, Sie k\u00f6nnen so oft hin und her bewegen bis Sie Ihre gew\u00fcnschte Menge Kaffee\u00a0haben.\u00a0Einfach\u00a0direkt in den Filter sch\u00fctten, nichts geht mehr verloren, kein l\u00e4stiger Kaffee f\u00e4llt mehr daneben, bleibt einfach sauber und sieht auch noch gut aus.<\/span><\/p><p><span style=\"font-size: medium;\"><span style=\"font-weight: normal;\">Details des GSD Kaffeedosierer DOSO:<\/span><\/span><\/p><ul><li><span style=\"font-size: medium;\">Praktisches Ger\u00e4t, um Kaffee automatisch aufzubewahren und zu dosieren.<\/span><\/li><li><span style=\"font-size: medium;\">Gewicht: 340 g<\/span><\/li><li>Pro Vorgang gehen ca. 7,5 gr. gemahlenes Kaffeepulver durch die \u00d6ffnung<\/li><li><span style=\"font-size: medium;\">Farbe: transparent\/schwarz<b><br \/><\/b><\/span><\/li><li><span style=\"font-size: medium;\">Ma\u00dfe: Durchmesser ca. 12.5 cm und H\u00f6he ca. 19 cm<\/span><\/li><li><span style=\"font-size: medium;\">Made in Schweden<br \/><\/span><\/li><\/ul><div>Wir liefern den &#8222;Kaffeedosierer Doso&#8220; der Marke GSD Haushaltsger\u00e4te mit 2 Jahre Herstellergarantie, in Umverpackung und hergestellt in Schweden<\/div><div><b>GSD Haushaltsger\u00e4te gew\u00e4hrt eine freiwillige 2 Jahre Hersteller Bring-In-Garantie auf alle Fertigungs- und Materialfehler.<\/b><br \/>Durch die Herstellergarantie werden die gesetzlichen Rechte aus der Gew\u00e4hrleistung nicht eingeschr\u00e4nkt.\u00a0 Die Herstellergarantie wird von pegro GmbH, Augsburger Str 1 1\/2, 89312 G\u00fcnzburg in Deutschland getragen und gilt wenn nicht anders angegeben in Deutschland.<\/div>","protected":false},"excerpt":{"rendered":"<p>Hier kaufen Sie kein markenloses Ger\u00e4t, wo nur der Name Doso auf der Rechnung steht.\u00a0GSD Kaffee Dosierer DOSO f\u00fcr die richtige Kaffeemenge.Der Kaffeedosierer stellt immer die richtige Menge Kaffee zur Verf\u00fcgung.Immer die richtigen Portionen f\u00fcr Ihren t\u00e4glichen Kaffeedurst! Ein praktischer und aromaerhaltener Vorratsbeh\u00e4lter f\u00fcr Ihren Filterkaffee. \u00dcberall verwendbar wo es Kaffee gibt. Kein umst\u00e4ndliches Abmessen [&hellip;]<\/p>\n","protected":false},"featured_media":1895,"template":"","meta":[],"product_brand":[],"product_cat":[134],"product_tag":[],"class_list":{"0":"post-1332","1":"product","2":"type-product","3":"status-publish","4":"has-post-thumbnail","6":"product_cat-kuechengeraete","7":"product_shipping_class-paketversand","8":"pa_farbe-schwarz","9":"pa_form-rund","11":"first","12":"instock","13":"featured","14":"taxable","15":"shipping-taxable","16":"purchasable","17":"product-type-variable"},"supplier_id":1305,"supplier_sku":"80001","barcode":null,"atum_controlled":true,"out_stock_date":null,"out_stock_threshold":null,"inheritable":true,"inbound_stock":0,"stock_on_hold":0,"sold_today":0,"sales_last_days":4,"reserved_stock":0,"customer_returns":0,"warehouse_damage":0,"lost_in_post":0,"other_logs":0,"out_stock_days":0,"lost_sales":0,"has_location":false,"update_date":"2026-04-06T22:59:32","atum_locations":[],"atum_stock_status":"instock","restock_status":false,"low_stock_amount":"","sales_update_date":"2024-10-23T14:02:45","calc_backorders":null,"_links":{"self":[{"href":"https:\/\/wordpress.famberg.de\/index.php\/wp-json\/wp\/v2\/product\/1332","targetHints":{"allow":["GET"]}}],"collection":[{"href":"https:\/\/wordpress.famberg.de\/index.php\/wp-json\/wp\/v2\/product"}],"about":[{"href":"https:\/\/wordpress.famberg.de\/index.php\/wp-json\/wp\/v2\/types\/product"}],"wp:featuredmedia":[{"embeddable":true,"href":"https:\/\/wordpress.famberg.de\/index.php\/wp-json\/wp\/v2\/media\/1895"}],"wp:attachment":[{"href":"https:\/\/wordpress.famberg.de\/index.php\/wp-json\/wp\/v2\/media?parent=1332"}],"wp:term":[{"taxonomy":"product_brand","embeddable":true,"href":"https:\/\/wordpress.famberg.de\/index.php\/wp-json\/wp\/v2\/product_brand?post=1332"},{"taxonomy":"product_cat","embeddable":true,"href":"https:\/\/wordpress.famberg.de\/index.php\/wp-json\/wp\/v2\/product_cat?post=1332"},{"taxonomy":"product_tag","embeddable":true,"href":"https:\/\/wordpress.famberg.de\/index.php\/wp-json\/wp\/v2\/product_tag?post=1332"}],"curies":[{"name":"wp","href":"https:\/\/api.w.org\/{rel}","templated":true}]}}