{"id":1326,"date":"2024-02-24T11:24:12","date_gmt":"2024-02-24T10:24:12","guid":{"rendered":"https:\/\/wordpress.famberg.de\/index.php\/produkt\/nudeltrockner-pastatrockner-nudelstaender-buchenholz-30-x-30\/"},"modified":"2024-10-24T13:53:12","modified_gmt":"2024-10-24T11:53:12","slug":"nudeltrockner-pastatrockner-nudelstaender-buchenholz-30-x-30","status":"publish","type":"product","link":"https:\/\/wordpress.famberg.de\/index.php\/produkt\/nudeltrockner-pastatrockner-nudelstaender-buchenholz-30-x-30\/","title":{"rendered":"Imperia Nudeltrockner Pastatrockner Nudelst\u00e4nder Buchenholz 30 x 30"},"content":{"rendered":"<div><p><span style=\"font-size: medium;\"><strong>Mit diesem Imperia Nudelst\u00e4nder trocknen sie Ihre mit der Nudelmaschine selbstgemachten Nudeln in ausgezeichneter Qualit\u00e4t.<\/strong><\/span><\/p><p>Der St\u00e4nder passt in jeden K\u00fcchenschrank und ist ein Muss f\u00fcr jeden Fan von selbstgemachten Nudeln. Durch das unbehandelte Buchenholz ist der Nudeltrockner hygienisch unbedenklich und leicht zu reinigen.<\/p><p><strong style=\"color: #008000;\">Einfach und bequem Ihre frischen selbstgemachten Nudeln trocknen:\u00a0 Die Nudeln direkt von der Nudelmaschine auf die Arme des Trockners, trocknen lassen und einfach genie\u00dfen. Ein bequemer und leckerer Spa\u00df f\u00fcr die ganze Familie<\/strong><\/p><p>Holder for fresh pasta<\/p><\/div><ul><li><span style=\"font-size: medium;\">zum Trocknen von frisch geschnittenen Nudeln.<\/span><\/li><li><span style=\"font-size: medium;\">Ma\u00dfe: 30 x 30 x 32<br \/><\/span><\/li><li><span style=\"font-size: medium;\">Gewicht: 730 g <\/span><\/li><\/ul><p><span style=\"color: #ffffff;\">GSD Imperia<\/span><\/p>","protected":false},"excerpt":{"rendered":"<p>Mit diesem Imperia Nudelst\u00e4nder trocknen sie Ihre mit der Nudelmaschine selbstgemachten Nudeln in ausgezeichneter Qualit\u00e4t.Der St\u00e4nder passt in jeden K\u00fcchenschrank und ist ein Muss f\u00fcr jeden Fan von selbstgemachten Nudeln. Durch das unbehandelte Buchenholz ist der Nudeltrockner hygienisch unbedenklich und leicht zu reinigen.Einfach und bequem Ihre frischen selbstgemachten Nudeln trocknen:\u00a0 Die Nudeln direkt von der [&hellip;]<\/p>\n","protected":false},"featured_media":276,"template":"","meta":[],"product_brand":[],"product_cat":[133],"product_tag":[],"class_list":{"0":"post-1326","1":"product","2":"type-product","3":"status-publish","4":"has-post-thumbnail","6":"product_cat-kuechenhelfer","7":"product_shipping_class-gsd-direkt","9":"first","10":"instock","11":"taxable","12":"shipping-taxable","13":"purchasable","14":"product-type-simple"},"supplier_id":1305,"supplier_sku":"20616","barcode":null,"atum_controlled":true,"out_stock_date":null,"out_stock_threshold":null,"inheritable":false,"inbound_stock":0,"stock_on_hold":0,"sold_today":0,"sales_last_days":0,"reserved_stock":0,"customer_returns":0,"warehouse_damage":0,"lost_in_post":0,"other_logs":0,"out_stock_days":0,"lost_sales":0,"has_location":false,"update_date":"2024-10-24T11:53:12","atum_locations":[],"atum_stock_status":"instock","restock_status":false,"low_stock_amount":"","sales_update_date":"2024-10-23T14:02:45","calc_backorders":null,"_links":{"self":[{"href":"https:\/\/wordpress.famberg.de\/index.php\/wp-json\/wp\/v2\/product\/1326","targetHints":{"allow":["GET"]}}],"collection":[{"href":"https:\/\/wordpress.famberg.de\/index.php\/wp-json\/wp\/v2\/product"}],"about":[{"href":"https:\/\/wordpress.famberg.de\/index.php\/wp-json\/wp\/v2\/types\/product"}],"wp:featuredmedia":[{"embeddable":true,"href":"https:\/\/wordpress.famberg.de\/index.php\/wp-json\/wp\/v2\/media\/276"}],"wp:attachment":[{"href":"https:\/\/wordpress.famberg.de\/index.php\/wp-json\/wp\/v2\/media?parent=1326"}],"wp:term":[{"taxonomy":"product_brand","embeddable":true,"href":"https:\/\/wordpress.famberg.de\/index.php\/wp-json\/wp\/v2\/product_brand?post=1326"},{"taxonomy":"product_cat","embeddable":true,"href":"https:\/\/wordpress.famberg.de\/index.php\/wp-json\/wp\/v2\/product_cat?post=1326"},{"taxonomy":"product_tag","embeddable":true,"href":"https:\/\/wordpress.famberg.de\/index.php\/wp-json\/wp\/v2\/product_tag?post=1326"}],"curies":[{"name":"wp","href":"https:\/\/api.w.org\/{rel}","templated":true}]}}