{"id":1325,"date":"2024-02-24T11:24:10","date_gmt":"2024-02-24T10:24:10","guid":{"rendered":"https:\/\/wordpress.famberg.de\/index.php\/produkt\/aufsatz-vorsatz-ravioli-fuer-nudelmaschine-imperia-titania-pasta-presto\/"},"modified":"2024-12-02T10:57:11","modified_gmt":"2024-12-02T09:57:11","slug":"aufsatz-vorsatz-ravioli-fuer-nudelmaschine-imperia-titania-pasta-presto","status":"publish","type":"product","link":"https:\/\/wordpress.famberg.de\/index.php\/produkt\/aufsatz-vorsatz-ravioli-fuer-nudelmaschine-imperia-titania-pasta-presto\/","title":{"rendered":"Aufsatz Vorsatz Ravioli f\u00fcr Nudelmaschine Imperia Titania  Pasta Presto"},"content":{"rendered":"<p><span style=\"font-size: medium;\"><strong>Attachment Ravioli (without base)<br \/><\/strong><\/span><\/p><p><span style=\"font-size: medium;\"><strong>Aufsatz Vorsatz Ravioli f\u00fcr Nudelmaschinen<br \/><\/strong><\/span><\/p><p><span style=\"font-size: medium;\"><strong>\u00a0<\/strong><\/span><\/p><p><span style=\"font-size: medium;\">Selbst gemachte Ravioli schmecken einfach besser, nicht vergleichbar mit dem Geschmack aus der Dose. Ravioli ist ein sehr wandlungsf\u00e4higes Gericht ob mit exotischer oder klassicher F\u00fchllung. Mit diesem Ravioli Maker k\u00f6nnen Sie Ihre Nudelmaschine erweitern und super einfach leckere Ravioli selbst machen.<\/span><\/p><p>Der Vorsatz pa\u00dft an alle Nudelmaschinen:<br \/>Imperia von GSD 20600<br \/>PastaPresto GSD 20650<br \/>Pasta Italia GSD 20615<\/p><p><span style=\"font-size: medium;\">Titania GSD 20609<br \/><\/span><\/p><p><span style=\"font-size: medium;\">\u00a0<\/span><\/p><ul><li><span style=\"font-size: medium;\">Ma\u00dfe: 15 x 13.5 x 11,5 cm<\/span><\/li><li><span style=\"font-size: medium;\">Gewicht: 1,57 kg <\/span><\/li><\/ul>","protected":false},"excerpt":{"rendered":"<p>Attachment Ravioli (without base)Aufsatz Vorsatz Ravioli f\u00fcr Nudelmaschinen\u00a0Selbst gemachte Ravioli schmecken einfach besser, nicht vergleichbar mit dem Geschmack aus der Dose. Ravioli ist ein sehr wandlungsf\u00e4higes Gericht ob mit exotischer oder klassicher F\u00fchllung. Mit diesem Ravioli Maker k\u00f6nnen Sie Ihre Nudelmaschine erweitern und super einfach leckere Ravioli selbst machen.Der Vorsatz pa\u00dft an alle Nudelmaschinen:Imperia von [&hellip;]<\/p>\n","protected":false},"featured_media":220,"template":"","meta":[],"product_brand":[],"product_cat":[167],"product_tag":[],"class_list":{"0":"post-1325","1":"product","2":"type-product","3":"status-publish","4":"has-post-thumbnail","6":"product_cat-kuechengeraete-zubehoer","7":"product_shipping_class-gsd-direkt","9":"first","10":"instock","11":"taxable","12":"shipping-taxable","13":"purchasable","14":"product-type-simple"},"supplier_id":1305,"supplier_sku":"20602","barcode":null,"atum_controlled":true,"out_stock_date":null,"out_stock_threshold":null,"inheritable":false,"inbound_stock":0,"stock_on_hold":0,"sold_today":0,"sales_last_days":0,"reserved_stock":0,"customer_returns":0,"warehouse_damage":0,"lost_in_post":0,"other_logs":0,"out_stock_days":0,"lost_sales":0,"has_location":false,"update_date":"2025-09-25T02:58:55","atum_locations":[],"atum_stock_status":"instock","restock_status":false,"low_stock_amount":"","sales_update_date":"2025-09-25T02:58:55","calc_backorders":null,"_links":{"self":[{"href":"https:\/\/wordpress.famberg.de\/index.php\/wp-json\/wp\/v2\/product\/1325","targetHints":{"allow":["GET"]}}],"collection":[{"href":"https:\/\/wordpress.famberg.de\/index.php\/wp-json\/wp\/v2\/product"}],"about":[{"href":"https:\/\/wordpress.famberg.de\/index.php\/wp-json\/wp\/v2\/types\/product"}],"wp:featuredmedia":[{"embeddable":true,"href":"https:\/\/wordpress.famberg.de\/index.php\/wp-json\/wp\/v2\/media\/220"}],"wp:attachment":[{"href":"https:\/\/wordpress.famberg.de\/index.php\/wp-json\/wp\/v2\/media?parent=1325"}],"wp:term":[{"taxonomy":"product_brand","embeddable":true,"href":"https:\/\/wordpress.famberg.de\/index.php\/wp-json\/wp\/v2\/product_brand?post=1325"},{"taxonomy":"product_cat","embeddable":true,"href":"https:\/\/wordpress.famberg.de\/index.php\/wp-json\/wp\/v2\/product_cat?post=1325"},{"taxonomy":"product_tag","embeddable":true,"href":"https:\/\/wordpress.famberg.de\/index.php\/wp-json\/wp\/v2\/product_tag?post=1325"}],"curies":[{"name":"wp","href":"https:\/\/api.w.org\/{rel}","templated":true}]}}