{"id":1312,"date":"2024-02-24T11:23:51","date_gmt":"2024-02-24T10:23:51","guid":{"rendered":"https:\/\/wordpress.famberg.de\/index.php\/produkt\/getreidemuehle-novum-testsieger-in-6-farben-fuer-moderne-kuechen\/"},"modified":"2025-12-19T03:49:28","modified_gmt":"2025-12-19T02:49:28","slug":"getreidemuehle-novum-testsieger-in-6-farben-fuer-moderne-kuechen","status":"publish","type":"product","link":"https:\/\/wordpress.famberg.de\/index.php\/produkt\/getreidemuehle-novum-testsieger-in-6-farben-fuer-moderne-kuechen\/","title":{"rendered":"Hawos Getreidem\u00fchle Novum Testsieger in 6 Farben f\u00fcr moderne K\u00fcchen"},"content":{"rendered":"<div><span style=\"font-size: medium;\"><b><span style=\"color: #006600;\">Hawos Getreidem\u00fchle Novum<\/span><\/b><br \/><\/span><\/div><p><span style=\"font-size: medium;\">\u00a0<\/span><span style=\"font-size: medium;\">\u00a0<\/span><\/p><div><span style=\"font-size: medium;\"><span style=\"font-size: medium;\">Feines und flockiges Mehl mahlt diese Getreidem\u00fchle m\u00fchelos. <\/span>Bew\u00e4hrt in der Technik und ausgefallen im neuen Design. Die eigenst\u00e4ndige Form und verschiedenen Farbkombinationen machen die Novum unverwechselbar. Das schlagfeste Kunststoffgeh\u00e4use ist sehr robust und f\u00fcr den t\u00e4glichen Einsatz in der K\u00fcche konstruiert. Herausragend ist die originelle Bauart. Die gew\u00f6lbte Form f\u00fcgt sich optimal in das Design moderner K\u00fcchen ein. Sowohl Form- als auch Farbgebung schaffen die gelungene Verbindung von Technik und Design.<br \/><\/span><span style=\"font-size: medium;\"><strong>Die Sch\u00fcssel geh\u00f6rt in der passenden Farbe zum Lieferumfang ihrer Getreidem\u00fchle. <\/strong><b>Alle Hawos Getreidem\u00fchlen sind auch glutenfrei eingemahlen lieferbar.<\/b><\/span><span style=\"color: #000000;\">Hohe Leistung f\u00fcr den anspruchsvollen Haushalt<\/span><span style=\"font-size: medium;\"><br \/>hawos Novum ist mit der bew\u00e4hrten hawos M\u00fchlentechnik ausgestattet.<\/span><span style=\"font-size: medium;\"> Der Motor mit dem 230-Volt-Anschluss leistet 360 Watt- das ist Kraft f\u00fcr intensiven Dauereinsatz.<\/span>Mahlwerk<span style=\"font-size: medium;\"><br \/>Das pr\u00e4zise Mahlergebnis verdanken alle hawos-M\u00fchlen den extrem harten Spezialsteinen. Im Mahlwerk arbeiten extra-gro\u00dfe Korund-Keramiksteine mit 100 mm \u00d8. Das Mahlwerk ist hochelastisch gelagert und arbeitet daher angenehm leise.<\/span><span style=\"font-size: medium;\"> hawos bew\u00e4hrte Mahltechnik erlaubt stets die gew\u00fcnschte Mehlfeinheit. Alle hawos-M\u00fchlen haben den gleichen hohen Qualit\u00e4tsstandard.<\/span>Motor<span style=\"font-size: medium;\"><br \/>Der robuste Industriemotor und die Sicherheitsschalter f\u00fcr hohe Leistung sind ausgew\u00e4hlt hochwertige Elektrobauteile mit hohen Sicherheitsstandards. Die niedrige Erw\u00e4rmung beim Mahlen schont das Mahlgut; Vitalstoffe bleiben erhalten und werden nicht &#8222;verheizt&#8220;.<\/span>Mahlleistung<span style=\"font-size: medium;\"><br \/>Die Mahlleistung kann sich sehen lassen: 125 g feines Mehl je Minute mahlt hawos Novum f\u00fcr Ihren Bedarf.<\/span><span style=\"font-size: medium;\"> Die Mahlmenge steigert sich, je nachdem, wie grob gemahlen wird. Bei der gr\u00f6bsten Einstellung erh\u00f6ht sich die Mahlleistung auf etwa 300 bis 350 g\/min.<\/span><span style=\"font-size: medium;\"><br \/>Diese Mahlleistung ist bei Weizen mit 13 % Wassergehalt gemessen. Andere Getreidearten bringen leicht ver\u00e4nderte Mehl- bzw. Schrotmengen.<\/span><span style=\"font-size: medium;\"><strong>Modultechnik<\/strong><\/span><span style=\"font-size: medium;\"><br \/>hawos Novum besteht aus nur wenigen Teilen. Die modulare Bauweise erlaubt einfaches Zerlegen und Zusammenbauen &#8211; ohne Spezialwerkzeug (z. B. f\u00fcr die gr\u00fcndliche Reinigung).<\/span>Kindersicherung integriert<span style=\"font-size: medium;\"><br \/>Versehentliches Einschalten bei abgenommenem Trichter ist bei hawos Novum unm\u00f6glich.<\/span>Geh\u00e4use aus schlagfestem Kunststoff<span style=\"font-size: medium;\"><br \/>hawos Novum ist f\u00fcr den t\u00e4glichen Gebrauch konstruiert. Dabei ist das Geh\u00e4use aus schlagfestem Kunststoff der ideale Werkstoff f\u00fcr eine robuste M\u00fchle mit langer Lebensdauer. Die angeraute Oberfl\u00e4che ist besonders leicht zu reinigen. Die Farben f\u00fcgen sich harmonisch in die moderne K\u00fcche ein.<\/span>Immer sehen, was Sache ist<span style=\"font-size: medium;\"><br \/>hawos Novum hat einige spezielle Besonderheiten, durch die sie sich von allen anderen Getreidem\u00fchlen abhebt. Beispielsweise steht die Novum auf 5 F\u00fc\u00dfen, wie man es von B\u00fcrost\u00fchlen aus Sicherheitsgr\u00fcnden kennt. Die Menge des Getreides im Trichter l\u00e4sst sich \u00fcberwachen, ohne den Trichterdeckel zu entfernen.<\/span><span style=\"font-size: medium;\"> W\u00e4hrend des Mahlvorganges kann man nun die Menge des Getreides im Trichter beobachten.<\/span>Ohne Tests geht nichts raus!<span style=\"font-size: medium;\"><br \/>Die Novum wird wie jede Getreidem\u00fchle von hawos optisch, akustisch und technisch auf ihre Leistung \u00fcberpr\u00fcft.<\/span><span style=\"font-size: medium;\"> Zur Endkontrolle geh\u00f6rt die Einstellung des Mahlwerks. Dabei wird Weizen vermahlen, und das Ergebnis erreicht bei hawos ca. 90% Feinmehl.<\/span><span style=\"font-size: medium;\"> Mindestens 90 % (sehr fein) des Mahlgutes fallen also bei hawos durch ein Laborsieb mit einer Maschenweite von 0,3 mm. Nur dann stimmen Mahlwerk und Einstellung.<\/span>Technische Details:<\/div><p><span style=\"font-size: medium;\">\u00a0<\/span><\/p><ul><li><span style=\"font-size: medium;\">Mahlleistung fein 125 g\/Minute<\/span><\/li><li><span style=\"font-size: medium;\">Trichterf\u00fcllmenge ca. 600 g<\/span><\/li><li><span style=\"font-size: medium;\">H\u00f6he 380 mm \/ \u00d8 200 mm<\/span><\/li><li><span style=\"font-size: medium;\">Gewicht ca. 7,1 Kg<\/span><\/li><li><span style=\"font-size: medium;\">Unterstellh\u00f6he f\u00fcr Sch\u00fcssel 16 cm (Kunststoffsch\u00fcssel ist im Lieferumfang enthalten) <\/span><\/li><li><span style=\"font-size: medium;\">Steinmahlwerk Korund in Keramik (100 mm \u00d8)<\/span><\/li><li><span style=\"font-size: medium;\">Mahlwerkslagerung elastische Lagerung, daher sehr leises Mahlen<\/span><\/li><li><span style=\"font-size: medium;\">Mahlraum lebensmittelechter Kunststoff<\/span><\/li><li><span style=\"font-size: medium;\">Motor (Stromaufnahme) 360 Watt \/ 230 Volt \/ ~ 50 Hz Industriemotor<\/span><\/li><li><span style=\"font-size: medium;\">durchschnittlicher Verbrauch beim Mahlen von Weizen 230 Watt<\/span><\/li><li><span style=\"font-size: medium;\">Lautst\u00e4rke ca. 70 dB, Schalter mit Motorschutzfunktion, zweipolig<\/span><\/li><\/ul><p><span style=\"font-size: medium;\">Hawos kennt seine Qualit\u00e4t, daher gibt Hawos auf alle Getreidem\u00fchlen bei Nutzung im privaten Haushalt 10 Jahre Garantie. Sollte in dieser Zeit ein Defekt auftreten, der ohne Fremdeinwirkung entstanden ist, wird das Produkt kostenfrei repariert. Bei gewerblicher Nutzung verringert sich die Garantie auf 2 Jahre. Durch die Herstellergarantie werden die gesetzlichen Rechte aus der Gew\u00e4hrleistung nicht eingeschr\u00e4nkt. Die Herstellergarantie wird von LUBA GmbH, Ober-Eschbacher Stra\u00dfe 37, 61352 Bad Homburg, Deutschland getragen und gilt wenn nicht anders angegeben in Deutschland. Alle n\u00e4heren Informationen liegen ausf\u00fchrlich Ihrem Ger\u00e4t bei.<br \/>Der Garantiegeber ist: hawos Kornm\u00fchlen GmbH, Massenheimer Weg 25, 61352 Bad Homburg, Deutschland<br \/><\/span><\/p>","protected":false},"excerpt":{"rendered":"<p>Hawos Getreidem\u00fchle Novum\u00a0\u00a0Feines und flockiges Mehl mahlt diese Getreidem\u00fchle m\u00fchelos. Bew\u00e4hrt in der Technik und ausgefallen im neuen Design. Die eigenst\u00e4ndige Form und verschiedenen Farbkombinationen machen die Novum unverwechselbar. Das schlagfeste Kunststoffgeh\u00e4use ist sehr robust und f\u00fcr den t\u00e4glichen Einsatz in der K\u00fcche konstruiert. Herausragend ist die originelle Bauart. Die gew\u00f6lbte Form f\u00fcgt sich optimal [&hellip;]<\/p>\n","protected":false},"featured_media":863,"template":"","meta":[],"product_brand":[],"product_cat":[107],"product_tag":[],"class_list":{"0":"post-1312","1":"product","2":"type-product","3":"status-publish","4":"has-post-thumbnail","6":"product_cat-eletrische-getreidemuehlen","7":"product_shipping_class-direkt-luba","8":"pa_farbe-rot-weiss","9":"pa_farbe-blau-weiss","10":"pa_farbe-orange-weiss","11":"pa_farbe-gruen-weiss","12":"pa_farbe-lila-weiss","13":"pa_farbe-weiss","14":"pa_lautstaerke-70-db","15":"pa_mahlleistung-fein-125-g-min","17":"first","18":"instock","19":"taxable","20":"shipping-taxable","21":"purchasable","22":"product-type-variable"},"supplier_id":null,"supplier_sku":"","barcode":null,"atum_controlled":true,"out_stock_date":null,"out_stock_threshold":null,"inheritable":true,"inbound_stock":0,"stock_on_hold":0,"sold_today":1,"sales_last_days":3,"reserved_stock":null,"customer_returns":null,"warehouse_damage":null,"lost_in_post":null,"other_logs":null,"out_stock_days":0,"lost_sales":0,"has_location":false,"update_date":"2025-12-19T02:49:33","atum_locations":[],"atum_stock_status":"instock","restock_status":false,"low_stock_amount":"","sales_update_date":"2024-09-24T09:53:08","calc_backorders":null,"_links":{"self":[{"href":"https:\/\/wordpress.famberg.de\/index.php\/wp-json\/wp\/v2\/product\/1312","targetHints":{"allow":["GET"]}}],"collection":[{"href":"https:\/\/wordpress.famberg.de\/index.php\/wp-json\/wp\/v2\/product"}],"about":[{"href":"https:\/\/wordpress.famberg.de\/index.php\/wp-json\/wp\/v2\/types\/product"}],"wp:featuredmedia":[{"embeddable":true,"href":"https:\/\/wordpress.famberg.de\/index.php\/wp-json\/wp\/v2\/media\/863"}],"wp:attachment":[{"href":"https:\/\/wordpress.famberg.de\/index.php\/wp-json\/wp\/v2\/media?parent=1312"}],"wp:term":[{"taxonomy":"product_brand","embeddable":true,"href":"https:\/\/wordpress.famberg.de\/index.php\/wp-json\/wp\/v2\/product_brand?post=1312"},{"taxonomy":"product_cat","embeddable":true,"href":"https:\/\/wordpress.famberg.de\/index.php\/wp-json\/wp\/v2\/product_cat?post=1312"},{"taxonomy":"product_tag","embeddable":true,"href":"https:\/\/wordpress.famberg.de\/index.php\/wp-json\/wp\/v2\/product_tag?post=1312"}],"curies":[{"name":"wp","href":"https:\/\/api.w.org\/{rel}","templated":true}]}}