{"id":1311,"date":"2024-02-24T11:23:50","date_gmt":"2024-02-24T10:23:50","guid":{"rendered":"https:\/\/wordpress.famberg.de\/index.php\/produkt\/pastamaker-selbstgemachte-nudeln-ravioli-maultaschen-calzone-5er-set\/"},"modified":"2024-10-07T13:00:02","modified_gmt":"2024-10-07T11:00:02","slug":"pastamaker-selbstgemachte-nudeln-ravioli-maultaschen-calzone-5er-set","status":"publish","type":"product","link":"https:\/\/wordpress.famberg.de\/index.php\/produkt\/pastamaker-selbstgemachte-nudeln-ravioli-maultaschen-calzone-5er-set\/","title":{"rendered":"GSD Pastamaker selbstgemachte Nudeln Ravioli Maultaschen Calzone 5er Set"},"content":{"rendered":"<div><strong>Das Pastamaker-Set &#8211; Z<span style=\"font-family: Arial;\">um einfachen Formen von selbstgemachten Ravioli, Maultaschen und Calzone &#8211; einfach lecker.<\/span><\/strong><\/div><div><strong>\u00a0<\/strong><\/div><div>Begeistern sie Ihre G\u00e4ste doch mal mit kreativen Kochideen. Genie\u00dfen Sie selbstgemachte Pasta, so frisch wie im Restaurant. Mit diesem Pastamaker-Set k\u00f6nnen Sie nach Belieben Ihre eigenen Kreationen zubereiten. Einfach den Pastateig mit der Aussenseite der Teigformer ausstechen und in den Teigformer legen. Dann k\u00f6nnen Sie den Teig nach Ihren W\u00fcnschen mit Gem\u00fcse, Fleisch oder K\u00e4se bef\u00fcllen. Zum Schluss nurnoch den Teigformer zusammenklappen, leicht andr\u00fccken &amp; wieder \u00f6ffnen &#8211; fertig sind Ihre selbstgemachten Ravioli, Maultaschen oder sogar knusprige chinesische Teigtaschen!<\/p><p>Dieses Set setzt ihrer Kreativit\u00e4t und Kochkunst keine Grenzen!<\/p><p><strong>Pastamaker-Set (5 pieces)<br \/><\/strong><\/div><ul><li>Teigformer-Set in 5 verschiedenen Gr\u00f6\u00dfen f\u00fcr allerlei Teigwarenspezialit\u00e4ten, wie Ravioli. Maultaschen, Suppeneinlagen usw. &#8211; gro\u00dfe Form f\u00fcr Pizza &#8222;Calzone&#8220;<\/li><li>Ma\u00dfe:\u00a0Durchmesser: 17,5 cm,\u00a0 12 cm,\u00a0 10 cm,\u00a0 8,5 cm,\u00a0 6 cm<\/li><li>Gewicht: 220 g<\/li><li>Hinweis: Die Warensendung wird in der Originalverpackung verschickt.<\/li><\/ul>","protected":false},"excerpt":{"rendered":"<p>Das Pastamaker-Set &#8211; Zum einfachen Formen von selbstgemachten Ravioli, Maultaschen und Calzone &#8211; einfach lecker.\u00a0Begeistern sie Ihre G\u00e4ste doch mal mit kreativen Kochideen. Genie\u00dfen Sie selbstgemachte Pasta, so frisch wie im Restaurant. Mit diesem Pastamaker-Set k\u00f6nnen Sie nach Belieben Ihre eigenen Kreationen zubereiten. Einfach den Pastateig mit der Aussenseite der Teigformer ausstechen und in den [&hellip;]<\/p>\n","protected":false},"featured_media":273,"template":"","meta":[],"product_brand":[],"product_cat":[133],"product_tag":[],"class_list":{"0":"post-1311","1":"product","2":"type-product","3":"status-publish","4":"has-post-thumbnail","6":"product_cat-kuechenhelfer","7":"product_shipping_class-gsd-direkt","9":"first","10":"instock","11":"taxable","12":"shipping-taxable","13":"purchasable","14":"product-type-simple"},"supplier_id":1305,"supplier_sku":"29000","barcode":null,"atum_controlled":false,"out_stock_date":null,"out_stock_threshold":null,"inheritable":false,"inbound_stock":null,"stock_on_hold":0,"sold_today":0,"sales_last_days":0,"reserved_stock":null,"customer_returns":null,"warehouse_damage":null,"lost_in_post":null,"other_logs":null,"out_stock_days":0,"lost_sales":0,"has_location":false,"update_date":"2024-10-07T11:00:15","atum_locations":[],"atum_stock_status":"instock","restock_status":false,"low_stock_amount":"","sales_update_date":"2024-09-24T09:53:09","calc_backorders":null,"_links":{"self":[{"href":"https:\/\/wordpress.famberg.de\/index.php\/wp-json\/wp\/v2\/product\/1311","targetHints":{"allow":["GET"]}}],"collection":[{"href":"https:\/\/wordpress.famberg.de\/index.php\/wp-json\/wp\/v2\/product"}],"about":[{"href":"https:\/\/wordpress.famberg.de\/index.php\/wp-json\/wp\/v2\/types\/product"}],"wp:featuredmedia":[{"embeddable":true,"href":"https:\/\/wordpress.famberg.de\/index.php\/wp-json\/wp\/v2\/media\/273"}],"wp:attachment":[{"href":"https:\/\/wordpress.famberg.de\/index.php\/wp-json\/wp\/v2\/media?parent=1311"}],"wp:term":[{"taxonomy":"product_brand","embeddable":true,"href":"https:\/\/wordpress.famberg.de\/index.php\/wp-json\/wp\/v2\/product_brand?post=1311"},{"taxonomy":"product_cat","embeddable":true,"href":"https:\/\/wordpress.famberg.de\/index.php\/wp-json\/wp\/v2\/product_cat?post=1311"},{"taxonomy":"product_tag","embeddable":true,"href":"https:\/\/wordpress.famberg.de\/index.php\/wp-json\/wp\/v2\/product_tag?post=1311"}],"curies":[{"name":"wp","href":"https:\/\/api.w.org\/{rel}","templated":true}]}}