{"id":1310,"date":"2024-02-24T11:23:49","date_gmt":"2024-02-24T10:23:49","guid":{"rendered":"https:\/\/wordpress.famberg.de\/index.php\/produkt\/nudelmaschine-titania-fuer-tagliatelle-fettucine\/"},"modified":"2024-12-02T10:58:44","modified_gmt":"2024-12-02T09:58:44","slug":"nudelmaschine-titania-fuer-tagliatelle-fettucine","status":"publish","type":"product","link":"https:\/\/wordpress.famberg.de\/index.php\/produkt\/nudelmaschine-titania-fuer-tagliatelle-fettucine\/","title":{"rendered":"Imperia Nudelmaschine Titania f\u00fcr Tagliatelle Fettucine"},"content":{"rendered":"<h1><span style=\"font-size: medium;\">Nudelmaschine &#8211; Pasta Maschine &#8222;TITANIA&#8220;<\/span><\/h1><div><span style=\"font-size: medium;\">Im Gegensatz\u00a0zu anderen Modellen\u00a0m\u00fcssen sie die Walzen bei dieser Maschine nicht einh\u00e4ngen. Die Walzen verlaufen fest und die optionalen Zubeh\u00f6rteile k\u00f6nnen einfach an den festen Teil der Maschine eingehangen werden<\/span><\/div><p><span style=\"font-size: medium;\"><span style=\"font-size: 12pt; font-family: Arial; color: #008000;\"><br \/>IMPERIA <\/span><span style=\"font-size: 12pt; font-family: Arial;\">wird in Italien in handwerklicher Tradition hergestellt, f\u00fcr die Zubereitung ausgezeichneter frischer Nudeln f\u00fcr die ganze Familie.\u00a0<\/span>\u00a0<span style=\"font-size: 12pt; font-family: Arial;\">\u00a0<\/span><\/span><span style=\"font-size: medium;\"><br \/><\/span><\/p><div><span style=\"font-size: medium;\">Heutzutage k\u00f6nnen Sie alle m\u00f6glichen Nudeln verschiedener Gr\u00f6\u00dfen, Varianten und Geschmacksrichtungen kaufen, aber was genau ist in diesem herk\u00f6mmlichen Fertigteig? Ihr Vorteil mit dieser Nudelmaschine &#8211; Sie wissen immer ganz genau welche Zutaten verwendet werd en, da sie von anfang an aus eigener Produktion kommen! Selbstgemachte Nudeln schmecken einfach besser, Ihrer Phantasie sind keine Grenzen gesetzt. Probieren Sie es doch einfach mal und \u00fcberraschen Sie Ihre Familie mit selbstgemachter Pasta, einfach lecker. Begeistern Sie Ihre Freunde, Bekannte oder die Familie mit leckeren selbst gemachten Nudelgerichten!<br \/><\/span><\/div><p><span style=\"font-size: medium;\">\u00a0<\/span><\/p><ul><li><span style=\"font-size: medium;\">aus verchromtem Stahl mit Well- und Knetwalze<\/span><\/li><li><span style=\"font-size: medium;\">verstellbar, <strong>6 verschiedene St\u00e4rken-Walze<\/strong> f\u00fcr 2 mm feine Nudeln (<strong>Tagliatelle<\/strong>)\u00a0und f\u00fcr 6,5 mm breite Nudeln\u00a0(<strong>Fettuccine<\/strong>)<br \/><\/span><\/p><ul><li><span style=\"font-size: medium;\">\u00a02 mm rund<\/span><\/li><li><span style=\"font-size: medium;\">Ma\u00dfe: 18,5 x 7 x 4,5 cm<\/span><\/li><li><span style=\"font-size: medium;\">Gewicht: 850 g <\/span><\/li><\/ul><\/li><li><span style=\"font-size: medium;\">Walzenbreite 150 mm<\/span><\/li><li><span style=\"font-size: medium;\">Ma\u00dfe: 21 x 18 x 14 cm<\/span><\/li><li><span style=\"font-size: medium;\">Gewicht: 2,9 kg<\/span><\/li><li><span style=\"font-size: medium;\"><span style=\"font-size: 12pt; font-family: Arial;\">Hand-Kurbel mit Holzgriff zur manuellen Bedienung\u00a0<\/span><\/span><\/li><li><span style=\"font-size: medium;\"><span style=\"font-size: 12pt; font-family: Arial;\">Tischklammer zur sicheren Befestigung<\/span>\u00a0\u00a0<\/span><\/li><\/ul><p><b><span style=\"font-size: medium;\">Sie haben auf das Ger\u00e4t 2 Jahre Herstellergarantie auf alle Fertigungs- und Materialfehler. Durch die Herstellergarantie werden die gesetzlichen Rechte aus der Gew\u00e4hrleistung nicht eingeschr\u00e4nkt. Die Herstellergarantie wird von Imperia Trading Srl, Scrivi una recensione, Corso Moncenisio 123, 10057 Sant&#8220;Ambrogio di Torino (Piemonte) und gilt wenn nicht anders angegeben in Deutschland. <\/span><span style=\"font-size: medium;\"><br \/>Bei einem Garantiefall braucht die Maschine nicht nach Italien geschickt werden. F\u00fcr Deutschland gilt die Kundendienstadresse: GSD Haushaltsger\u00e4te, Neulandstra\u00dfe 14, D-78588 Denkingen. Weitere Information liegen Ihrem Ger\u00e4t bei. Gern helfen wir Ihnen auch weiter.<\/span><\/b><br \/><span style=\"font-size: medium;\"><br \/><\/span><span style=\"font-size: medium;\"><span style=\"font-size: 12pt; font-family: Arial;\">Bei Bedarf k\u00f6nnen Sie auch diese Nudelmaschine aufr\u00fcsten. Viele optionale Zubeh\u00f6rteile bieten wir auch in unseren Sortiment an. Wie zum Beispiel Elektromotor, Vorsatz Ravioli, Gnocchi, Lasagnette &#8230;<\/span><\/span><\/p>","protected":false},"excerpt":{"rendered":"<p>Dies ist ein Test<\/p>\n","protected":false},"featured_media":269,"template":"","meta":[],"product_brand":[],"product_cat":[134],"product_tag":[],"class_list":{"0":"post-1310","1":"product","2":"type-product","3":"status-publish","4":"has-post-thumbnail","6":"product_cat-kuechengeraete","7":"product_shipping_class-gsd-direkt","8":"pa_farbe-chrom","9":"pa_herstellungsland-italien","11":"first","12":"instock","13":"taxable","14":"shipping-taxable","15":"purchasable","16":"product-type-simple"},"supplier_id":1305,"supplier_sku":"20609","barcode":null,"atum_controlled":false,"out_stock_date":null,"out_stock_threshold":null,"inheritable":false,"inbound_stock":0,"stock_on_hold":0,"sold_today":0,"sales_last_days":1,"reserved_stock":null,"customer_returns":null,"warehouse_damage":null,"lost_in_post":null,"other_logs":null,"out_stock_days":0,"lost_sales":0,"has_location":false,"update_date":"2024-12-03T08:41:04","atum_locations":[],"atum_stock_status":"instock","restock_status":false,"low_stock_amount":"","sales_update_date":"2024-12-03T08:41:04","calc_backorders":null,"_links":{"self":[{"href":"https:\/\/wordpress.famberg.de\/index.php\/wp-json\/wp\/v2\/product\/1310","targetHints":{"allow":["GET"]}}],"collection":[{"href":"https:\/\/wordpress.famberg.de\/index.php\/wp-json\/wp\/v2\/product"}],"about":[{"href":"https:\/\/wordpress.famberg.de\/index.php\/wp-json\/wp\/v2\/types\/product"}],"wp:featuredmedia":[{"embeddable":true,"href":"https:\/\/wordpress.famberg.de\/index.php\/wp-json\/wp\/v2\/media\/269"}],"wp:attachment":[{"href":"https:\/\/wordpress.famberg.de\/index.php\/wp-json\/wp\/v2\/media?parent=1310"}],"wp:term":[{"taxonomy":"product_brand","embeddable":true,"href":"https:\/\/wordpress.famberg.de\/index.php\/wp-json\/wp\/v2\/product_brand?post=1310"},{"taxonomy":"product_cat","embeddable":true,"href":"https:\/\/wordpress.famberg.de\/index.php\/wp-json\/wp\/v2\/product_cat?post=1310"},{"taxonomy":"product_tag","embeddable":true,"href":"https:\/\/wordpress.famberg.de\/index.php\/wp-json\/wp\/v2\/product_tag?post=1310"}],"curies":[{"name":"wp","href":"https:\/\/api.w.org\/{rel}","templated":true}]}}