{"id":1306,"date":"2024-02-24T11:23:44","date_gmt":"2024-02-24T10:23:44","guid":{"rendered":"https:\/\/wordpress.famberg.de\/index.php\/produkt\/standventilator-ventilator-stratos-b-600\/"},"modified":"2025-04-24T20:37:48","modified_gmt":"2025-04-24T18:37:48","slug":"standventilator-ventilator-stratos-b-600","status":"publish","type":"product","link":"https:\/\/wordpress.famberg.de\/index.php\/produkt\/standventilator-ventilator-stratos-b-600\/","title":{"rendered":"DeKon Standventilator Ventilator Stratos B 600"},"content":{"rendered":"<div><\/div><div><\/div><div><ul><li><span style=\"font-size: medium;\">Effizienter Metall-Propeller mit 4 Fl\u00fcgeln, ca. 39 cm \u00d8 Metall-Schutzkorb<\/span><\/li><li><span style=\"font-size: medium;\">oszillierend (abschaltbar) Neigungswinkel verstellbar<\/span><\/li><li><span style=\"font-size: medium;\">3 Geschwindigkeitsstufen<br \/><\/span><\/li><li><span style=\"font-size: medium;\">H\u00f6henverstellung, max. H\u00f6he ca. 120 cm<\/span><\/li><li><span style=\"font-size: medium;\">Farbe: Chrom<\/span><\/li><li><span style=\"font-size: medium;\">230 V ~<\/span><\/li><li><span style=\"font-size: medium;\">50 Watt<\/span><\/li><\/ul><\/div>","protected":false},"excerpt":{"rendered":"<p>Effizienter Metall-Propeller mit 4 Fl\u00fcgeln, ca. 39 cm \u00d8 Metall-Schutzkorboszillierend (abschaltbar) Neigungswinkel verstellbar3 GeschwindigkeitsstufenH\u00f6henverstellung, max. H\u00f6he ca. 120 cmFarbe: Chrom230 V ~50 Watt<\/p>\n","protected":false},"featured_media":207,"template":"","meta":[],"product_brand":[],"product_cat":[134],"product_tag":[],"class_list":{"0":"post-1306","1":"product","2":"type-product","3":"status-publish","4":"has-post-thumbnail","6":"product_cat-kuechengeraete","7":"product_shipping_class-gsd-direkt","9":"first","10":"instock","11":"taxable","12":"shipping-taxable","13":"purchasable","14":"product-type-simple"},"supplier_id":1305,"supplier_sku":"70 310","barcode":null,"atum_controlled":false,"out_stock_date":null,"out_stock_threshold":null,"inheritable":false,"inbound_stock":null,"stock_on_hold":0,"sold_today":0,"sales_last_days":0,"reserved_stock":null,"customer_returns":null,"warehouse_damage":null,"lost_in_post":null,"other_logs":null,"out_stock_days":0,"lost_sales":0,"has_location":false,"update_date":"2025-04-24T18:37:49","atum_locations":[],"atum_stock_status":"instock","restock_status":false,"low_stock_amount":"","sales_update_date":"2024-09-24T09:53:09","calc_backorders":null,"_links":{"self":[{"href":"https:\/\/wordpress.famberg.de\/index.php\/wp-json\/wp\/v2\/product\/1306","targetHints":{"allow":["GET"]}}],"collection":[{"href":"https:\/\/wordpress.famberg.de\/index.php\/wp-json\/wp\/v2\/product"}],"about":[{"href":"https:\/\/wordpress.famberg.de\/index.php\/wp-json\/wp\/v2\/types\/product"}],"wp:featuredmedia":[{"embeddable":true,"href":"https:\/\/wordpress.famberg.de\/index.php\/wp-json\/wp\/v2\/media\/207"}],"wp:attachment":[{"href":"https:\/\/wordpress.famberg.de\/index.php\/wp-json\/wp\/v2\/media?parent=1306"}],"wp:term":[{"taxonomy":"product_brand","embeddable":true,"href":"https:\/\/wordpress.famberg.de\/index.php\/wp-json\/wp\/v2\/product_brand?post=1306"},{"taxonomy":"product_cat","embeddable":true,"href":"https:\/\/wordpress.famberg.de\/index.php\/wp-json\/wp\/v2\/product_cat?post=1306"},{"taxonomy":"product_tag","embeddable":true,"href":"https:\/\/wordpress.famberg.de\/index.php\/wp-json\/wp\/v2\/product_tag?post=1306"}],"curies":[{"name":"wp","href":"https:\/\/api.w.org\/{rel}","templated":true}]}}