{"id":1304,"date":"2024-02-24T11:23:42","date_gmt":"2024-02-24T10:23:42","guid":{"rendered":"https:\/\/wordpress.famberg.de\/index.php\/produkt\/vogtlandgrill-holzkohlegrill-minigrill-edelstahl-made-in-germany\/"},"modified":"2025-03-07T13:00:03","modified_gmt":"2025-03-07T12:00:03","slug":"vogtlandgrill-holzkohlegrill-minigrill-edelstahl-made-in-germany","status":"publish","type":"product","link":"https:\/\/wordpress.famberg.de\/index.php\/produkt\/vogtlandgrill-holzkohlegrill-minigrill-edelstahl-made-in-germany\/","title":{"rendered":"Steiniger Vogtlandgrill Holzkohlegrill MINIgrill Edelstahl Made in Germany"},"content":{"rendered":"<p><strong>\u00a0<\/strong><\/p><div><p><span style=\"font-family: Arial, Helvetica, sans-serif; font-size: medium;\"><b>Top Markenqualit\u00e4t VogtlandGrill <span style=\"color: #ff0000;\">Mini<\/span><\/b> &#8211; auch f\u00fcr Balkon und Camping<\/span><\/p><p><b>Nie wieder Grillanz\u00fcnder! &#8211; Durchmesser\u00a0250 mm &#8211; Made in Germany<\/b><\/p><\/div><p><span style=\"font-family: Arial, Helvetica, sans-serif; font-size: medium;\">Hervorragende Heizleistung mit wirklich nur ganz wenig Holzkohle &#8211; versprochen!<\/span><\/p><p><span style=\"font-family: Arial, Helvetica, sans-serif; font-size: medium;\">Falls Sie mal Ersatzteile f\u00fcr Ihren Vogtlandgrill brauchen, bekommen Sie diese auch bei uns. Hier kaufen Sie <strong>kein Wegwerfgrill!<\/strong><\/span><\/p><p><span style=\"font-family: Arial, Helvetica, sans-serif; font-size: medium;\">Der Multifunkionsgrill Vogtlandgrill aus dem Hause Steiniger ist ein umweltfreundlicher, sparsamer und nach dem neusten technischen Erkenntnissen zu <strong>100 % in Deutschland hergestellter Grill.<\/strong> Durch das umfangreiche Erweiterungsangebot, das nahezu allen Zubereitungsarten zul\u00e4sst, bleiben keine W\u00fcnsche mehr offen. Der gesamte Grill besteht aus<strong> lebensmittelechtem Edelstahl <\/strong>und die Grillauflage, zu besseren Reinigung, <strong>aus verchromten Stahl.<\/strong> Die ausgereifte Technologie, die optimale Funktionsweise und eine praktische H\u00f6he von 295 mm machen das Grillen mit dem Vogtlandgrill zur reinen Freude.\u00a0<strong>Zum Anz\u00fcnden ben\u00f6tigen Sie nur eine doppelte Zeitungsseite<\/strong> (keine Illustrierte) und nach ca. 10 Minuten ist die Kohle durchgegl\u00fcht und der Grill bereit. Die ben\u00f6tigte Luftzufuhr l\u00e4sst sich stufenlos durch das Drehen des<strong> Luftregler <\/strong>einstellen.<\/span><\/p><p align=\"left\"><span style=\"font-family: Arial, Helvetica, sans-serif; font-size: medium;\"><strong>Vorteile des Vogtlandgrills im \u00dcberblick:<\/strong><\/span><\/p><ul><li><span style=\"font-family: Arial, Helvetica, sans-serif; font-size: medium;\">in <strong>15 Sekunden<\/strong> aufgebaut<\/span><\/li><li><span style=\"font-family: Arial, Helvetica, sans-serif; font-size: medium;\">Anz\u00fcnden ohne Chemie, nur mit 1 Doppelseite Zeitungspapier<\/span><\/li><li><span style=\"font-family: Arial, Helvetica, sans-serif; font-size: medium;\">sparsamer Holzkohleeinsatz, <strong>gro\u00dfe Grill-Leistung durchrunden konischen Grillk\u00f6rper<\/strong><\/span><\/li><li><span style=\"font-family: Arial, Helvetica, sans-serif; font-size: medium;\">leichte und wirksame Luftregulierung<\/span><\/li><li><span style=\"font-family: Arial, Helvetica, sans-serif; font-size: medium;\"><strong>funktioniert bei Windstille<\/strong><\/span><\/li><li><span style=\"font-family: Arial, Helvetica, sans-serif; font-size: medium;\">aus lebensmittelechtem Edelstahl, <strong>pflegeleicht<\/strong><\/span><\/li><li><span style=\"font-family: Arial, Helvetica, sans-serif; font-size: medium;\">zeitgem\u00e4\u00dfes Design, ergonomische H\u00f6he 295 mm<br \/><\/span><\/li><li><span style=\"font-size: medium;\"><strong><span style=\"font-family: Arial, Helvetica, sans-serif;\">kurze Demontagezeit<\/span><\/strong><\/span><\/li><li><span style=\"font-family: Arial, Helvetica, sans-serif; font-size: medium;\">wenig Platzbedarf bei Lagerung<\/span><\/li><\/ul>","protected":false},"excerpt":{"rendered":"<p>\u00a0Top Markenqualit\u00e4t VogtlandGrill Mini &#8211; auch f\u00fcr Balkon und CampingNie wieder Grillanz\u00fcnder! &#8211; Durchmesser\u00a0250 mm &#8211; Made in GermanyHervorragende Heizleistung mit wirklich nur ganz wenig Holzkohle &#8211; versprochen!Falls Sie mal Ersatzteile f\u00fcr Ihren Vogtlandgrill brauchen, bekommen Sie diese auch bei uns. Hier kaufen Sie kein Wegwerfgrill!Der Multifunkionsgrill Vogtlandgrill aus dem Hause Steiniger ist ein umweltfreundlicher, [&hellip;]<\/p>\n","protected":false},"featured_media":200,"template":"","meta":[],"product_brand":[],"product_cat":[188],"product_tag":[],"class_list":{"0":"post-1304","1":"product","2":"type-product","3":"status-publish","4":"has-post-thumbnail","6":"product_cat-vogtlandgrill-gibs","7":"product_shipping_class-direkt-steininger","9":"first","10":"instock","11":"taxable","12":"shipping-taxable","13":"purchasable","14":"product-type-simple"},"supplier_id":1302,"supplier_sku":"Grillmi","barcode":null,"atum_controlled":true,"out_stock_date":null,"out_stock_threshold":null,"inheritable":false,"inbound_stock":null,"stock_on_hold":0,"sold_today":0,"sales_last_days":0,"reserved_stock":null,"customer_returns":null,"warehouse_damage":null,"lost_in_post":null,"other_logs":null,"out_stock_days":0,"lost_sales":0,"has_location":false,"update_date":"2025-06-20T07:07:06","atum_locations":[],"atum_stock_status":"instock","restock_status":false,"low_stock_amount":"","sales_update_date":"2025-06-20T07:07:05","calc_backorders":null,"_links":{"self":[{"href":"https:\/\/wordpress.famberg.de\/index.php\/wp-json\/wp\/v2\/product\/1304","targetHints":{"allow":["GET"]}}],"collection":[{"href":"https:\/\/wordpress.famberg.de\/index.php\/wp-json\/wp\/v2\/product"}],"about":[{"href":"https:\/\/wordpress.famberg.de\/index.php\/wp-json\/wp\/v2\/types\/product"}],"wp:featuredmedia":[{"embeddable":true,"href":"https:\/\/wordpress.famberg.de\/index.php\/wp-json\/wp\/v2\/media\/200"}],"wp:attachment":[{"href":"https:\/\/wordpress.famberg.de\/index.php\/wp-json\/wp\/v2\/media?parent=1304"}],"wp:term":[{"taxonomy":"product_brand","embeddable":true,"href":"https:\/\/wordpress.famberg.de\/index.php\/wp-json\/wp\/v2\/product_brand?post=1304"},{"taxonomy":"product_cat","embeddable":true,"href":"https:\/\/wordpress.famberg.de\/index.php\/wp-json\/wp\/v2\/product_cat?post=1304"},{"taxonomy":"product_tag","embeddable":true,"href":"https:\/\/wordpress.famberg.de\/index.php\/wp-json\/wp\/v2\/product_tag?post=1304"}],"curies":[{"name":"wp","href":"https:\/\/api.w.org\/{rel}","templated":true}]}}