{"id":1303,"date":"2024-02-24T11:23:41","date_gmt":"2024-02-24T10:23:41","guid":{"rendered":"https:\/\/wordpress.famberg.de\/index.php\/produkt\/vogtlandgrill-holzkohlegrill-rundo-edelstahl-made-in-germany\/"},"modified":"2026-02-01T22:19:53","modified_gmt":"2026-02-01T21:19:53","slug":"vogtlandgrill-holzkohlegrill-rundo-edelstahl-made-in-germany","status":"publish","type":"product","link":"https:\/\/wordpress.famberg.de\/index.php\/produkt\/vogtlandgrill-holzkohlegrill-rundo-edelstahl-made-in-germany\/","title":{"rendered":"Steiniger Vogtlandgrill Holzkohlegrill RUNDO Edelstahl, Made in Germany"},"content":{"rendered":"<div><b><span style=\"font-family: Arial, Helvetica, sans-serif; font-size: medium;\">Top Markenqualit\u00e4t VogtlandGrill <span style=\"color: #ff0000;\">RUNDO<\/span><br \/>Nie wieder Grillanz\u00fcnder! &#8211; Durchmesser 43 cm &#8211; Made in Germany &#8211;<\/span><\/b><\/div><p><b><span style=\"font-size: medium;\">\u00a0<\/span><\/b><\/p><p><span style=\"font-family: Arial, Helvetica, sans-serif; font-size: medium;\">\u00a0<\/span><span style=\"font-family: Arial, Helvetica, sans-serif; font-size: medium;\">Hervorragende Heizleistung<br \/>mit wirklich nur ganz wenig Holzkohle &#8211; versprochen!<\/span><\/p><p><span style=\"font-size: medium;\">\u00a0<\/span><span style=\"font-family: Arial, Helvetica, sans-serif; font-size: medium;\">Zu denn Vogtlandsgrill Rundo, Classic und Jumbo gibt es bei Bedarf jederzeit auch <strong>optionales Sonderzubeh\u00f6r:<br \/><\/strong><\/span><span style=\"font-family: Arial, Helvetica, sans-serif; font-size: medium;\">&#8211; Windschutz mit Warmhalterost (bieten wir in einen anderen Angebot mit Sonderzubeh\u00f6r an)<\/span><\/p><p><span style=\"font-family: Arial, Helvetica, sans-serif; font-size: medium;\">Falls Sie mal Ersatzteile f\u00fcr Ihren Vogtlandgrill brauchen, bekommen Sie diese auch bei uns. Hier kaufen Sie <strong>kein Wegwerfgrill!<\/strong><\/span><\/p><p><span style=\"font-family: Arial, Helvetica, sans-serif; font-size: medium;\">Der Multifunkionsgrill Vogtlandgrill aus dem Hause Steiniger ist ein umweltfreundlicher, sparsamer und nach dem neusten technischen Erkenntnissen zu <strong>100 % in Deutschland hergestellter Grill.<\/strong> Durch das umfangreiche Erweiterungsangebot, das nahezu allen Zubereitungsarten zul\u00e4sst, bleiben keine W\u00fcnsche mehr offen. Der gesamte Grill besteht aus<strong> lebensmittelechtem Edelstahl <\/strong>und die Grillauflage, zu besseren Reinigung, <strong>aus verchromten Stahl.<\/strong> Die ausgereifte Technologie, die optimale Funktionsweise und eine <strong>ideale Arbeitsh\u00f6he von 85 cm<\/strong> machen das Grillen mit dem Vogtlandgrill zur reinen Freude. Der<br \/>Unterschied zwischen Vogtlandgrill CLASSIC und Vogtlandgrill RUNDO besteht in der Ausf\u00fchrung des Standfu\u00dfes. Zus\u00e4tzlich bieten wir zu beiden Modellen eine reichhaltige Palette an Erweiterungsm\u00f6glichkeiten<br \/>an. <\/span><\/p><p><span style=\"font-family: Arial, Helvetica, sans-serif; font-size: medium;\"><strong>Zum Anz\u00fcnden ben\u00f6tigen Sie nur eine doppelte Zeitungsseite<\/strong> (keine Illustrierte) und nach ca. 10 Minuten ist die Kohle durchgegl\u00fcht und der Grill bereit. Die ben\u00f6tigte Luftzufuhr l\u00e4sst sich stufenlos durch das Drehen des<strong> Luftregler <\/strong>einstellen.<\/span><\/p><p><span style=\"font-size: medium;\">\u00a0<\/span><\/p><p align=\"left\"><span style=\"font-family: Arial, Helvetica, sans-serif; font-size: medium;\"><strong>Vorteile des Vogtlandgrills im \u00dcberblick:<\/strong><\/span><span style=\"font-size: medium;\">\u00a0<\/span><\/p><ul><li><span style=\"font-family: Arial, Helvetica, sans-serif; font-size: medium;\">in <strong>15 Sekunden<\/strong> aufgebaut<\/span><\/li><li><span style=\"font-family: Arial, Helvetica, sans-serif; font-size: medium;\">Anz\u00fcnden ohne Chemie, nur mit 1 Doppelseite Zeitungspapier<\/span><\/li><li><span style=\"font-family: Arial, Helvetica, sans-serif; font-size: medium;\">sparsamer Holzkohleeinsatz, <strong>gro\u00dfe Grill-Leistung durchrunden konischen Grillk\u00f6rper<\/strong><\/span><\/li><li><span style=\"font-family: Arial, Helvetica, sans-serif; font-size: medium;\">leichte und wirksame Luftregulierung<\/span><\/li><li><span style=\"font-family: Arial, Helvetica, sans-serif; font-size: medium;\"><strong>funktioniert bei Windstille<\/strong><\/span><\/li><li><span style=\"font-family: Arial, Helvetica, sans-serif; font-size: medium;\">aus lebensmittelechtem Edelstahl, <strong>pflegeleicht<\/strong><\/span><\/li><li><span style=\"font-family: Arial, Helvetica, sans-serif; font-size: medium;\">zeitgem\u00e4\u00dfes Design, ergonomische H\u00f6he<\/span><\/li><li><span style=\"font-size: medium;\"><strong><span style=\"font-family: Arial, Helvetica, sans-serif;\">kurze Demontagezeit<\/span><\/strong><\/span><\/li><li><span style=\"font-family: Arial, Helvetica, sans-serif; font-size: medium;\">wenig Platzbedarf bei Lagerung<\/span><\/li><li><span style=\"font-family: Arial, Helvetica, sans-serif; font-size: medium;\">H\u00f6he 85 cm &#8211; Durchmesser 43 cm<br \/><\/span><\/li><li><span style=\"font-family: Arial, Helvetica, sans-serif;\"><span style=\"font-size: medium;\">Edelstahl 1.4301 Lebensmittelecht &#8211; st\u00e4rke 0,6 und 0,8 mm<\/span><\/span><\/li><\/ul><p><span style=\"color: #ffffff;\">Steiniger<\/span><\/p>","protected":false},"excerpt":{"rendered":"<p>Top Markenqualit\u00e4t VogtlandGrill RUNDONie wieder Grillanz\u00fcnder! &#8211; Durchmesser 43 cm &#8211; Made in Germany &#8211;\u00a0\u00a0Hervorragende Heizleistungmit wirklich nur ganz wenig Holzkohle &#8211; versprochen!\u00a0Zu denn Vogtlandsgrill Rundo, Classic und Jumbo gibt es bei Bedarf jederzeit auch optionales Sonderzubeh\u00f6r:&#8211; Windschutz mit Warmhalterost (bieten wir in einen anderen Angebot mit Sonderzubeh\u00f6r an)Falls Sie mal Ersatzteile f\u00fcr Ihren Vogtlandgrill [&hellip;]<\/p>\n","protected":false},"featured_media":251,"template":"","meta":[],"product_brand":[],"product_cat":[188],"product_tag":[],"class_list":{"0":"post-1303","1":"product","2":"type-product","3":"status-publish","4":"has-post-thumbnail","6":"product_cat-vogtlandgrill-gibs","7":"product_shipping_class-direkt-steininger","9":"first","10":"instock","11":"taxable","12":"shipping-taxable","13":"purchasable","14":"product-type-simple"},"supplier_id":1302,"supplier_sku":"Grillru","barcode":null,"atum_controlled":true,"out_stock_date":"2025-12-22 09:53:52","out_stock_threshold":null,"inheritable":false,"inbound_stock":0,"stock_on_hold":0,"sold_today":0,"sales_last_days":1,"reserved_stock":0,"customer_returns":0,"warehouse_damage":0,"lost_in_post":0,"other_logs":0,"out_stock_days":95,"lost_sales":0,"has_location":false,"update_date":"2026-03-27T12:19:13","atum_locations":[],"atum_stock_status":"instock","restock_status":false,"low_stock_amount":"","sales_update_date":"2026-03-27T12:19:13","calc_backorders":null,"_links":{"self":[{"href":"https:\/\/wordpress.famberg.de\/index.php\/wp-json\/wp\/v2\/product\/1303","targetHints":{"allow":["GET"]}}],"collection":[{"href":"https:\/\/wordpress.famberg.de\/index.php\/wp-json\/wp\/v2\/product"}],"about":[{"href":"https:\/\/wordpress.famberg.de\/index.php\/wp-json\/wp\/v2\/types\/product"}],"wp:featuredmedia":[{"embeddable":true,"href":"https:\/\/wordpress.famberg.de\/index.php\/wp-json\/wp\/v2\/media\/251"}],"wp:attachment":[{"href":"https:\/\/wordpress.famberg.de\/index.php\/wp-json\/wp\/v2\/media?parent=1303"}],"wp:term":[{"taxonomy":"product_brand","embeddable":true,"href":"https:\/\/wordpress.famberg.de\/index.php\/wp-json\/wp\/v2\/product_brand?post=1303"},{"taxonomy":"product_cat","embeddable":true,"href":"https:\/\/wordpress.famberg.de\/index.php\/wp-json\/wp\/v2\/product_cat?post=1303"},{"taxonomy":"product_tag","embeddable":true,"href":"https:\/\/wordpress.famberg.de\/index.php\/wp-json\/wp\/v2\/product_tag?post=1303"}],"curies":[{"name":"wp","href":"https:\/\/api.w.org\/{rel}","templated":true}]}}