{"id":1291,"date":"2024-02-24T11:23:26","date_gmt":"2024-02-24T10:23:26","guid":{"rendered":"https:\/\/wordpress.famberg.de\/index.php\/produkt\/getreidemuehle-oktagon-2-steinmuehle-testsieger-elektrisch\/"},"modified":"2026-04-16T14:28:45","modified_gmt":"2026-04-16T12:28:45","slug":"getreidemuehle-oktagon-2-steinmuehle-testsieger-elektrisch","status":"publish","type":"product","link":"https:\/\/wordpress.famberg.de\/index.php\/produkt\/getreidemuehle-oktagon-2-steinmuehle-testsieger-elektrisch\/","title":{"rendered":"Hawos Oktagon 2 Kornm\u00fchle 600 Watt | 220g\/Min Mahlleistung | Buche Vollholz"},"content":{"rendered":"<div><b><span style=\"font-size: medium;\">Testsieger 2015 &#8211; Getreidem\u00fchle Oktagon 2<\/span><\/b><\/div><div><b><span style=\"font-size: medium;\">Natur pur in Ihrer K\u00fcche<\/span><\/b><\/div><div><span style=\"font-size: medium;\">\u00a0<\/span><\/div><div><span style=\"font-size: medium;\">Wie der Name schon sagt pr\u00e4sentiert sich\u00a0die M\u00fchle achteckigen. Aus jedem Blickwinkel zeigen sich, durch Licht und Schatten immer wieder neue Ansichten. Die drei bis vier sichtbaren Geh\u00e4useseiten dieser Getreidem\u00fchle leuchten mal hell, daneben eher schattig-samtig. Das Zusammenspiel von eckigen und runden Elementen schafft gemeinsam mit den Maserungen der Oberfl\u00e4chen aus massiver Buche ein harmonisches nat\u00fcrliches Design.<br \/><span style=\"font-family: Arial, Helvetica, sans-serif;\"><br \/><\/span><\/span><\/div><div><span style=\"font-size: medium;\"><span style=\"font-family: Arial, Helvetica, sans-serif;\">Bei aller Sch\u00f6nheit kommt die Leistung nicht zu kurz: <b>Wieder einmal ist eine hawos M\u00fchle Testsieger!<br \/>Als Testsieger mit der Note &#8222;sehr gut&#8220; darf sich die Oktagon 2 feiern lassen. Sie \u00fcberzeugt auf ganzer Linie. Leise und kraftvoll erf\u00fcllt diese Getreidem\u00fchle h\u00f6chste Anspr\u00fcche.<br \/><\/b><\/span><br \/><\/span><\/div><p><span style=\"font-size: medium;\">Hawo &#8222;s M\u00fchlen \u00fcberzeugen durch wertvolle Materialien, ausgereifte Technik und langlebige Funktion.<br \/>Die Getreidem\u00fchle hawos Oktagon 2 ist die M\u00fchle f\u00fcr den hohen Mehlbedarf und eignet sich f\u00fcr den Einsatz in einer gr\u00f6sseren Familie, produzieren Sie m\u00fchlelos ihre Mengen an frischem Vollkornmehl.<\/span><\/p><ul><li><span style=\"font-size: medium;\">Mahlleistung\/ pro Minute bei Einstellung<br \/>Fein: ca. 220g<br \/>Extrafein: ca.180g<br \/>Grob: ca. 500g<\/span><\/li><li><span style=\"font-size: medium;\">stufenlose Einstellung<br \/><\/span><\/li><li><span style=\"font-size: medium;\">Trichterf\u00fcllmenge (Weizen) ca. 1100g<\/span><\/li><li><span style=\"font-size: medium;\">Mahlwerk: Korund-Keramik<br \/><\/span><\/li><li><span style=\"font-size: medium;\">Mahlstein Druchmesser: 100mm<\/span><\/li><li><span style=\"font-size: medium;\">Lautst\u00e4rke in dB: ca. 70<\/span><\/li><li><span style=\"font-size: medium;\">Motorleistung: 600W<\/span><\/li><li><span style=\"font-size: medium;\">Unterstellh\u00f6he f\u00fcr Sch\u00fcssel: 17 &#8211; 20cm <span class=\"T286Pc\" data-sfc-cp=\"\" data-sfc-root=\"c\" data-sfc-cb=\"\" data-complete=\"true\" aria-owns=\"action-menu-parent-container\">(je nach Sch\u00fcsselgr\u00f6\u00dfe)<\/span><\/span><\/li><li><span style=\"font-size: medium;\">Ma\u00dfe in mm (BxHxT): 200 x 450 x 200<\/span><\/li><li><span style=\"font-size: medium;\">Gewicht: 10 kg<br \/><\/span><\/li><li><span style=\"font-size: medium;\">Geh\u00e4use Buche, massiv &#8211; Vollholz<\/span><\/li><li><span style=\"font-size: medium;\">Oberfl\u00e4che mit Lein\u00f6lfirnis behandelt<\/span><\/li><\/ul><p><span style=\"font-size: medium;\"><b>Glutenfrei!\u00a0 <\/b>Auf Wunsch kann diese Getreidm\u00fchle auch glutenfrei eingemahlen geliefert werden.<\/span><\/p><p>Ralf Pigge, Gesch\u00e4ftsf\u00fchrer der hawos kornm\u00fchlen GmbH ist \u00fcberzeugt, Qualit\u00e4t hat Zukunft! Deshalb vergoldete er alle Haushalts-Getreidem\u00fchlen aus der hawos kornm\u00fchlen GmbH mit einer <span style=\"font-family: Arial, Helvetica, sans-serif;\"><span style=\"font-size: 12pt; font-family: Arial;\"><span style=\"color: #990000;\"><b>Garantiezeit von 10 JAHREN<\/b><span style=\"font-family: Arial, Helvetica, sans-serif;\"> <span style=\"color: #000000;\">( bei privater Nutzung, bei gewerblicher Nutzung eine Herstellergarantie von 2 Jahren).<\/span><\/span><\/span><\/span><\/span><\/p><p>&nbsp;<\/p>","protected":false},"excerpt":{"rendered":"<p>Testsieger 2015 &#8211; Getreidem\u00fchle Oktagon 2Natur pur in Ihrer K\u00fcche\u00a0Wie der Name schon sagt pr\u00e4sentiert sich\u00a0die M\u00fchle achteckigen. Aus jedem Blickwinkel zeigen sich, durch Licht und Schatten immer wieder neue Ansichten. Die drei bis vier sichtbaren Geh\u00e4useseiten dieser Getreidem\u00fchle leuchten mal hell, daneben eher schattig-samtig. Das Zusammenspiel von eckigen und runden Elementen schafft gemeinsam mit [&hellip;]<\/p>\n","protected":false},"featured_media":244,"template":"","meta":[],"product_brand":[],"product_cat":[107],"product_tag":[],"class_list":{"0":"post-1291","1":"product","2":"type-product","3":"status-publish","4":"has-post-thumbnail","6":"product_cat-eletrische-getreidemuehlen","7":"product_shipping_class-direkt-luba","8":"pa_besonderheit-mahlt-alle-getreidearten-auch-mais-und-ist-durch-die-achteckige-bauweise-besonders-geraeuscharm","9":"pa_lautstaerke-70-db","10":"pa_mahlleistung-fein-220-g-min","11":"pa_mahlleistung-grob-400-500-g-min","12":"pa_mahlstein-durchmesser-100-mm","14":"first","15":"instock","16":"taxable","17":"shipping-taxable","18":"purchasable","19":"product-type-simple"},"supplier_id":1283,"supplier_sku":"300-840","barcode":null,"atum_controlled":true,"out_stock_date":null,"out_stock_threshold":null,"inheritable":false,"inbound_stock":0,"stock_on_hold":0,"sold_today":0,"sales_last_days":1,"reserved_stock":null,"customer_returns":null,"warehouse_damage":null,"lost_in_post":null,"other_logs":null,"out_stock_days":0,"lost_sales":0,"has_location":false,"update_date":"2026-04-16T12:28:49","atum_locations":[],"atum_stock_status":"instock","restock_status":false,"low_stock_amount":"","sales_update_date":"2025-12-12T15:20:12","calc_backorders":null,"_links":{"self":[{"href":"https:\/\/wordpress.famberg.de\/index.php\/wp-json\/wp\/v2\/product\/1291","targetHints":{"allow":["GET"]}}],"collection":[{"href":"https:\/\/wordpress.famberg.de\/index.php\/wp-json\/wp\/v2\/product"}],"about":[{"href":"https:\/\/wordpress.famberg.de\/index.php\/wp-json\/wp\/v2\/types\/product"}],"wp:featuredmedia":[{"embeddable":true,"href":"https:\/\/wordpress.famberg.de\/index.php\/wp-json\/wp\/v2\/media\/244"}],"wp:attachment":[{"href":"https:\/\/wordpress.famberg.de\/index.php\/wp-json\/wp\/v2\/media?parent=1291"}],"wp:term":[{"taxonomy":"product_brand","embeddable":true,"href":"https:\/\/wordpress.famberg.de\/index.php\/wp-json\/wp\/v2\/product_brand?post=1291"},{"taxonomy":"product_cat","embeddable":true,"href":"https:\/\/wordpress.famberg.de\/index.php\/wp-json\/wp\/v2\/product_cat?post=1291"},{"taxonomy":"product_tag","embeddable":true,"href":"https:\/\/wordpress.famberg.de\/index.php\/wp-json\/wp\/v2\/product_tag?post=1291"}],"curies":[{"name":"wp","href":"https:\/\/api.w.org\/{rel}","templated":true}]}}