{"id":1287,"date":"2024-02-24T11:23:21","date_gmt":"2024-02-24T10:23:21","guid":{"rendered":"https:\/\/wordpress.famberg.de\/index.php\/produkt\/getreidemuehle-queen-2-steinmuehle-elektrisch\/"},"modified":"2025-12-19T03:02:07","modified_gmt":"2025-12-19T02:02:07","slug":"getreidemuehle-queen-2-steinmuehle-elektrisch","status":"publish","type":"product","link":"https:\/\/wordpress.famberg.de\/index.php\/produkt\/getreidemuehle-queen-2-steinmuehle-elektrisch\/","title":{"rendered":"Hawos Getreidem\u00fchle Queen 2 Steinm\u00fchle elektrisch"},"content":{"rendered":"<div style=\"width: 200px;\"><\/div><p><span style=\"font-size: medium;\"><b>Hawos Getreidem\u00fchle Queen 2<\/b><br \/><\/span><\/p><p><span style=\"font-size: medium;\">\u00a0<\/span><span style=\"font-size: medium;\">Bis auf das Material ist diese Getreidem\u00fchle identisch mit der Billy 200. Die Queen 2 besteht aus der etwas rustikaleren Multiplex Buche. Qualitativ hochwertige Hawos M\u00fchlentechnik verpackt in zeitlosen und unaufdringlichen Design. Das Design von Hawos M\u00fchlen folgt dabei immer der Funktion. Die Hawos Queen ist dabei ausgesprochen funktionell.\u00a0<\/span><\/p><p><span style=\"font-size: medium;\">Die Queen ist eine der preiswerteren M\u00fchlen von Hawos und es wird dabei nicht an der Qualit\u00e4t gespart. Die Motorleistung ist stark genug f\u00fcr alle anfallenden Mahlaufgaben im Haushalt. Daf\u00fcr sorgen auch die extragro\u00dfen Korund-Keramiksteine (100mm). Das Innere der Mahlkammern besteht aus lebensmittelechtem Kunststoff, was die M\u00fchle sehr hygienisch macht. Mit Hilfe der sinnvollen Verstelltechnik kann man stets die gew\u00fcnschte Mehlfeinheit einstellen. Das Mahlwerk ist hochelastisch gelagert und arbeitet angenehm leise.<\/span><\/p><p><span style=\"font-size: medium;\">\u00a0<\/span><span style=\"font-size: medium;\"><b>Hawos Queen 2 aus Multiplex Buche<\/b><\/span><\/p><p><span style=\"font-size: medium;\">Massives Multiplex f\u00fcr das Geh\u00e4use! Die hervorragende Holzmischung sorgt f\u00fcr eine noch l\u00e4ngere Haltbarkeit. Diese wird unter extrem starken Druck verleimt. Dadurch erh\u00e4lt das Material eine besonders hohe Stabilit\u00e4t.\u00a0<\/span><span style=\"font-size: medium;\">Multiplex ist unempfindlich gegen Feuchtigkeit. Es ist lebendig, zeitlos und hat einen unverwechselbaren Charakter<\/span><\/p><p><span style=\"font-size: medium;\">\u00a0<\/span><span style=\"font-size: medium;\"><b>Queen 2 ist geeignet f\u00fcr eine gr\u00f6\u00dfere Familie<\/b><\/span><\/p><p><span style=\"font-size: medium;\">Mahlleistung:<\/span><\/p><ul><li><span style=\"font-size: medium;\">bei feiner Einstellung ca. 220g<br \/><\/span><\/li><li><span style=\"font-size: medium;\">bei extrafeiner Einstellung ca.180g<br \/><\/span><\/li><li><span style=\"font-size: medium;\">bei grober Einstellung ca. 500g<\/span><\/li><\/ul><p><span style=\"font-size: medium;\">Trichterf\u00fcllmenge (Weizen) ca. 1500g<\/span><\/p><p><span style=\"font-size: medium;\">Mahlstein Durchmesser: 100mm<\/span><\/p><p><span style=\"font-size: medium;\">Lautstarke in dB: ca. 72<\/span><\/p><p><span style=\"font-size: medium;\">Motorleistung: 600W<\/span><\/p><p><span style=\"font-size: medium;\">Unterstellh\u00f6he f\u00fcr Sch\u00fcssel: 17cm<\/span><\/p><p><span style=\"font-size: medium;\">Ma\u00dfe (BxHxT): 210 x 450 x 210 mm<\/span><\/p><p><span style=\"font-size: medium;\">Oberfl\u00e4che mit Lein\u00f6firnis behandelt<\/span><\/p><p><span style=\"font-size: medium;\">\u00a0<\/span><span style=\"font-size: medium;\"><b>10 Jahre Garantie<\/b><\/span><\/p><p><span style=\"font-size: medium;\">Ralf Pigge, Gesch\u00e4ftsf\u00fchrer der Hawos Kornm\u00fchlen GmbH ist \u00fcberzeugt, Qualit\u00e4t hat Zukunft!\u00a0<\/span><span style=\"font-size: medium;\">Deshalb gilt ab sofort f\u00fcr alle Haushalts-Getreidem\u00fchlen aus der Hawos Kornm\u00fchlen GmbH eine Garantiezeit von 10 Jahren.<\/span><\/p>","protected":false},"excerpt":{"rendered":"<p>Hawos Getreidem\u00fchle Queen 2\u00a0Bis auf das Material ist diese Getreidem\u00fchle identisch mit der Billy 200. Die Queen 2 besteht aus der etwas rustikaleren Multiplex Buche. Qualitativ hochwertige Hawos M\u00fchlentechnik verpackt in zeitlosen und unaufdringlichen Design. Das Design von Hawos M\u00fchlen folgt dabei immer der Funktion. Die Hawos Queen ist dabei ausgesprochen funktionell.\u00a0Die Queen ist eine [&hellip;]<\/p>\n","protected":false},"featured_media":216,"template":"","meta":[],"product_brand":[],"product_cat":[107],"product_tag":[],"class_list":{"0":"post-1287","1":"product","2":"type-product","3":"status-publish","4":"has-post-thumbnail","6":"product_cat-eletrische-getreidemuehlen","7":"product_shipping_class-direkt-luba","8":"pa_produkart-getreidemuehle","10":"first","11":"instock","12":"taxable","13":"shipping-taxable","14":"purchasable","15":"product-type-simple"},"supplier_id":1283,"supplier_sku":"300-345","barcode":null,"atum_controlled":false,"out_stock_date":null,"out_stock_threshold":null,"inheritable":false,"inbound_stock":0,"stock_on_hold":0,"sold_today":0,"sales_last_days":1,"reserved_stock":null,"customer_returns":null,"warehouse_damage":null,"lost_in_post":null,"other_logs":null,"out_stock_days":0,"lost_sales":0,"has_location":false,"update_date":"2026-02-17T15:05:39","atum_locations":[],"atum_stock_status":"instock","restock_status":false,"low_stock_amount":"","sales_update_date":"2026-02-17T15:05:39","calc_backorders":null,"_links":{"self":[{"href":"https:\/\/wordpress.famberg.de\/index.php\/wp-json\/wp\/v2\/product\/1287","targetHints":{"allow":["GET"]}}],"collection":[{"href":"https:\/\/wordpress.famberg.de\/index.php\/wp-json\/wp\/v2\/product"}],"about":[{"href":"https:\/\/wordpress.famberg.de\/index.php\/wp-json\/wp\/v2\/types\/product"}],"wp:featuredmedia":[{"embeddable":true,"href":"https:\/\/wordpress.famberg.de\/index.php\/wp-json\/wp\/v2\/media\/216"}],"wp:attachment":[{"href":"https:\/\/wordpress.famberg.de\/index.php\/wp-json\/wp\/v2\/media?parent=1287"}],"wp:term":[{"taxonomy":"product_brand","embeddable":true,"href":"https:\/\/wordpress.famberg.de\/index.php\/wp-json\/wp\/v2\/product_brand?post=1287"},{"taxonomy":"product_cat","embeddable":true,"href":"https:\/\/wordpress.famberg.de\/index.php\/wp-json\/wp\/v2\/product_cat?post=1287"},{"taxonomy":"product_tag","embeddable":true,"href":"https:\/\/wordpress.famberg.de\/index.php\/wp-json\/wp\/v2\/product_tag?post=1287"}],"curies":[{"name":"wp","href":"https:\/\/api.w.org\/{rel}","templated":true}]}}