{"id":1286,"date":"2024-02-24T11:23:20","date_gmt":"2024-02-24T10:23:20","guid":{"rendered":"https:\/\/wordpress.famberg.de\/index.php\/produkt\/getreidemuehle-queen-1-steinmuehle-elektrisch\/"},"modified":"2025-12-19T12:52:14","modified_gmt":"2025-12-19T11:52:14","slug":"getreidemuehle-queen-1-steinmuehle-elektrisch","status":"publish","type":"product","link":"https:\/\/wordpress.famberg.de\/index.php\/produkt\/getreidemuehle-queen-1-steinmuehle-elektrisch\/","title":{"rendered":"Hawos Getreidem\u00fchle Queen 1 Steinm\u00fchle elektrisch"},"content":{"rendered":"<div><p><span style=\"font-size: medium;\"><span style=\"color: #006600;\"><b>Hawos Getreidem\u00fchle Queen 1<\/b><\/span><\/span><\/p><p>Bis auf das Material ist diese Getreidem\u00fchle\u00a0identisch mit der Billy 100. Die Queen 1 besteht aus dem etwas dunkleren und rustikaleren Multiplex Buche. Qualitativ hochwertige Hawos M\u00fchlentechnik verpackt in zeitlosen und unaufdringlichen Design. Das Design von Hawos M\u00fchlen folgt dabei immer der Funktion. Und Hawos Queen ist dabei ausgesprochen funktionell.<\/p><p>Die Queen 1 ist eine der preiswerteren M\u00fchlen von Hawos. Dabei wird aber nicht an der Qualit\u00e4t gespart. Die Motorleistung ist stark genug f\u00fcr alle anfallenden Mahlaufgaben im Haushalt. Daf\u00fcr sorgen auch die extragro\u00dfen Korund-Keramiksteine (100mm). Da das Innere der Mahlkammern hoch sensible im Bezug auf Hygiene ist, wird dies aus lebensmittelechtem Kunststoff gefertigt.<br \/>Mit Hilfe der sinnvollen Verstelltechnik kann man stets die gew\u00fcnschte Mehlfeinheit einstellen. Das Mahlwerk ist hochelastisch gelagert und arbeitet so angenehm leise.<\/p><p><b>Hawos Queen aus Multiplex Buche<\/b><br \/>Massives Mulitplex f\u00fcr das Geh\u00e4use! Die hervorragende Holzmischung sorgt f\u00fcr eine noch l\u00e4ngere Haltbarkeit. Diese wird unter extrem starken Druck verleimt. Dadurch erh\u00e4lt das Material eine besonders hohe Stabilit\u00e4t.\u00a0Mulitplex ist unempfindlich gegen Feuchtigkeit. Es ist lebendig, zeitlos und hat einen unverwechselbaren Charakter.<br \/><b><br \/>Die Getreidem\u00fchle Queen 1 geeignet f\u00fcr 1-4 Personen<\/b><\/p><\/div><div><p><span style=\"font-size: medium;\"><b><br \/><\/b>Mahlleistung:<br \/><\/span><\/p><ul><li>bei feiner Einstellung ca. 125g<\/li><li>bei extrafeiner Einstellung ca.100g<\/li><li>bei grober Einstellung ca. 300g<\/li><\/ul><p><span style=\"font-size: medium;\">Trichterf\u00fcllmenge (Weizen) ca. 1300g<br \/>Mahlstein Druchmesser: 100mm<br \/>Lautst\u00e4rke in dB: ca. 70<br \/>Motorleistung: 360W \/ 230 V<br \/>Unterstellh\u00f6he f\u00fcr Sch\u00fcssel: 12cm<br \/>Ma\u00dfe (BxHxT): 210 x 385 x 210 mm<\/span><\/p><\/div><div><span style=\"font-size: medium;\">Gewicht: 9,8 kg<br \/>Oberfl\u00e4che mit Lein\u00f6firnis behandelt<\/span><\/div><div><span style=\"font-size: medium;\">\u00a0<\/span><\/div><div><span style=\"font-size: medium;\">Hawos kennt seine Qualit\u00e4t, daher gibt Hawos auf alle Getreidem\u00fchlen bei Nutzung im privaten Haushalt 10 Jahre Garantie. Sollte in dieser Zeit ein Defekt auftreten, der ohne Fremdeinwirkung entstanden ist, wird das Produkt kostenfrei repariert. Bei gewerblicher Nutzung verringert sich die Garantie auf 2 Jahre. Durch die Herstellergarantie werden die gesetzlichen Rechte aus der Gew\u00e4hrleistung nicht eingeschr\u00e4nkt. Die Herstellergarantie wird von LUBA GmbH, Ober-Eschbacher Stra\u00dfe 37, 61352 Bad Homburg, Deutschland getragen und gilt wenn nicht anders angegeben in Deutschland. Alle n\u00e4heren Informationen liegen ausf\u00fchrlich Ihrem Ger\u00e4t bei.<br \/>Der Garantiegeber ist: hawos Kornm\u00fchlen GmbH, Massenheimer Weg 25, 61352 Bad Homburg, Deutschland<br \/><\/span><\/div>","protected":false},"excerpt":{"rendered":"<p>Hawos Getreidem\u00fchle Queen 1Bis auf das Material ist diese Getreidem\u00fchle\u00a0identisch mit der Billy 100. Die Queen 1 besteht aus dem etwas dunkleren und rustikaleren Multiplex Buche. Qualitativ hochwertige Hawos M\u00fchlentechnik verpackt in zeitlosen und unaufdringlichen Design. Das Design von Hawos M\u00fchlen folgt dabei immer der Funktion. Und Hawos Queen ist dabei ausgesprochen funktionell.Die Queen 1 [&hellip;]<\/p>\n","protected":false},"featured_media":225,"template":"","meta":[],"product_brand":[],"product_cat":[107],"product_tag":[],"class_list":{"0":"post-1286","1":"product","2":"type-product","3":"status-publish","4":"has-post-thumbnail","6":"product_cat-eletrische-getreidemuehlen","7":"product_shipping_class-direkt-luba","9":"first","10":"instock","11":"taxable","12":"shipping-taxable","13":"purchasable","14":"product-type-simple"},"supplier_id":1283,"supplier_sku":"300-245","barcode":null,"atum_controlled":true,"out_stock_date":null,"out_stock_threshold":null,"inheritable":false,"inbound_stock":0,"stock_on_hold":0,"sold_today":0,"sales_last_days":1,"reserved_stock":null,"customer_returns":null,"warehouse_damage":null,"lost_in_post":null,"other_logs":null,"out_stock_days":0,"lost_sales":0,"has_location":false,"update_date":"2025-12-19T14:18:49","atum_locations":[],"atum_stock_status":"instock","restock_status":false,"low_stock_amount":"","sales_update_date":"2025-12-19T14:18:49","calc_backorders":null,"_links":{"self":[{"href":"https:\/\/wordpress.famberg.de\/index.php\/wp-json\/wp\/v2\/product\/1286","targetHints":{"allow":["GET"]}}],"collection":[{"href":"https:\/\/wordpress.famberg.de\/index.php\/wp-json\/wp\/v2\/product"}],"about":[{"href":"https:\/\/wordpress.famberg.de\/index.php\/wp-json\/wp\/v2\/types\/product"}],"wp:featuredmedia":[{"embeddable":true,"href":"https:\/\/wordpress.famberg.de\/index.php\/wp-json\/wp\/v2\/media\/225"}],"wp:attachment":[{"href":"https:\/\/wordpress.famberg.de\/index.php\/wp-json\/wp\/v2\/media?parent=1286"}],"wp:term":[{"taxonomy":"product_brand","embeddable":true,"href":"https:\/\/wordpress.famberg.de\/index.php\/wp-json\/wp\/v2\/product_brand?post=1286"},{"taxonomy":"product_cat","embeddable":true,"href":"https:\/\/wordpress.famberg.de\/index.php\/wp-json\/wp\/v2\/product_cat?post=1286"},{"taxonomy":"product_tag","embeddable":true,"href":"https:\/\/wordpress.famberg.de\/index.php\/wp-json\/wp\/v2\/product_tag?post=1286"}],"curies":[{"name":"wp","href":"https:\/\/api.w.org\/{rel}","templated":true}]}}