{"id":1284,"date":"2024-02-24T11:23:18","date_gmt":"2024-02-24T10:23:18","guid":{"rendered":"https:\/\/wordpress.famberg.de\/index.php\/produkt\/getreidemuehle-billy-100-steinmuehle-elektrisch\/"},"modified":"2026-02-03T19:25:43","modified_gmt":"2026-02-03T18:25:43","slug":"getreidemuehle-billy-100-steinmuehle-elektrisch","status":"publish","type":"product","link":"https:\/\/wordpress.famberg.de\/index.php\/produkt\/getreidemuehle-billy-100-steinmuehle-elektrisch\/","title":{"rendered":"Hawos Billy 1 Getreidem\u00fchle NEU OVP &#8211; Elektrische Kornm\u00fchle 360W &#8211; 10J Garantie"},"content":{"rendered":"<div class=\"otQkpb\" role=\"heading\" aria-level=\"3\" data-animation-nesting=\"\" data-sfc-cp=\"\" data-complete=\"true\" data-processed=\"true\" data-sae=\"\">NEU &amp; OVP hawos Billy 1 Getreidem\u00fchle \u2013 360W \u2013 10 Jahre Garantie bei privater Nutzung<\/div><div role=\"heading\" aria-level=\"3\" data-animation-nesting=\"\" data-sfc-cp=\"\" data-complete=\"true\" data-processed=\"true\" data-sae=\"\"><\/div><div class=\"Y3BBE\" data-sfc-cp=\"\" data-hveid=\"CAEIBRAA\" data-complete=\"true\" data-processed=\"true\">Sie bieten hier auf eine <strong class=\"Yjhzub\" data-complete=\"true\" data-processed=\"true\">nagelneue, unbenutzte<\/strong> Getreidem\u00fchle der Premium-Marke <strong class=\"Yjhzub\" data-complete=\"true\" data-processed=\"true\">hawos<\/strong>. Das Modell <strong class=\"Yjhzub\" data-complete=\"true\" data-processed=\"true\">Billy 1<\/strong> ist ein Klassiker unter den M\u00fchlen und kombiniert unverw\u00fcstliche Technik mit einem modernen Geh\u00e4use aus extrem stabilem Birkenschichtholz.<\/div><div data-sfc-cp=\"\" data-hveid=\"CAEIBRAA\" data-complete=\"true\" data-processed=\"true\">Die hawo&#8220;s Billy 100 ist bestens geeignet f\u00fcr Familien mit 1-4 Personen.<\/div><div data-sfc-cp=\"\" data-hveid=\"CAEIBRAA\" data-complete=\"true\" data-processed=\"true\"><\/div><div class=\"Y3BBE\" data-sfc-cp=\"\" data-hveid=\"CAEIBhAA\" data-complete=\"true\" data-processed=\"true\"><strong class=\"Yjhzub\" data-complete=\"true\" data-processed=\"true\">Zustand:<\/strong><\/div><ul class=\"KsbFXc U6u95\" data-complete=\"true\" data-processed=\"true\"><li data-hveid=\"CAEIBxAA\" data-complete=\"true\" data-sae=\"\"><span class=\"T286Pc\" data-sfc-cp=\"\" data-complete=\"true\"><strong class=\"Yjhzub\" data-complete=\"true\">Nagelneu und unbenutzt.<\/strong><\/span><\/li><li data-hveid=\"CAEIBxAB\" data-complete=\"true\" data-sae=\"\"><span class=\"T286Pc\" data-sfc-cp=\"\" data-complete=\"true\">In der <strong class=\"Yjhzub\" data-complete=\"true\">Originalverpackung (OVP)<\/strong>.<\/span><\/li><li data-hveid=\"CAEIBxAC\" data-complete=\"true\" data-sae=\"\"><span class=\"T286Pc\" data-sfc-cp=\"\" data-complete=\"true\">absolut hygienisch.<\/span><\/li><\/ul><div class=\"Y3BBE\" data-sfc-cp=\"\" data-hveid=\"CAEICBAA\" data-complete=\"true\" data-processed=\"true\"><strong class=\"Yjhzub\" data-complete=\"true\" data-processed=\"true\">Das macht die Billy 1 so besonders:<\/strong><\/div><ul class=\"KsbFXc U6u95\" data-processed=\"true\" data-complete=\"true\"><li data-hveid=\"CAEICRAA\" data-complete=\"true\" data-sae=\"\"><span class=\"T286Pc\" data-sfc-cp=\"\" data-complete=\"true\"><strong class=\"Yjhzub\" data-complete=\"true\">Extrem Robust:<\/strong> Das Geh\u00e4use aus Buche-Multiplex ist verzugsfrei und unempfindlich gegen\u00fcber K\u00fcchenfeuchtigkeit.<\/span><\/li><li data-hveid=\"CAEICRAB\" data-complete=\"true\" data-sae=\"\"><span class=\"T286Pc\" data-sfc-cp=\"\" data-complete=\"true\"><strong class=\"Yjhzub\" data-complete=\"true\">Power-Motor:<\/strong> Der 360-Watt-Industriemotor verarbeitet m\u00fchelos alle Getreidearten (auch Mais, Reis und H\u00fclsenfr\u00fcchte).<\/span><\/li><li data-hveid=\"CAEICRAC\" data-sae=\"\" data-complete=\"true\"><span class=\"T286Pc\" data-sfc-cp=\"\" data-complete=\"true\"><strong class=\"Yjhzub\" data-complete=\"true\">Pr\u00e4zision:<\/strong> Die 100-mm-Mahlsteine aus Korund-Keramik lassen sich stufenlos justieren \u2013 von staubfeinem Mehl bis zu grobem Schrot.<\/span><\/li><li data-hveid=\"CAEICRAD\" data-complete=\"true\" data-processed=\"true\" data-sae=\"\"><span class=\"T286Pc\" data-sfc-cp=\"\" data-complete=\"true\"><strong class=\"Yjhzub\" data-complete=\"true\">Leise 70 dB:<\/strong> Dank der elastischen Mahlwerkslagerung geh\u00f6rt sie zu den leisesten Ger\u00e4ten ihrer Klasse.<\/span><\/li><\/ul><div class=\"Y3BBE\" data-sfc-cp=\"\" data-hveid=\"CAEIChAA\" data-complete=\"true\" data-processed=\"true\"><strong class=\"Yjhzub\" data-complete=\"true\" data-processed=\"true\">Technische Daten im \u00dcberblick:<\/strong><\/div><ul class=\"KsbFXc U6u95\" data-complete=\"true\" data-processed=\"true\"><li data-hveid=\"CAEICxAA\" data-complete=\"true\" data-sae=\"\"><span class=\"T286Pc\" data-sfc-cp=\"\" data-complete=\"true\"><strong class=\"Yjhzub\" data-complete=\"true\">Mahlleistung Weizen:<\/strong> ca. 125 g\/Min. (fein), bis zu 300 g\/Min. (grob).<\/span><\/li><li data-hveid=\"CAEICxAB\" data-complete=\"true\" data-sae=\"\"><span class=\"T286Pc\" data-sfc-cp=\"\" data-complete=\"true\"><strong class=\"Yjhzub\" data-complete=\"true\">Trichterf\u00fcllmenge:<\/strong> ca. 1.300 g.<\/span><\/li><li data-hveid=\"CAEICxAC\" data-complete=\"true\" data-sae=\"\"><span class=\"T286Pc\" data-sfc-cp=\"\" data-complete=\"true\"><strong class=\"Yjhzub\" data-complete=\"true\">Mahlstein:<\/strong> Korund-Keramik (100 mm \u00d8).<\/span><\/li><li data-hveid=\"CAEICxAD\" data-complete=\"true\" data-sae=\"\"><span class=\"T286Pc\" data-sfc-cp=\"\" data-complete=\"true\"><strong class=\"Yjhzub\" data-complete=\"true\">Ma\u00dfe:<\/strong> 385 x 210 x 210 mm.<\/span><\/li><li data-hveid=\"CAEICxAE\" data-complete=\"true\" data-sae=\"\"><span class=\"T286Pc\" data-sfc-cp=\"\" data-complete=\"true\"><strong class=\"Yjhzub\" data-complete=\"true\">Gewicht:<\/strong> ca. 8,8 kg.<\/span><\/li><li data-hveid=\"CAEICxAE\" data-complete=\"true\" data-sae=\"\">Stufenlos einstellbar<\/li><li data-hveid=\"CAEICxAE\" data-complete=\"true\" data-sae=\"\"><strong>unterh\u00f6he f\u00fcr Sch\u00fcssel:<\/strong> 12 cm<\/li><li data-hveid=\"CAEICxAE\" data-complete=\"true\" data-sae=\"\">Oberfl\u00e4chenbehandlung: Lein\u00f6lfirnis<\/li><li data-hveid=\"CAEICxAE\" data-complete=\"true\" data-sae=\"\"><strong>Gewicht:<\/strong> 8 kg<\/li><li data-hveid=\"CAEICxAE\" data-complete=\"true\" data-sae=\"\"><strong>Motorleistung:<\/strong> 360 Watt<\/li><li data-hveid=\"CAEICxAE\" data-complete=\"true\" data-sae=\"\"><strong>Netzspannung:<\/strong> 230 V<\/li><\/ul><p>Ralf Pigge, Gesch\u00e4ftsf\u00fchrer der hawos kornm\u00fchlen GmbH ist \u00fcberzeugt, Qualit\u00e4t hat Zukunft! Deshalb vergoldet ab sofort eine Garantiezeit von 10 JAHREN, alle Haushalts-Getreidem\u00fchlen aus der hawos kornm\u00fchlen GmbH<\/p><p>Hawos gew\u00e4hrt auf alle Getreidem\u00fchlen eine freiwillige Garantie auf alle Fertigungs- und Materialfehler. Die Garantiezeit betr\u00e4gt 10 Jahre bei privater und 2 Jahre bei gewerblicher Nutzung, Hersteller Bring-In-Garantie. \u00a0Durch die Herstellergarantie werden die gesetzlichen Rechte aus der Gew\u00e4hrleistung nicht eingeschr\u00e4nkt.\u00a0 Die Herstellergarantie wird von hawos Kornm\u00fchlen GmbH, Ober-Eschbacher-Stra\u00dfe 37, 61352 Bad Homburg getragen und gilt wenn nicht anders angegeben in Deutschland. Die Kundendienstadresse ist<\/p>","protected":false},"excerpt":{"rendered":"<p>NEU &amp; OVP hawos Billy 1 Getreidem\u00fchle \u2013 360W \u2013 10 Jahre Garantie bei privater NutzungSie bieten hier auf eine nagelneue, unbenutzte Getreidem\u00fchle der Premium-Marke hawos. Das Modell Billy 1 ist ein Klassiker unter den M\u00fchlen und kombiniert unverw\u00fcstliche Technik mit einem modernen Geh\u00e4use aus extrem stabilem Birkenschichtholz.Die hawo&#8220;s Billy 100 ist bestens geeignet f\u00fcr [&hellip;]<\/p>\n","protected":false},"featured_media":222,"template":"","meta":[],"product_brand":[],"product_cat":[107],"product_tag":[],"class_list":{"0":"post-1284","1":"product","2":"type-product","3":"status-publish","4":"has-post-thumbnail","6":"product_cat-eletrische-getreidemuehlen","7":"product_shipping_class-direkt-luba","9":"first","10":"outofstock","11":"taxable","12":"shipping-taxable","13":"purchasable","14":"product-type-simple"},"supplier_id":1283,"supplier_sku":"300-249","barcode":null,"atum_controlled":true,"out_stock_date":"2026-01-19 13:47:47","out_stock_threshold":null,"inheritable":false,"inbound_stock":0,"stock_on_hold":0,"sold_today":0,"sales_last_days":1,"reserved_stock":0,"customer_returns":0,"warehouse_damage":0,"lost_in_post":0,"other_logs":0,"out_stock_days":15,"lost_sales":128,"has_location":false,"update_date":"2026-02-03T18:25:49","atum_locations":[],"atum_stock_status":"outofstock","restock_status":false,"low_stock_amount":"","sales_update_date":"2026-01-22T21:04:45","calc_backorders":null,"_links":{"self":[{"href":"https:\/\/wordpress.famberg.de\/index.php\/wp-json\/wp\/v2\/product\/1284","targetHints":{"allow":["GET"]}}],"collection":[{"href":"https:\/\/wordpress.famberg.de\/index.php\/wp-json\/wp\/v2\/product"}],"about":[{"href":"https:\/\/wordpress.famberg.de\/index.php\/wp-json\/wp\/v2\/types\/product"}],"wp:featuredmedia":[{"embeddable":true,"href":"https:\/\/wordpress.famberg.de\/index.php\/wp-json\/wp\/v2\/media\/222"}],"wp:attachment":[{"href":"https:\/\/wordpress.famberg.de\/index.php\/wp-json\/wp\/v2\/media?parent=1284"}],"wp:term":[{"taxonomy":"product_brand","embeddable":true,"href":"https:\/\/wordpress.famberg.de\/index.php\/wp-json\/wp\/v2\/product_brand?post=1284"},{"taxonomy":"product_cat","embeddable":true,"href":"https:\/\/wordpress.famberg.de\/index.php\/wp-json\/wp\/v2\/product_cat?post=1284"},{"taxonomy":"product_tag","embeddable":true,"href":"https:\/\/wordpress.famberg.de\/index.php\/wp-json\/wp\/v2\/product_tag?post=1284"}],"curies":[{"name":"wp","href":"https:\/\/api.w.org\/{rel}","templated":true}]}}