{"id":69,"date":"2024-02-07T13:56:31","date_gmt":"2024-02-07T12:56:31","guid":{"rendered":"https:\/\/wordpress.famberg.de\/index.php\/bezahlmoeglichkeiten\/"},"modified":"2024-03-16T21:39:42","modified_gmt":"2024-03-16T20:39:42","slug":"bezahlmoeglichkeiten","status":"publish","type":"page","link":"https:\/\/wordpress.famberg.de\/index.php\/bezahlmoeglichkeiten\/","title":{"rendered":"Zahlungsarten"},"content":{"rendered":"<div class=\"woocommerce woocommerce-gzd\">\n\t<ul class=\"payment_methods methods\">\n\t\t\t\t\t<li class=\"payment_method_bacs\">\n\t\t\t\t<label>Direkte Bank\u00fcberweisung<\/label>\n\t\t\t\t\t\t\t\t\t<div class=\"payment_box payment_method_bacs\">\n\t\t\t\t\t\t<p>\u00dcberweise direkt an unsere Bankverbindung. Bitte nutze die Bestellnummer als Verwendungszweck. Deine Bestellung wird erst nach Geldeingang auf unserem Konto versandt.<\/p>\n\t\t\t\t\t<\/div>\n\t\t\t\t\t\t\t<\/li>\n\t\t\t\t\t<li class=\"payment_method_ppcp\">\n\t\t\t\t<label>PayPal<img decoding=\"async\" src=\"https:\/\/wordpress.famberg.de\/wp-content\/plugins\/pymntpl-paypal-woocommerce\/assets\/img\/paypal_logo.svg\" alt=\"PayPal\" \/><\/label>\n\t\t\t\t\t\t\t\t\t<div class=\"payment_box payment_method_ppcp\">\n\t\t\t\t\t\t<p><\/p>\n\t\t\t\t\t<\/div>\n\t\t\t\t\t\t\t<\/li>\n\t\t\t\t\t<li class=\"payment_method_invoice\">\n\t\t\t\t<label>Rechnung<\/label>\n\t\t\t\t\t\t\t\t\t<div class=\"payment_box payment_method_invoice\">\n\t\t\t\t\t\t<p>Du erh\u00e4ltst nach der Bestellung eine Rechnung von uns. Bitte \u00fcberweise den Gesamtbetrag innerhalb von 14 Tagen auf das dort angegebene Konto.<\/p>\n\t\t\t\t\t<\/div>\n\t\t\t\t\t\t\t<\/li>\n\t\t\t\t\t<li class=\"payment_method_amazon_payments_advanced\">\n\t\t\t\t<label>Amazon Pay<img decoding=\"async\" src=\"https:\/\/wordpress.famberg.de\/wp-content\/plugins\/woocommerce-gateway-amazon-payments-advanced\/build\/images\/amazon-payments.png\" alt=\"Amazon Pay\" \/><\/label>\n\t\t\t\t\t\t\t\t\t<div class=\"payment_box payment_method_amazon_payments_advanced\">\n\t\t\t\t\t\t<p>Schlie\u00dfen Sie Ihre Bestellung mit dem Amazon Account Daten ab. Hierf\u00fcr wird ein Amazon Account ben\u00f6tigt.<\/p>\n\t\t\t\t\t<\/div>\n\t\t\t\t\t\t\t<\/li>\n\t\t\t\t\t<li class=\"payment_method_amazon_payments_advanced_express\">\n\t\t\t\t<label>Amazon Pay<img decoding=\"async\" src=\"https:\/\/wordpress.famberg.de\/wp-content\/plugins\/woocommerce-gateway-amazon-payments-advanced\/build\/images\/amazon-payments.png\" alt=\"Amazon Pay\" \/><\/label>\n\t\t\t\t\t\t\t\t\t<div class=\"payment_box payment_method_amazon_payments_advanced_express\">\n\t\t\t\t\t\t<p>Schlie\u00dfen Sie Ihre Bestellung mit dem Amazon Account Daten ab. Hierf\u00fcr wird ein Amazon Account ben\u00f6tigt.<\/p>\n\t\t\t\t\t<\/div>\n\t\t\t\t\t\t\t<\/li>\n\t\t\t<\/ul>\n<\/div>\n","protected":false},"excerpt":{"rendered":"","protected":false},"author":1,"featured_media":0,"parent":0,"menu_order":0,"comment_status":"closed","ping_status":"closed","template":"","meta":{"footnotes":""},"class_list":["post-69","page","type-page","status-publish","hentry"],"_links":{"self":[{"href":"https:\/\/wordpress.famberg.de\/index.php\/wp-json\/wp\/v2\/pages\/69","targetHints":{"allow":["GET"]}}],"collection":[{"href":"https:\/\/wordpress.famberg.de\/index.php\/wp-json\/wp\/v2\/pages"}],"about":[{"href":"https:\/\/wordpress.famberg.de\/index.php\/wp-json\/wp\/v2\/types\/page"}],"author":[{"embeddable":true,"href":"https:\/\/wordpress.famberg.de\/index.php\/wp-json\/wp\/v2\/users\/1"}],"replies":[{"embeddable":true,"href":"https:\/\/wordpress.famberg.de\/index.php\/wp-json\/wp\/v2\/comments?post=69"}],"version-history":[{"count":3,"href":"https:\/\/wordpress.famberg.de\/index.php\/wp-json\/wp\/v2\/pages\/69\/revisions"}],"predecessor-version":[{"id":1725,"href":"https:\/\/wordpress.famberg.de\/index.php\/wp-json\/wp\/v2\/pages\/69\/revisions\/1725"}],"wp:attachment":[{"href":"https:\/\/wordpress.famberg.de\/index.php\/wp-json\/wp\/v2\/media?parent=69"}],"curies":[{"name":"wp","href":"https:\/\/api.w.org\/{rel}","templated":true}]}}