{"id":68,"date":"2024-02-07T13:56:31","date_gmt":"2024-02-07T12:56:31","guid":{"rendered":"https:\/\/wordpress.famberg.de\/index.php\/versandarten\/"},"modified":"2024-08-14T13:08:53","modified_gmt":"2024-08-14T11:08:53","slug":"versandarten","status":"publish","type":"page","link":"https:\/\/wordpress.famberg.de\/index.php\/versandarten\/","title":{"rendered":"Versandarten"},"content":{"rendered":"\n<div data-block-name=\"woocommerce-germanized\/product-shipping-costs-info\" class=\"is-loading\"><\/div>\n\n\n\n<div data-block-name=\"woocommerce-germanized\/product-shipping-costs-info\" class=\"is-loading\"><\/div>\n\n\n\n<p>Es gelten folgende Bedingungen:<\/p>\n\n\n\n<p><strong>Versandbedingungen<\/strong><\/p>\n\n\n\n<p>Die Lieferung der Ware erfolgt nach Deutschland Niederlande D\u00e4nemark Finnland Frankreich Frankreich (Korsika) Griechenland Gro\u00dfbritanien Irland Italien Lettland Norwegen \u00d6sterreich Polen Schweden Slowakei Slowenien Spanien Spanien (Kanarische Inseln) Tschechische Republik T\u00fcrkei Ungarn Zypern (griechischer Teil) Litauen Portugal.<\/p>\n\n\n\n<p>Soweit im jeweiligen Angebot keine andere Frist angegeben ist, erfolgt die Lieferung der Ware in Deutschland innerhalb von 1-3 Tagen, bei Auslandslieferungen innerhalb von 1-10 Tagen nach Vertragsschluss (bei vereinbarter Vorauszahlung nach dem Zeitpunkt Ihrer Zahlungsanweisung).<br><strong>Versandkosten<\/strong>&nbsp;(inklusive gesetzliche Mehrwertsteuer)<\/p>\n\n\n\n<p><strong>Lieferungen im Inland (Deutschland):&nbsp;<\/strong><\/p>\n\n\n\n<p>In unserem Webshop bieten wir\u00a0<strong>kostenfreien Versand<\/strong>\u00a0f\u00fcr alle Produkte, <strong>au\u00dfer in den Kategorien\u00a0Ersatzteile und K\u00fcchenhelfer<\/strong>. Dort berechnen wir eine\u00a0pauschale Versandgeb\u00fchr. F\u00fcr Pakete betr\u00e4gt diese\u00a05,90 Euro, w\u00e4hrend f\u00fcr Briefsendungen\u00a02,90<strong> Euro<\/strong>\u00a0anfallen.<\/p>\n\n\n\n<p>Ein besonderer Vorteil in der Kategorie\u00a0<strong>Ersatzteile<\/strong> <strong>und K\u00fcchenhelfe<\/strong>r: Wenn Sie mehrere Produkte kaufen, zahlen Sie dennoch nur\u00a0<strong>einmal Versandkosten<\/strong>, unabh\u00e4ngig von der Anzahl der Artikel. In den anderen versandkostenfreien Produktkategorien ist der Versand bereits in den Preisen einkalkuliert.<\/p>\n\n\n\n<p>Wir freuen uns darauf, Ihnen qualitativ hochwertige Produkte zuzusenden!<\/p>\n\n\n\n<p><\/p>\n\n\n\n<p><strong>Lieferungen ins Ausland:<\/strong><\/p>\n\n\n\n<p>Wir berechnen die Versandkosten ins Ausland nach Versandgewicht:<\/p>\n\n\n\n<p>Europ\u00e4ische Union von 7,90 Euro bis 31,00 Euro<br>Weltweit von 20,50 Euro bis 85,00 Euro<br>details bei dem jeweiligen Artikel<\/p>\n\n\n\n<p><strong>Lieferfristen<\/strong><\/p>\n\n\n\n<p>Soweit im jeweiligen Angebot keine andere Frist angegeben ist, erfolgt die Lieferung der Ware im Inland (Deutschland) innerhalb von 1-3 Tagen, bei Auslandslieferungen innerhalb von 5 &#8211; 10 Tagen nach Vertragsschluss (bei vereinbarter Vorauszahlung nach dem Zeitpunkt Ihrer Zahlungsanweisung).<br>Beachten Sie, dass an Sonn- und Feiertagen keine Zustellung erfolgt.<br>Haben Sie Artikel mit unterschiedlichen Lieferzeiten bestellt, versenden wir die Ware in einer gemeinsamen Sendung, sofern wir keine abweichenden Vereinbarungen mit Ihnen getroffen haben.&nbsp;Die Lieferzeit bestimmt sich in diesem Fall nach dem Artikel mit der l\u00e4ngsten Lieferzeit den Sie bestellt haben.<\/p>\n","protected":false},"excerpt":{"rendered":"<p>Es gelten folgende Bedingungen: Versandbedingungen Die Lieferung der Ware erfolgt nach Deutschland Niederlande D\u00e4nemark Finnland Frankreich Frankreich (Korsika) Griechenland Gro\u00dfbritanien Irland Italien Lettland Norwegen \u00d6sterreich Polen Schweden Slowakei Slowenien Spanien Spanien (Kanarische Inseln) Tschechische Republik T\u00fcrkei Ungarn Zypern (griechischer Teil) Litauen Portugal. Soweit im jeweiligen Angebot keine andere Frist angegeben ist, erfolgt die Lieferung der [&hellip;]<\/p>\n","protected":false},"author":1,"featured_media":0,"parent":0,"menu_order":0,"comment_status":"closed","ping_status":"closed","template":"","meta":{"footnotes":""},"class_list":["post-68","page","type-page","status-publish","hentry"],"_links":{"self":[{"href":"https:\/\/wordpress.famberg.de\/index.php\/wp-json\/wp\/v2\/pages\/68","targetHints":{"allow":["GET"]}}],"collection":[{"href":"https:\/\/wordpress.famberg.de\/index.php\/wp-json\/wp\/v2\/pages"}],"about":[{"href":"https:\/\/wordpress.famberg.de\/index.php\/wp-json\/wp\/v2\/types\/page"}],"author":[{"embeddable":true,"href":"https:\/\/wordpress.famberg.de\/index.php\/wp-json\/wp\/v2\/users\/1"}],"replies":[{"embeddable":true,"href":"https:\/\/wordpress.famberg.de\/index.php\/wp-json\/wp\/v2\/comments?post=68"}],"version-history":[{"count":8,"href":"https:\/\/wordpress.famberg.de\/index.php\/wp-json\/wp\/v2\/pages\/68\/revisions"}],"predecessor-version":[{"id":2310,"href":"https:\/\/wordpress.famberg.de\/index.php\/wp-json\/wp\/v2\/pages\/68\/revisions\/2310"}],"wp:attachment":[{"href":"https:\/\/wordpress.famberg.de\/index.php\/wp-json\/wp\/v2\/media?parent=68"}],"curies":[{"name":"wp","href":"https:\/\/api.w.org\/{rel}","templated":true}]}}