{"id":3,"date":"2024-02-06T18:49:51","date_gmt":"2024-02-06T17:49:51","guid":{"rendered":"https:\/\/wordpress.famberg.de\/?page_id=3"},"modified":"2025-02-18T10:34:50","modified_gmt":"2025-02-18T09:34:50","slug":"datenschutzerklaerung","status":"publish","type":"page","link":"https:\/\/wordpress.famberg.de\/index.php\/datenschutzerklaerung\/","title":{"rendered":"Datenschutzerkl\u00e4rung"},"content":{"rendered":"\n<p>Soweit nachstehend keine anderen Angaben gemacht werden, ist die Bereitstellung Ihrer personenbezogenen Daten weder gesetzlich oder vertraglich vorgeschrieben, noch f\u00fcr einen Vertragsabschluss erforderlich. Sie sind zur Bereitstellung der Daten nicht verpflichtet. Eine Nichtbereitstellung hat keine Folgen. Dies gilt nur soweit bei den nachfolgenden Verarbeitungsvorg\u00e4ngen keine anderweitige Angabe gemacht wird.<br>&#8222;Personenbezogene Daten&#8220; sind alle Informationen, die sich auf eine identifizierte oder identifizierbare nat\u00fcrliche Person beziehen.<\/p>\n\n\n\n<p>Server-Logfiles<br>Sie k\u00f6nnen unsere Webseiten besuchen, ohne Angaben zu Ihrer Person zu machen.<br>Bei jedem Zugriff auf unsere Website werden an uns oder unseren Webhoster \/ IT-Dienstleister Nutzungsdaten durch Ihren Internet Browser \u00fcbermittelt und in Protokolldaten (sog. Server-Logfiles) gespeichert. Zu diesen gespeicherten Daten geh\u00f6ren z.B. der Name der aufgerufenen Seite, Datum und Uhrzeit des Abrufs, die IP-Adresse, die \u00fcbertragene Datenmenge und der anfragende Provider.<br>Die Verarbeitung erfolgt auf Grundlage des Art. 6 Abs. 1 lit. f DSGVO aus unserem \u00fcberwiegenden berechtigten Interesse an der Gew\u00e4hrleistung eines st\u00f6rungsfreien Betriebs unserer Website sowie zur Verbesserung unseres Angebotes.<br>Kontakt<\/p>\n\n\n\n<p>Verantwortlicher<br>Kontaktieren Sie uns auf Wunsch. Verantwortlicher f\u00fcr die Datenverarbeitung ist: Michael Berg, Hallesche Str. 180, 04159 Leipzig Deutschland , 034126433185, michael@famberg.de<\/p>\n\n\n\n<p>Initiativ-Kontaktaufnahme des Kunden per E-Mail<br>Wenn Sie per E-Mail initiativ mit uns in Gesch\u00e4ftskontakt treten, erheben wir Ihre personenbezogenen Daten (Name, E-Mail-Adresse, Nachrichtentext) nur in dem von Ihnen zur Verf\u00fcgung gestellten Umfang. Die Datenverarbeitung dient der Bearbeitung und Beantwortung Ihrer Kontaktanfrage.<br>Wenn die Kontaktaufnahme der Durchf\u00fchrung vorvertraglichen Ma\u00dfnahmen (bspw. Beratung bei Kaufinteresse, Angebotserstellung) dient oder einen bereits zwischen Ihnen und uns geschlossenen Vertrag betrifft, erfolgt diese Datenverarbeitung auf Grundlage des Art. 6 Abs. 1 lit. b DSGVO.<br>Erfolgt die Kontaktaufnahme aus anderen Gr\u00fcnden, erfolgt diese Datenverarbeitung auf Grundlage des Art. 6 Abs. 1 lit. f DSGVO aus unserem \u00fcberwiegenden berechtigten Interesse an der Bearbeitung und Beantwortung Ihrer Anfrage. In diesem Fall haben Sie das Recht, aus Gr\u00fcnden, die sich aus Ihrer besonderen Situation ergeben, jederzeit dieser auf Art. 6 Abs. 1 lit. f DSGVO beruhenden Verarbeitungen Sie betreffender personenbezogener Daten zu widersprechen.<br>Ihre E-Mail-Adresse nutzen wir nur zur Bearbeitung Ihrer Anfrage. Ihre Daten werden anschlie\u00dfend unter Beachtung gesetzlicher Aufbewahrungsfristen gel\u00f6scht, sofern Sie der weitergehenden Verarbeitung und Nutzung nicht zugestimmt haben.<\/p>\n\n\n\n<p>Erhebung und Verarbeitung bei Nutzung des Kontaktformulars<br>Bei der Nutzung des Kontaktformulars erheben wir Ihre personenbezogenen Daten (Name, E-Mail-Adresse, Nachrichtentext) nur in dem von Ihnen zur Verf\u00fcgung gestellten Umfang. Die Datenverarbeitung dient dem Zweck der Kontaktaufnahme.<br>Wenn die Kontaktaufnahme der Durchf\u00fchrung vorvertraglichen Ma\u00dfnahmen (bspw. Beratung bei Kaufinteresse, Angebotserstellung) dient oder einen bereits zwischen Ihnen und uns geschlossenen Vertrag betrifft, erfolgt diese Datenverarbeitung auf Grundlage des Art. 6 Abs. 1 lit. b DSGVO. Erfolgt die Kontaktaufnahme aus anderen Gr\u00fcnden, erfolgt diese Datenverarbeitung auf Grundlage des Art. 6 Abs. 1 lit. f DSGVO aus unserem \u00fcberwiegenden berechtigten Interesse an der Bearbeitung und Beantwortung Ihrer Anfrage. In diesem Fall haben Sie das Recht, aus Gr\u00fcnden, die sich aus Ihrer besonderen Situation ergeben, jederzeit dieser auf Art. 6 Abs. 1 lit. f DSGVO beruhenden Verarbeitungen Sie betreffender personenbezogener Daten zu widersprechen. Ihre E-Mail-Adresse nutzen wir nur zur Bearbeitung Ihrer Anfrage. Ihre Daten werden anschlie\u00dfend unter Beachtung gesetzlicher Aufbewahrungsfristen gel\u00f6scht, sofern Sie der weitergehenden Verarbeitung und Nutzung nicht zugestimmt haben.<\/p>\n\n\n\n<p>Kundenkonto Bestellungen<\/p>\n\n\n\n<p>Kundenkonto<br>Bei der Er\u00f6ffnung eines Kundenkontos erheben wir Ihre personenbezogenen Daten in dem dort angegebenen Umfang. Die Datenverarbeitung dient dem Zweck, Ihr Einkaufserlebnis zu verbessern und die Bestellabwicklung zu vereinfachen. Die Verarbeitung erfolgt auf Grundlage des Art. 6 Abs. 1 lit. a DSGVO mit Ihrer Einwilligung. Sie k\u00f6nnen Ihre Einwilligung jederzeit durch Mitteilung an uns widerrufen, ohne dass die Rechtm\u00e4\u00dfigkeit der aufgrund der Einwilligung bis zum Widerruf erfolgten Verarbeitung ber\u00fchrt wird. Ihr Kundenkonto wird anschlie\u00dfend gel\u00f6scht.<\/p>\n\n\n\n<p>Erhebung, Verarbeitung und Weitergabe personenbezogener Daten bei Bestellungen<br>Bei der Bestellung erheben und verarbeiten wir Ihre personenbezogenen Daten nur, soweit dies zur Erf\u00fcllung und Abwicklung Ihrer Bestellung sowie zur Bearbeitung Ihrer Anfragen erforderlich ist. Die Bereitstellung der Daten ist f\u00fcr den Vertragsschluss erforderlich. Eine Nichtbereitstellung hat zur Folge, dass kein Vertrag geschlossen werden kann. Die Verarbeitung erfolgt auf Grundlage des Art. 6 Abs. 1 lit. b DSGVO und ist f\u00fcr die Erf\u00fcllung eines Vertrags mit Ihnen erforderlich.<br>Eine Weitergabe Ihrer Daten erfolgt dabei beispielsweise an die von Ihnen gew\u00e4hlten Versandunternehmen und Dropshipping Anbieter, Zahlungsdienstleister, Diensteanbieter f\u00fcr die Bestellabwicklung und IT-Dienstleister. In allen F\u00e4llen beachten wir strikt die gesetzlichen Vorgaben. Der Umfang der Daten\u00fcbermittlung beschr\u00e4nkt sich auf ein Mindestma\u00df.<\/p>\n\n\n\n<p>Versanddienstleister Warenwirtschaft<\/p>\n\n\n\n<p>Weitergabe der E-Mail-Adresse an Versandunternehmen zur Information \u00fcber den Versandstatus<br>Wir geben Ihre E-Mail-Adresse im Rahmen der Vertragsabwicklung an das Transportunternehmen weiter, sofern Sie dem ausdr\u00fccklich im Bestellvorgang zugestimmt haben. Die Weitergabe dient dem Zweck, Sie per E-Mail \u00fcber den Versandstatus zu informieren. Die Verarbeitung erfolgt auf Grundlage des Art. 6 Abs. 1 lit. a DSGVO mit Ihrer Einwilligung. Sie k\u00f6nnen die Einwilligung jederzeit durch Mitteilung an uns oder das Transportunternehmen widerrufen, ohne dass die Rechtm\u00e4\u00dfigkeit der aufgrund der Einwilligung bis zum Widerruf erfolgten Verarbeitung ber\u00fchrt wird.<\/p>\n\n\n\n<p>Die Verarbeitung Ihrer personenbezogenen Daten dient dem Zweck, den mit Ihnen geschlossenen Vertrag zu erf\u00fcllen und erfolgt auf Grundlage des Art. 6 Abs. 1 lit. b DSGVO.<\/p>\n\n\n\n<p>Zahlungsdienstleister Bonit\u00e4tsauskunft<\/p>\n\n\n\n<p>Verwendung von Amazon Pay<\/p>\n\n\n\n<p>Wir bieten die M\u00f6glichkeit, den Zahlungsvorgang \u00fcber den Zahlungsdienstleister amazon pay (Amazon Payments Europe s.c.a., 38 avenue J.F. Kennedy, L-1855 Luxemburg) abzuwickeln. Dies entspricht unserem berechtigten Interesse, eine effiziente und sichere Zahlungsmethode anzubieten (Art. 6 Abs. 1 lit. f DSGVO). In dem Zusammenhang geben wir folgende Daten an Amazon Payments weiter, soweit es f\u00fcr die Vertragserf\u00fcllung erforderlich ist (Art. 6 Abs. 1 lit b. DSGVO).<\/p>\n\n\n\n<p>Vorname Nachname Adresse E-Mail-Adresse Telefonnummer<\/p>\n\n\n\n<p>Die Verarbeitung der unter diesem Abschnitt angegebenen Daten ist weder gesetzlich noch vertraglich vorgeschrieben. Ohne die \u00dcbermittlung Ihrer personenbezogenen Daten k\u00f6nnen wir eine Zahlung \u00fcber amazon pay nicht durchf\u00fchren. [Es besteht f\u00fcr Sie die M\u00f6glichkeit, eine andere Zahlungsmethode zu w\u00e4hlen.]\n\n\n\n<p>Amazon Payments Europe beh\u00e4lt sich das Recht vor eine Bonit\u00e4tsauskunft durchzuf\u00fchren, um Ihre Zahlungsbereitschaft und -f\u00e4higkeit sicherzustellen. Dies entspricht dem berechtigten Interesse Amazon Payments Europe (gem. Art. 6 Abs. 1 lit. f DSGVO) und dient der Vertragsdurchf\u00fchrung (gem. Art. 6 Abs. 1 lit. b DSGVO). Daf\u00fcr werden Ihre Daten an Auskunfteien und Online-H\u00e4ndler weitergegeben. Au\u00dferdem k\u00f6nnen Ihre Daten f\u00fcr interessenbezogene Werbe- und Marketingzwecke von amazon pay verwendet, soweit Sie daf\u00fcr in Ihren Kontoeinstellungen eingewilligt haben&nbsp;<a href=\"https:\/\/www.amazon.de\/adprefs\">https:\/\/www.amazon.de\/adprefs<\/a>. Wir haben auf diesen Prozess keinen Einfluss und erhalten lediglich das Ergebnis, ob die Zahlung durchgef\u00fchrt oder abgelehnt wurde.<\/p>\n\n\n\n<p>Weitere Informationen zu Widerspruchs- und Beseitigungsm\u00f6glichkeiten gegen\u00fcber Amazon Payments Europe finden Sie unter:&nbsp;<a href=\"https:\/\/pay.amazon.de\/help\/201212490\">https:\/\/pay.amazon.de\/help\/201212490<\/a>.<\/p>\n\n\n\n<p>Ihre Daten werden von uns bis zum Abschluss der Zahlungsabwicklung gespeichert. Dazu z\u00e4hlt auch der Zeitraum der f\u00fcr die Bearbeitung von R\u00fcckerstattungen, Forderungsmanagement und Betrugspr\u00e4vention erforderlich ist. [F\u00fcr uns gilt gem\u00e4\u00df [\u00a7 147 AO \/ \u00a7 257 HGB] eine gesetzliche Aufbewahrungsfrist von [X] Jahren f\u00fcr folgende Dokumente: [ ]]\n\n\n\n<p>Verwendung von PayPal<br>Wir verwenden auf unserer Website den Zahlungsdienst PayPal der PayPal (Europe) S.\u00e0.r.l. et Cie, S.C.A. (22-24 Boulevard Royal L-2449, Luxemburg; &#8222;PayPal&#8220;). Die Datenverarbeitung dient dem Zweck, Ihnen die Zahlung \u00fcber den Zahlungsdienst anbieten zu k\u00f6nnen. Mit Auswahl und Nutzung von Zahlung via PayPal werden die zur Zahlungsabwicklung erforderlichen Daten an PayPal \u00fcbermittelt, um den Vertrag mit Ihnen mit der gew\u00e4hlten Zahlart erf\u00fcllen zu k\u00f6nnen. Diese Verarbeitung erfolgt auf Grundlage des Art. 6 Abs. 1 lit. b DSGVO.<\/p>\n\n\n\n<p>Alle PayPal-Transaktionen unterliegen der PayPal-Datenschutzerkl\u00e4rung. Diese finden Sie unter https:\/\/www.paypal.com\/de\/webapps\/mpp\/ua\/privacy-full (https:\/\/www.paypal.com\/de\/webapps\/mpp\/ua\/privacy-full)<\/p>\n\n\n\n<p>Verwendung von PayPal Express<br>Wir verwenden auf unserer Website den Zahlungsdienst PayPal Express der PayPal (Europe) S.\u00e0.r.l. et Cie, S.C.A. (22-24 Boulevard Royal L-2449, Luxemburg; &#8222;PayPal&#8220;). Die Datenverarbeitung dient dem Zweck, Ihnen die Zahlung \u00fcber den Zahlungsdienst PayPal Express anbieten zu k\u00f6nnen. Zur Einbindung dieses Zahlungsdienstes ist es erforderlich, dass PayPal beim Aufruf der Website Daten (z.B. IP-Adresse, Ger\u00e4tetyp, Betriebssystem, Browsertyp, Standort Ihres Ger\u00e4ts) sammelt, speichert und analysiert. Hierzu k\u00f6nnen auch Cookies eingesetzt werden. Die Cookies erm\u00f6glichen die Wiedererkennung Ihres Browsers.<br>Die Verarbeitung Ihrer personenbezogenen Daten erfolgt auf Grundlage des Art. 6 Abs. 1 lit. f DSGVO aus unserem \u00fcberwiegenden berechtigten Interesse an einem kundenorientierten Angebot von verschiedenen Zahlarten. Sie haben das Recht aus Gr\u00fcnden, die sich aus Ihrer besonderen Situation ergeben, jederzeit dieser Verarbeitung Sie betreffender personenbezogener Daten zu widersprechen.<br>Mit Auswahl und Nutzung von PayPal Express werden die zur Zahlungsabwicklung erforderlichen Daten an PayPal \u00fcbermittelt, um den Vertrag mit Ihnen mit der gew\u00e4hlten Zahlart erf\u00fcllen zu k\u00f6nnen. Diese Verarbeitung erfolgt auf Grundlage des Art. 6 Abs. 1 lit. b DSGVO. N\u00e4here Informationen zur Datenverarbeitung bei Verwendung des Zahlungsdienstes PayPal Express finden Sie in der dazugeh\u00f6rigen Datenschutzerkl\u00e4rung unter www.paypal.com\/de\/webapps\/mpp\/ua\/privacy-full?locale.x=de_DE#Updated_PS (http:\/\/www.paypal.com\/de\/webapps\/mpp\/ua\/privacy-full?locale.x=de_DE#Updated_PS).<\/p>\n\n\n\n<p>Datenerhebung und Verarbeitung bei Bonit\u00e4tspr\u00fcfung<br>Sofern wir in Vorleistung treten, z. B. bei Zahlung auf Rechnung oder Lastschrift, behalten wir uns das Recht vor, ggf. eine Bonit\u00e4tsauskunft auf der Basis mathematisch-statistischer Verfahren unter Nutzung der Tesch mediafinanz GmbH , Wei\u00dfe Breite 5 , Osnabr\u00fcck 49084 einzuholen. Hierzu \u00fcbermitteln wir die zu einer Bonit\u00e4tspr\u00fcfung ben\u00f6tigten personenbezogenen Daten dorthin und verwenden die erhaltenen Informationen \u00fcber die statistische Wahrscheinlichkeit eines Zahlungsausfalls f\u00fcr eine abgewogene Entscheidung \u00fcber die Begr\u00fcndung, Durchf\u00fchrung oder Beendigung des Vertragsverh\u00e4ltnisses. Die Bonit\u00e4tsauskunft kann Wahrscheinlichkeitswerte (Score-Werte) beinhalten, die auf Basis wissenschaftlich anerkannter mathematisch-statistischer Verfahren berechnet werden und in deren Berechnung unter anderem Anschriftendaten einflie\u00dfen. Ihre schutzw\u00fcrdigen Belange werden gem\u00e4\u00df den gesetzlichen Bestimmungen ber\u00fccksichtigt. Die Datenverarbeitung dient dem Zweck der Bonit\u00e4tspr\u00fcfung f\u00fcr eine Vertragsanbahnung. Die Verarbeitung erfolgt auf Grundlage des Art. 6 Abs. 1 lit. f DSGVO aus unserem \u00fcberwiegenden berechtigten Interesse am Schutz vor Zahlungsausfall, wenn wir in Vorleistung gehen. Sie haben das Recht aus Gr\u00fcnden, die sich aus Ihrer besonderen Situation ergeben, jederzeit gegen diese auf Art. 6 Abs. 1 lit. f DSGVO beruhende Verarbeitung Sie betreffender personenbezogener Daten durch Mitteilung an uns zu widersprechen. Die Bereitstellung der Daten ist f\u00fcr den Vertragsschluss mit der von Ihnen gew\u00fcnschten Zahlart erforderlich. Eine Nichtbereitstellung hat zur Folge, dass der Vertrag nicht mit der von Ihnen gew\u00e4hlten Zahlart geschlossen werden kann.<\/p>\n\n\n\n<p>Cookies<\/p>\n\n\n\n<p>Unsere Website verwendet Cookies. Cookies sind kleine Textdateien, die im Internetbrowser bzw. vom Internetbrowser auf dem Computersystem eines Nutzers gespeichert werden. Ruft ein Nutzer eine Website auf, so kann ein Cookie auf dem Betriebssystem des Nutzers gespeichert werden. Dieser Cookie enth\u00e4lt eine charakteristische Zeichenfolge, die eine eindeutige Identifizierung des Browsers beim erneuten Aufrufen der Website erm\u00f6glicht.<\/p>\n\n\n\n<p>Cookies werden auf Ihrem Rechner gespeichert. Daher haben Sie die volle Kontrolle \u00fcber die Verwendung von Cookies. Durch die Auswahl entsprechender technischer Einstellungen in Ihrem Internetbrowser k\u00f6nnen Sie vor dem Setzen von Cookies benachrichtigt werden und \u00fcber die Annahme einzeln entscheiden sowie die Speicherung der Cookies und \u00dcbermittlung der enthaltenen Daten verhindern. Bereits gespeicherte Cookies k\u00f6nnen jederzeit gel\u00f6scht werden. Wir weisen Sie jedoch darauf hin, dass Sie dann gegebenenfalls nicht s\u00e4mtliche Funktionen dieser Website vollumf\u00e4nglich nutzen k\u00f6nnen.<\/p>\n\n\n\n<p>Unter den nachstehenden Links k\u00f6nnen Sie sich informieren, wie Sie die Cookies bei den wichtigsten Browsern verwalten (u.a. auch deaktivieren) k\u00f6nnen:<br>Chrome: https:\/\/support.google.com\/accounts\/answer\/61416?hl=de (https:\/\/support.google.com\/accounts\/answer\/61416?hl=de)<br>Microsoft Edge: https:\/\/support.microsoft.com\/de-de\/microsoft-edge\/cookies-in-microsoft-edge-lB6schen-63947406-40ac-c3b8-57b9-2a946a29ae09 (https:\/\/support.microsoft.com\/de-de\/microsoft-edge\/cookies-in-microsoft-edge-lB6schen-63947406-40ac-c3b8-57b9-2a946a29ae09)<br>Mozilla Firefox: https:\/\/support.mozilla.org\/de\/kb\/cookies-erlauben-und-ablehnen (https:\/\/support.mozilla.org\/de\/kb\/cookies-erlauben-und-ablehnen)<br>Safari: https:\/\/support.apple.com\/de-de\/guide\/safari\/manage-cookies-and-website-data-sfri11471\/mac (https:\/\/support.apple.com\/de-de\/guide\/safari\/manage-cookies-and-website-data-sfri11471\/mac)<\/p>\n\n\n\n<p>Technisch notwendige Cookies<br>Soweit nachstehend in der Datenschutzerkl\u00e4rung keine anderen Angaben gemacht werden setzen wir nur diese technisch notwendigen Cookies zu dem Zweck ein, unser Angebot nutzerfreundlicher, effektiver und sicherer zu machen. Des Weiteren erm\u00f6glichen Cookies unseren Systemen, Ihren Browser auch nach einem Seitenwechsel zu erkennen und Ihnen Services anzubieten. Einige Funktionen unserer Internetseite k\u00f6nnen ohne den Einsatz von Cookies nicht angeboten werden. F\u00fcr diese ist es erforderlich, dass der Browser auch nach einem Seitenwechsel wiedererkannt wird.<\/p>\n\n\n\n<p>Die Nutzung von Cookies oder vergleichbarer Technologien erfolgt auf Grundlage des \u00a7 25 Abs. 2 TDDDG. Die Verarbeitung Ihrer personenbezogenen Daten erfolgt auf Grundlage des Art. 6 Abs. 1 lit. f DSGVO aus unserem \u00fcberwiegenden berechtigten Interesse an der Gew\u00e4hrleistung der optimalen Funktionalit\u00e4t der Website sowie einer nutzerfreundlichen und effektiven Gestaltung unseres Angebots.<br>Sie haben das Recht aus Gr\u00fcnden, die sich aus Ihrer besonderen Situation ergeben, jederzeit dieser Verarbeitung Sie betreffender personenbezogener Daten zu widersprechen.<\/p>\n\n\n\n<p>Plug-ins und Sonstiges<\/p>\n\n\n\n<p>Verwendung von YouTube<br>Wir verwenden auf unserer Website die Funktion zur Einbettung von YouTube-Videos der Google Ireland Limited (Gordon House, Barrow Street, Dublin 4, Irland; &#8222;YouTube&#8220;).YouTube ist ein mit der Google LLC (1600 Amphitheatre Parkway, Mountain View, CA 94043, USA; &#8222;Google&#8220;) verbundenes Unternehmen.<br>Die Funktion zeigt bei YouTube hinterlegte Videos in einem iFrame auf der Website an. Dabei ist die Option &#8222;Erweiterter Datenschutzmodus&#8220; aktiviert. Dadurch werden von YouTube keine Informationen \u00fcber die Besucher der Website gespeichert. Erst wenn Sie sich ein Video ansehen, werden Informationen dar\u00fcber an YouTube \u00fcbermittelt und dort gespeichert. Ihre Daten werden gegebenenfalls in die USA \u00fcbermittelt. F\u00fcr die USA ist ein Angemessenheitsbeschluss der EU-Kommission vorhanden, das Trans-Atlantic Data Privacy Framework (TADPF). YouTube hat sich nach dem TADPF zertifiziert und damit verpflichtet, europ\u00e4ische Datenschutzgrunds\u00e4tze einzuhalten.<br>Die Nutzung von Cookies oder vergleichbarer Technologien erfolgt mit Ihrer Einwilligung auf Grundlage des \u00a7 25 Abs. 1 S. 1 TDDDG i.V.m. Art. 6 Abs. 1 lit. a DSGVO. Die Verarbeitung Ihrer personenbezogenen Daten erfolgt mit Ihrer Einwilligung auf Grundlage des Art. 6 Abs. 1 lit. a DSGVO. Sie k\u00f6nnen die Einwilligung jederzeit widerrufen, ohne dass die Rechtm\u00e4\u00dfigkeit der aufgrund der Einwilligung bis zum Widerruf erfolgten Verarbeitung ber\u00fchrt wird.<br>N\u00e4here Informationen zur Erhebung und Nutzung der Daten durch YouTube und Google, \u00fcber Ihre diesbez\u00fcglichen Rechte und M\u00f6glichkeiten zum Schutz Ihrer Privatsph\u00e4re finden Sie in den Datenschutzhinweisen von YouTube unter https:\/\/www.youtube.com\/t\/privacy (https:\/\/www.youtube.com\/t\/privacy).<\/p>\n\n\n\n<p>Betroffenenrechte und Speicherdauer<\/p>\n\n\n\n<p>Dauer der Speicherung<br>Nach vollst\u00e4ndiger Vertragsabwicklung werden die Daten zun\u00e4chst f\u00fcr die Dauer der Gew\u00e4hrleistungsfrist, danach unter Ber\u00fccksichtigung gesetzlicher, insbesondere steuer- und handelsrechtlicher Aufbewahrungsfristen gespeichert und dann nach Fristablauf gel\u00f6scht, sofern Sie der weitergehenden Verarbeitung und Nutzung nicht zugestimmt haben.<\/p>\n\n\n\n<p>Rechte der betroffenen Person<br>Ihnen stehen bei Vorliegen der gesetzlichen Voraussetzungen folgende Rechte nach Art. 15 bis 20 DSGVO zu: Recht auf Auskunft, auf Berichtigung, auf L\u00f6schung, auf Einschr\u00e4nkung der Verarbeitung, auf Daten\u00fcbertragbarkeit.<br>Au\u00dferdem steht Ihnen nach Art. 21 Abs. 1 DSGVO ein Widerspruchsrecht gegen die Verarbeitungen zu, die auf Art. 6 Abs. 1 f DSGVO beruhen, sowie gegen die Verarbeitung zum Zwecke von Direktwerbung.<\/p>\n\n\n\n<p>Beschwerderecht bei der Aufsichtsbeh\u00f6rde<br>Sie haben gem\u00e4\u00df Art. 77 DSGVO das Recht, sich bei der Aufsichtsbeh\u00f6rde zu beschweren, wenn Sie der Ansicht sind, dass die Verarbeitung Ihrer personenbezogenen Daten nicht rechtm\u00e4\u00dfig erfolgt.<\/p>\n\n\n\n<p>Eine Beschwerde k\u00f6nnen Sie unter anderem bei der f\u00fcr uns zust\u00e4ndigen Aufsichtsbeh\u00f6rde einlegen, die Sie unter folgenden Kontaktdaten erreichen:<\/p>\n\n\n\n<p>S\u00e4chsische Datenschutz- und Transparenzbeauftragte<br>Devrientstra\u00dfe 5<br>01067 Dresden<br>Tel.: +49 351 85471101<br>Fax: +49 351 85471109<br>E-Mail: saechsdsb@slt.sachsen.de<\/p>\n\n\n\n<p>Widerspruchsrecht<br>Beruhen die hier aufgef\u00fchrten personenbezogenen Datenverarbeitungen auf Grundlage unseres berechtigten Interesses nach Art. 6 Abs. 1 lit. f DSGVO, haben Sie das Recht aus Gr\u00fcnden, die sich aus Ihrer besonderen Situation ergeben, jederzeit diesen Verarbeitungen mit Wirkung f\u00fcr die Zukunft zu widersprechen.<br>Nach erfolgtem Widerspruch wird die Verarbeitung der betroffenen Daten beendet, es sei denn, wir k\u00f6nnen zwingende schutzw\u00fcrdige Gr\u00fcnde f\u00fcr die Verarbeitung nachweisen, die Ihren Interessen, Rechten und Freiheiten \u00fcberwiegen, oder wenn die Verarbeitung der Geltendmachung, Aus\u00fcbung oder Verteidigung von Rechtsanspr\u00fcchen dient.<\/p>\n\n\n\n<p><\/p>\n","protected":false},"excerpt":{"rendered":"<p>Soweit nachstehend keine anderen Angaben gemacht werden, ist die Bereitstellung Ihrer personenbezogenen Daten weder gesetzlich oder vertraglich vorgeschrieben, noch f\u00fcr einen Vertragsabschluss erforderlich. Sie sind zur Bereitstellung der Daten nicht verpflichtet. Eine Nichtbereitstellung hat keine Folgen. Dies gilt nur soweit bei den nachfolgenden Verarbeitungsvorg\u00e4ngen keine anderweitige Angabe gemacht wird.&#8222;Personenbezogene Daten&#8220; sind alle Informationen, die sich [&hellip;]<\/p>\n","protected":false},"author":1,"featured_media":0,"parent":0,"menu_order":0,"comment_status":"closed","ping_status":"open","template":"","meta":{"footnotes":""},"class_list":["post-3","page","type-page","status-publish","hentry"],"_links":{"self":[{"href":"https:\/\/wordpress.famberg.de\/index.php\/wp-json\/wp\/v2\/pages\/3","targetHints":{"allow":["GET"]}}],"collection":[{"href":"https:\/\/wordpress.famberg.de\/index.php\/wp-json\/wp\/v2\/pages"}],"about":[{"href":"https:\/\/wordpress.famberg.de\/index.php\/wp-json\/wp\/v2\/types\/page"}],"author":[{"embeddable":true,"href":"https:\/\/wordpress.famberg.de\/index.php\/wp-json\/wp\/v2\/users\/1"}],"replies":[{"embeddable":true,"href":"https:\/\/wordpress.famberg.de\/index.php\/wp-json\/wp\/v2\/comments?post=3"}],"version-history":[{"count":5,"href":"https:\/\/wordpress.famberg.de\/index.php\/wp-json\/wp\/v2\/pages\/3\/revisions"}],"predecessor-version":[{"id":4611,"href":"https:\/\/wordpress.famberg.de\/index.php\/wp-json\/wp\/v2\/pages\/3\/revisions\/4611"}],"wp:attachment":[{"href":"https:\/\/wordpress.famberg.de\/index.php\/wp-json\/wp\/v2\/media?parent=3"}],"curies":[{"name":"wp","href":"https:\/\/api.w.org\/{rel}","templated":true}]}}