{"id":2783,"date":"2024-10-01T16:33:44","date_gmt":"2024-10-01T14:33:44","guid":{"rendered":"https:\/\/wordpress.famberg.de\/?page_id=2783"},"modified":"2024-10-01T16:33:44","modified_gmt":"2024-10-01T14:33:44","slug":"2783-2","status":"publish","type":"page","link":"https:\/\/wordpress.famberg.de\/index.php\/2783-2\/","title":{"rendered":""},"content":{"rendered":"<div class=\"woocommerce columns-3 \"><div class=\"storefront-sorting\"><div class=\"woocommerce-notices-wrapper\"><\/div><form class=\"woocommerce-ordering\" method=\"get\">\n\t\t<select\n\t\tname=\"orderby\"\n\t\tclass=\"orderby\"\n\t\t\t\t\taria-label=\"Shop-Reihenfolge\"\n\t\t\t>\n\t\t\t\t\t<option value=\"menu_order\"  selected='selected'>Standardsortierung<\/option>\n\t\t\t\t\t<option value=\"popularity\" >Nach Beliebtheit sortiert<\/option>\n\t\t\t\t\t<option value=\"date\" >Nach Aktualit\u00e4t sortieren<\/option>\n\t\t\t\t\t<option value=\"price\" >Nach Preis sortieren: aufsteigend<\/option>\n\t\t\t\t\t<option value=\"price-desc\" >Nach Preis sortieren: absteigend<\/option>\n\t\t\t<\/select>\n\t<input type=\"hidden\" name=\"paged\" value=\"1\" \/>\n\t<\/form>\n<p class=\"woocommerce-result-count\" role=\"alert\" aria-relevant=\"all\" >\n\t1&ndash;6 von 69 Ergebnissen werden angezeigt<\/p>\n<nav class=\"woocommerce-pagination\" aria-label=\"Produkt-Seitennummerierung\">\n\t<ul class='page-numbers'>\n\t<li><span aria-label=\"Seite 1\" aria-current=\"page\" class=\"page-numbers current\">1<\/span><\/li>\n\t<li><a aria-label=\"Seite 2\" class=\"page-numbers\" href=\"\/index.php\/wp-json\/wp\/v2\/pages\/2783?product-page=2\">2<\/a><\/li>\n\t<li><a aria-label=\"Seite 3\" class=\"page-numbers\" href=\"\/index.php\/wp-json\/wp\/v2\/pages\/2783?product-page=3\">3<\/a><\/li>\n\t<li><a aria-label=\"Seite 4\" class=\"page-numbers\" href=\"\/index.php\/wp-json\/wp\/v2\/pages\/2783?product-page=4\">4<\/a><\/li>\n\t<li><span class=\"page-numbers dots\">&hellip;<\/span><\/li>\n\t<li><a aria-label=\"Seite 10\" class=\"page-numbers\" href=\"\/index.php\/wp-json\/wp\/v2\/pages\/2783?product-page=10\">10<\/a><\/li>\n\t<li><a aria-label=\"Seite 11\" class=\"page-numbers\" href=\"\/index.php\/wp-json\/wp\/v2\/pages\/2783?product-page=11\">11<\/a><\/li>\n\t<li><a aria-label=\"Seite 12\" class=\"page-numbers\" href=\"\/index.php\/wp-json\/wp\/v2\/pages\/2783?product-page=12\">12<\/a><\/li>\n\t<li><a class=\"next page-numbers\" href=\"\/index.php\/wp-json\/wp\/v2\/pages\/2783?product-page=2\">&rarr;<\/a><\/li>\n<\/ul>\n<\/nav>\n<\/div><ul class=\"products columns-3\">\n<li class=\"product type-product post-1420 status-publish first instock product_cat-flocker has-post-thumbnail featured taxable shipping-taxable purchasable product-type-simple has-product-safety-information\">\n\t<a href=\"https:\/\/wordpress.famberg.de\/index.php\/produkt\/kornquetsche-flocker-tischmodell-holztrichter\/\" class=\"woocommerce-LoopProduct-link woocommerce-loop-product__link\"><img loading=\"lazy\" decoding=\"async\" width=\"324\" height=\"324\" src=\"https:\/\/wordpress.famberg.de\/wp-content\/uploads\/2024\/02\/image_15284_1600-324x324.jpg\" class=\"attachment-woocommerce_thumbnail size-woocommerce_thumbnail\" alt=\"Eschenfelder Kornquetsche Flocker Tischmodell Holztrichter\" srcset=\"https:\/\/wordpress.famberg.de\/wp-content\/uploads\/2024\/02\/image_15284_1600-324x324.jpg 324w, https:\/\/wordpress.famberg.de\/wp-content\/uploads\/2024\/02\/image_15284_1600-100x100.jpg 100w, https:\/\/wordpress.famberg.de\/wp-content\/uploads\/2024\/02\/image_15284_1600-150x150.jpg 150w, https:\/\/wordpress.famberg.de\/wp-content\/uploads\/2024\/02\/image_15284_1600-730x730.jpg 730w, https:\/\/wordpress.famberg.de\/wp-content\/uploads\/2024\/02\/image_15284_1600-365x365.jpg 365w, https:\/\/wordpress.famberg.de\/wp-content\/uploads\/2024\/02\/image_15284_1600-536x536.jpg 536w, https:\/\/wordpress.famberg.de\/wp-content\/uploads\/2024\/02\/image_15284_1600-268x268.jpg 268w\" sizes=\"auto, (max-width: 324px) 100vw, 324px\" \/><h2 class=\"woocommerce-loop-product__title\">Eschenfelder Kornquetsche Flocker Tischmodell Holztrichter<\/h2>\n\t<span class=\"price\"><span class=\"woocommerce-Price-amount amount\"><bdi>207,00&nbsp;<span class=\"woocommerce-Price-currencySymbol\">&euro;<\/span><\/bdi><\/span><\/span>\n\n\n\n<\/a>\n\t<p class=\"wc-gzd-additional-info wc-gzd-additional-info-loop tax-info\">inkl. MwSt.<\/p>\n\n\t<p class=\"wc-gzd-additional-info wc-gzd-additional-info-loop shipping-costs-info\">zzgl. <a href=\"https:\/\/wordpress.famberg.de\/index.php\/versandarten\/\" target=\"_blank\">Versandkosten<\/a><\/p>\n\n\t<p class=\"wc-gzd-additional-info delivery-time-info wc-gzd-additional-info-loop\"><span class=\"delivery-time-inner delivery-time-1-2-tage\">Lieferzeit: <span class=\"delivery-time-data\">1-2 Tage<\/span><\/span><\/p>\n\n<a href=\"\/index.php\/wp-json\/wp\/v2\/pages\/2783?add-to-cart=1420\" aria-describedby=\"woocommerce_loop_add_to_cart_link_describedby_1420\" data-quantity=\"1\" class=\"button product_type_simple add_to_cart_button ajax_add_to_cart\" data-product_id=\"1420\" data-product_sku=\"1420\" aria-label=\"In den Warenkorb legen: \u201eEschenfelder Kornquetsche Flocker Tischmodell Holztrichter\u201c\" rel=\"nofollow\" data-success_message=\"\u201eEschenfelder Kornquetsche Flocker Tischmodell Holztrichter\u201c wurde Ihrem Warenkorb hinzugef\u00fcgt\" role=\"button\">In den Warenkorb<\/a>\t<span id=\"woocommerce_loop_add_to_cart_link_describedby_1420\" class=\"screen-reader-text\">\n\t\t\t<\/span>\n<\/li>\n<li class=\"product type-product post-1527 status-publish instock product_cat-mahlansaetze has-post-thumbnail taxable shipping-taxable purchasable product-type-variable has-product-safety-information\">\n\t<a href=\"https:\/\/wordpress.famberg.de\/index.php\/produkt\/mahlansatz-chef-und-major-fuer-kenwood-kuechenmaschine__trashed\/\" class=\"woocommerce-LoopProduct-link woocommerce-loop-product__link\"><img loading=\"lazy\" decoding=\"async\" width=\"324\" height=\"324\" src=\"https:\/\/wordpress.famberg.de\/wp-content\/uploads\/2024\/02\/image_15966_1600-324x324.jpg\" class=\"attachment-woocommerce_thumbnail size-woocommerce_thumbnail\" alt=\"Schnitzer Mahlansatz SM 900 f\u00fcr Kenwood K\u00fcchenmaschine Schlitz oder Twist\" srcset=\"https:\/\/wordpress.famberg.de\/wp-content\/uploads\/2024\/02\/image_15966_1600-324x324.jpg 324w, https:\/\/wordpress.famberg.de\/wp-content\/uploads\/2024\/02\/image_15966_1600-100x100.jpg 100w, https:\/\/wordpress.famberg.de\/wp-content\/uploads\/2024\/02\/image_15966_1600-150x150.jpg 150w\" sizes=\"auto, (max-width: 324px) 100vw, 324px\" \/><h2 class=\"woocommerce-loop-product__title\">Schnitzer Mahlansatz SM 900 f\u00fcr Kenwood K\u00fcchenmaschine Schlitz oder Twist<\/h2>\n\t<span class=\"price\"><span class=\"woocommerce-Price-amount amount\"><bdi>89,00&nbsp;<span class=\"woocommerce-Price-currencySymbol\">&euro;<\/span><\/bdi><\/span> \u2013 <span class=\"woocommerce-Price-amount amount\"><bdi>94,90&nbsp;<span class=\"woocommerce-Price-currencySymbol\">&euro;<\/span><\/bdi><\/span><\/span>\n\n\n\n<\/a>\n\t<p class=\"wc-gzd-additional-info wc-gzd-additional-info-loop tax-info\">inkl. MwSt.<\/p>\n\n\t<p class=\"wc-gzd-additional-info wc-gzd-additional-info-loop shipping-costs-info\">zzgl. <a href=\"https:\/\/wordpress.famberg.de\/index.php\/versandarten\/\" target=\"_blank\">Versandkosten<\/a><\/p>\n\n\t<p class=\"wc-gzd-additional-info delivery-time-info wc-gzd-additional-info-loop\"><span class=\"delivery-time-inner delivery-time-1-2-tage\">Lieferzeit: <span class=\"delivery-time-data\">1-2 Tage<\/span><\/span><\/p>\n\n<a href=\"https:\/\/wordpress.famberg.de\/index.php\/produkt\/mahlansatz-chef-und-major-fuer-kenwood-kuechenmaschine__trashed\/\" aria-describedby=\"woocommerce_loop_add_to_cart_link_describedby_1527\" data-quantity=\"1\" class=\"button product_type_variable add_to_cart_button\" data-product_id=\"1527\" data-product_sku=\"1527\" aria-label=\"W\u00e4hlen Sie die Optionen f\u00fcr \u201eSchnitzer Mahlansatz SM 900 f\u00fcr Kenwood K\u00fcchenmaschine Schlitz oder Twist\u201c\" rel=\"nofollow\">Ausf\u00fchrung w\u00e4hlen<\/a>\t<span id=\"woocommerce_loop_add_to_cart_link_describedby_1527\" class=\"screen-reader-text\">\n\t\tDieses Produkt weist mehrere Varianten auf. Die Optionen k\u00f6nnen auf der Produktseite gew\u00e4hlt werden\t<\/span>\n<\/li>\n<li class=\"product type-product post-1532 status-publish last outofstock product_cat-flocker has-post-thumbnail taxable shipping-taxable purchasable product-type-simple has-product-safety-information\">\n\t<a href=\"https:\/\/wordpress.famberg.de\/index.php\/produkt\/flockenquetsche-getreideflocker-flicfloc-flic-floc\/\" class=\"woocommerce-LoopProduct-link woocommerce-loop-product__link\"><img loading=\"lazy\" decoding=\"async\" width=\"324\" height=\"324\" src=\"https:\/\/wordpress.famberg.de\/wp-content\/uploads\/2024\/02\/image_14553_1600-324x324.jpg\" class=\"attachment-woocommerce_thumbnail size-woocommerce_thumbnail\" alt=\"Komo Flockenquetsche Getreideflocker FlicFloc\" srcset=\"https:\/\/wordpress.famberg.de\/wp-content\/uploads\/2024\/02\/image_14553_1600-324x324.jpg 324w, https:\/\/wordpress.famberg.de\/wp-content\/uploads\/2024\/02\/image_14553_1600-100x100.jpg 100w, https:\/\/wordpress.famberg.de\/wp-content\/uploads\/2024\/02\/image_14553_1600-150x150.jpg 150w\" sizes=\"auto, (max-width: 324px) 100vw, 324px\" \/><h2 class=\"woocommerce-loop-product__title\">Komo Flockenquetsche Getreideflocker FlicFloc<\/h2>\n\t<span class=\"price\"><span class=\"woocommerce-Price-amount amount\"><bdi>173,63&nbsp;<span class=\"woocommerce-Price-currencySymbol\">&euro;<\/span><\/bdi><\/span><\/span>\n\n\n\n<\/a>\n\t<p class=\"wc-gzd-additional-info wc-gzd-additional-info-loop tax-info\">inkl. MwSt.<\/p>\n\n\t<p class=\"wc-gzd-additional-info wc-gzd-additional-info-loop shipping-costs-info\">zzgl. <a href=\"https:\/\/wordpress.famberg.de\/index.php\/versandarten\/\" target=\"_blank\">Versandkosten<\/a><\/p>\n\n\t<p class=\"wc-gzd-additional-info delivery-time-info wc-gzd-additional-info-loop\"><span class=\"delivery-time-inner delivery-time-1-2-tage\">Lieferzeit: <span class=\"delivery-time-data\">1-2 Tage<\/span><\/span><\/p>\n\n<a href=\"https:\/\/wordpress.famberg.de\/index.php\/produkt\/flockenquetsche-getreideflocker-flicfloc-flic-floc\/\" aria-describedby=\"woocommerce_loop_add_to_cart_link_describedby_1532\" data-quantity=\"1\" class=\"button product_type_simple\" data-product_id=\"1532\" data-product_sku=\"1532\" aria-label=\"Lesen Sie mehr \u00fcber &#8222;Komo Flockenquetsche Getreideflocker FlicFloc&#8220;\" rel=\"nofollow\" data-success_message=\"\">Weiterlesen<\/a>\t<span id=\"woocommerce_loop_add_to_cart_link_describedby_1532\" class=\"screen-reader-text\">\n\t\t\t<\/span>\n<\/li>\n<li class=\"product type-product post-1526 status-publish first instock product_cat-mahlansaetze has-post-thumbnail taxable shipping-taxable purchasable product-type-variable has-product-safety-information\">\n\t<a href=\"https:\/\/wordpress.famberg.de\/index.php\/produkt\/mahlansatz-fuer-kenwood-kuechenmaschine-chef-und-major\/\" class=\"woocommerce-LoopProduct-link woocommerce-loop-product__link\"><img loading=\"lazy\" decoding=\"async\" width=\"324\" height=\"324\" src=\"https:\/\/wordpress.famberg.de\/wp-content\/uploads\/2024\/02\/image_16266_1600-324x324.jpg\" class=\"attachment-woocommerce_thumbnail size-woocommerce_thumbnail\" alt=\"Schnitzer Mahlansatz f\u00fcr Kenwood K\u00fcchenmaschine gro\u00df\" srcset=\"https:\/\/wordpress.famberg.de\/wp-content\/uploads\/2024\/02\/image_16266_1600-324x324.jpg 324w, https:\/\/wordpress.famberg.de\/wp-content\/uploads\/2024\/02\/image_16266_1600-100x100.jpg 100w, https:\/\/wordpress.famberg.de\/wp-content\/uploads\/2024\/02\/image_16266_1600-150x150.jpg 150w\" sizes=\"auto, (max-width: 324px) 100vw, 324px\" \/><h2 class=\"woocommerce-loop-product__title\">Schnitzer Mahlansatz f\u00fcr Kenwood K\u00fcchenmaschine gro\u00df<\/h2>\n\t<span class=\"price\"><span class=\"woocommerce-Price-amount amount\"><bdi>99,00&nbsp;<span class=\"woocommerce-Price-currencySymbol\">&euro;<\/span><\/bdi><\/span><\/span>\n\n\n\n<\/a>\n\t<p class=\"wc-gzd-additional-info wc-gzd-additional-info-loop tax-info\">inkl. MwSt.<\/p>\n\n\t<p class=\"wc-gzd-additional-info wc-gzd-additional-info-loop shipping-costs-info\">zzgl. <a href=\"https:\/\/wordpress.famberg.de\/index.php\/versandarten\/\" target=\"_blank\">Versandkosten<\/a><\/p>\n\n\t<p class=\"wc-gzd-additional-info delivery-time-info wc-gzd-additional-info-loop\"><span class=\"delivery-time-inner delivery-time-1-2-tage\">Lieferzeit: <span class=\"delivery-time-data\">1-2 Tage<\/span><\/span><\/p>\n\n<a href=\"https:\/\/wordpress.famberg.de\/index.php\/produkt\/mahlansatz-fuer-kenwood-kuechenmaschine-chef-und-major\/\" aria-describedby=\"woocommerce_loop_add_to_cart_link_describedby_1526\" data-quantity=\"1\" class=\"button product_type_variable add_to_cart_button\" data-product_id=\"1526\" data-product_sku=\"\" aria-label=\"W\u00e4hlen Sie die Optionen f\u00fcr \u201eSchnitzer Mahlansatz f\u00fcr Kenwood K\u00fcchenmaschine gro\u00df\u201c\" rel=\"nofollow\">Ausf\u00fchrung w\u00e4hlen<\/a>\t<span id=\"woocommerce_loop_add_to_cart_link_describedby_1526\" class=\"screen-reader-text\">\n\t\tDieses Produkt weist mehrere Varianten auf. Die Optionen k\u00f6nnen auf der Produktseite gew\u00e4hlt werden\t<\/span>\n<\/li>\n<li class=\"product type-product post-1590 status-publish instock product_cat-flocker has-post-thumbnail taxable shipping-taxable purchasable product-type-simple has-product-safety-information\">\n\t<a href=\"https:\/\/wordpress.famberg.de\/index.php\/produkt\/kornquetsche-flocker-set-trichterdeckel-abdeckhaube\/\" class=\"woocommerce-LoopProduct-link woocommerce-loop-product__link\"><img loading=\"lazy\" decoding=\"async\" width=\"324\" height=\"324\" src=\"https:\/\/wordpress.famberg.de\/wp-content\/uploads\/2024\/02\/image_15452_1600-324x324.jpg\" class=\"attachment-woocommerce_thumbnail size-woocommerce_thumbnail\" alt=\"Eschenfelder Kornquetsche Flocker SET +Trichterdeckel +Abdeckhaube\" srcset=\"https:\/\/wordpress.famberg.de\/wp-content\/uploads\/2024\/02\/image_15452_1600-324x324.jpg 324w, https:\/\/wordpress.famberg.de\/wp-content\/uploads\/2024\/02\/image_15452_1600-100x100.jpg 100w, https:\/\/wordpress.famberg.de\/wp-content\/uploads\/2024\/02\/image_15452_1600-150x150.jpg 150w\" sizes=\"auto, (max-width: 324px) 100vw, 324px\" \/><h2 class=\"woocommerce-loop-product__title\">Eschenfelder Kornquetsche Flocker SET +Trichterdeckel +Abdeckhaube<\/h2>\n\t<span class=\"price\"><span class=\"woocommerce-Price-amount amount\"><bdi>226,00&nbsp;<span class=\"woocommerce-Price-currencySymbol\">&euro;<\/span><\/bdi><\/span><\/span>\n\n\n\n<\/a>\n\t<p class=\"wc-gzd-additional-info wc-gzd-additional-info-loop tax-info\">inkl. MwSt.<\/p>\n\n\t<p class=\"wc-gzd-additional-info wc-gzd-additional-info-loop shipping-costs-info\">zzgl. <a href=\"https:\/\/wordpress.famberg.de\/index.php\/versandarten\/\" target=\"_blank\">Versandkosten<\/a><\/p>\n\n\t<p class=\"wc-gzd-additional-info delivery-time-info wc-gzd-additional-info-loop\"><span class=\"delivery-time-inner delivery-time-1-2-tage\">Lieferzeit: <span class=\"delivery-time-data\">1-2 Tage<\/span><\/span><\/p>\n\n<a href=\"\/index.php\/wp-json\/wp\/v2\/pages\/2783?add-to-cart=1590\" aria-describedby=\"woocommerce_loop_add_to_cart_link_describedby_1590\" data-quantity=\"1\" class=\"button product_type_simple add_to_cart_button ajax_add_to_cart\" data-product_id=\"1590\" data-product_sku=\"1590\" aria-label=\"In den Warenkorb legen: \u201eEschenfelder Kornquetsche Flocker SET +Trichterdeckel +Abdeckhaube\u201c\" rel=\"nofollow\" data-success_message=\"\u201eEschenfelder Kornquetsche Flocker SET +Trichterdeckel +Abdeckhaube\u201c wurde Ihrem Warenkorb hinzugef\u00fcgt\" role=\"button\">In den Warenkorb<\/a>\t<span id=\"woocommerce_loop_add_to_cart_link_describedby_1590\" class=\"screen-reader-text\">\n\t\t\t<\/span>\n<\/li>\n<li class=\"product type-product post-1284 status-publish last outofstock product_cat-eletrische-getreidemuehlen has-post-thumbnail taxable shipping-taxable purchasable product-type-simple has-product-safety-information\">\n\t<a href=\"https:\/\/wordpress.famberg.de\/index.php\/produkt\/getreidemuehle-billy-100-steinmuehle-elektrisch\/\" class=\"woocommerce-LoopProduct-link woocommerce-loop-product__link\"><img loading=\"lazy\" decoding=\"async\" width=\"324\" height=\"324\" src=\"https:\/\/wordpress.famberg.de\/wp-content\/uploads\/2024\/02\/image_15324_1600-324x324.jpg\" class=\"attachment-woocommerce_thumbnail size-woocommerce_thumbnail\" alt=\"Hawos Billy 1 Getreidem\u00fchle NEU OVP - Elektrische Kornm\u00fchle 360W - 10J Garantie\" srcset=\"https:\/\/wordpress.famberg.de\/wp-content\/uploads\/2024\/02\/image_15324_1600-324x324.jpg 324w, https:\/\/wordpress.famberg.de\/wp-content\/uploads\/2024\/02\/image_15324_1600-100x100.jpg 100w, https:\/\/wordpress.famberg.de\/wp-content\/uploads\/2024\/02\/image_15324_1600-416x416.jpg 416w, https:\/\/wordpress.famberg.de\/wp-content\/uploads\/2024\/02\/image_15324_1600-300x300.jpg 300w, https:\/\/wordpress.famberg.de\/wp-content\/uploads\/2024\/02\/image_15324_1600-1024x1024.jpg 1024w, https:\/\/wordpress.famberg.de\/wp-content\/uploads\/2024\/02\/image_15324_1600-150x150.jpg 150w, https:\/\/wordpress.famberg.de\/wp-content\/uploads\/2024\/02\/image_15324_1600-768x768.jpg 768w, https:\/\/wordpress.famberg.de\/wp-content\/uploads\/2024\/02\/image_15324_1600-916x916.jpg 916w, https:\/\/wordpress.famberg.de\/wp-content\/uploads\/2024\/02\/image_15324_1600-458x458.jpg 458w, https:\/\/wordpress.famberg.de\/wp-content\/uploads\/2024\/02\/image_15324_1600.jpg 1500w\" sizes=\"auto, (max-width: 324px) 100vw, 324px\" \/><h2 class=\"woocommerce-loop-product__title\">Hawos Billy 1 Getreidem\u00fchle NEU OVP &#8211; Elektrische Kornm\u00fchle 360W &#8211; 10J Garantie<\/h2>\n\t<span class=\"price\"><span class=\"woocommerce-Price-amount amount\"><bdi>299,00&nbsp;<span class=\"woocommerce-Price-currencySymbol\">&euro;<\/span><\/bdi><\/span><\/span>\n\n\n\n<\/a>\n\t<p class=\"wc-gzd-additional-info wc-gzd-additional-info-loop tax-info\">inkl. MwSt.<\/p>\n\n\t<p class=\"wc-gzd-additional-info wc-gzd-additional-info-loop shipping-costs-info\">zzgl. <a href=\"https:\/\/wordpress.famberg.de\/index.php\/versandarten\/\" target=\"_blank\">Versandkosten<\/a><\/p>\n\n\t<p class=\"wc-gzd-additional-info delivery-time-info wc-gzd-additional-info-loop\"><span class=\"delivery-time-inner delivery-time-1-2-tage\">Lieferzeit: <span class=\"delivery-time-data\">1-2 Tage<\/span><\/span><\/p>\n\n<a href=\"https:\/\/wordpress.famberg.de\/index.php\/produkt\/getreidemuehle-billy-100-steinmuehle-elektrisch\/\" aria-describedby=\"woocommerce_loop_add_to_cart_link_describedby_1284\" data-quantity=\"1\" class=\"button product_type_simple\" data-product_id=\"1284\" data-product_sku=\"1284\" aria-label=\"Lesen Sie mehr \u00fcber &#8222;Hawos Billy 1 Getreidem\u00fchle NEU OVP - Elektrische Kornm\u00fchle 360W - 10J Garantie&#8220;\" rel=\"nofollow\" data-success_message=\"\">Weiterlesen<\/a>\t<span id=\"woocommerce_loop_add_to_cart_link_describedby_1284\" class=\"screen-reader-text\">\n\t\t\t<\/span>\n<\/li>\n<\/ul>\n<div class=\"storefront-sorting\"><form class=\"woocommerce-ordering\" method=\"get\">\n\t\t<select\n\t\tname=\"orderby\"\n\t\tclass=\"orderby\"\n\t\t\t\t\taria-label=\"Shop-Reihenfolge\"\n\t\t\t>\n\t\t\t\t\t<option value=\"menu_order\"  selected='selected'>Standardsortierung<\/option>\n\t\t\t\t\t<option value=\"popularity\" >Nach Beliebtheit sortiert<\/option>\n\t\t\t\t\t<option value=\"date\" >Nach Aktualit\u00e4t sortieren<\/option>\n\t\t\t\t\t<option value=\"price\" >Nach Preis sortieren: aufsteigend<\/option>\n\t\t\t\t\t<option value=\"price-desc\" >Nach Preis sortieren: absteigend<\/option>\n\t\t\t<\/select>\n\t<input type=\"hidden\" name=\"paged\" value=\"1\" \/>\n\t<\/form>\n<p class=\"woocommerce-result-count\" role=\"alert\" aria-relevant=\"all\" >\n\t1&ndash;6 von 69 Ergebnissen werden angezeigt<\/p>\n<nav class=\"woocommerce-pagination\" aria-label=\"Produkt-Seitennummerierung\">\n\t<ul class='page-numbers'>\n\t<li><span aria-label=\"Seite 1\" aria-current=\"page\" class=\"page-numbers current\">1<\/span><\/li>\n\t<li><a aria-label=\"Seite 2\" class=\"page-numbers\" href=\"\/index.php\/wp-json\/wp\/v2\/pages\/2783?product-page=2\">2<\/a><\/li>\n\t<li><a aria-label=\"Seite 3\" class=\"page-numbers\" href=\"\/index.php\/wp-json\/wp\/v2\/pages\/2783?product-page=3\">3<\/a><\/li>\n\t<li><a aria-label=\"Seite 4\" class=\"page-numbers\" href=\"\/index.php\/wp-json\/wp\/v2\/pages\/2783?product-page=4\">4<\/a><\/li>\n\t<li><span class=\"page-numbers dots\">&hellip;<\/span><\/li>\n\t<li><a aria-label=\"Seite 10\" class=\"page-numbers\" href=\"\/index.php\/wp-json\/wp\/v2\/pages\/2783?product-page=10\">10<\/a><\/li>\n\t<li><a aria-label=\"Seite 11\" class=\"page-numbers\" href=\"\/index.php\/wp-json\/wp\/v2\/pages\/2783?product-page=11\">11<\/a><\/li>\n\t<li><a aria-label=\"Seite 12\" class=\"page-numbers\" href=\"\/index.php\/wp-json\/wp\/v2\/pages\/2783?product-page=12\">12<\/a><\/li>\n\t<li><a class=\"next page-numbers\" href=\"\/index.php\/wp-json\/wp\/v2\/pages\/2783?product-page=2\">&rarr;<\/a><\/li>\n<\/ul>\n<\/nav>\n<\/div><\/div>\n\n\n\n<p><\/p>\n","protected":false},"excerpt":{"rendered":"","protected":false},"author":1,"featured_media":0,"parent":0,"menu_order":0,"comment_status":"closed","ping_status":"closed","template":"","meta":{"footnotes":""},"class_list":["post-2783","page","type-page","status-publish","hentry"],"_links":{"self":[{"href":"https:\/\/wordpress.famberg.de\/index.php\/wp-json\/wp\/v2\/pages\/2783","targetHints":{"allow":["GET"]}}],"collection":[{"href":"https:\/\/wordpress.famberg.de\/index.php\/wp-json\/wp\/v2\/pages"}],"about":[{"href":"https:\/\/wordpress.famberg.de\/index.php\/wp-json\/wp\/v2\/types\/page"}],"author":[{"embeddable":true,"href":"https:\/\/wordpress.famberg.de\/index.php\/wp-json\/wp\/v2\/users\/1"}],"replies":[{"embeddable":true,"href":"https:\/\/wordpress.famberg.de\/index.php\/wp-json\/wp\/v2\/comments?post=2783"}],"version-history":[{"count":1,"href":"https:\/\/wordpress.famberg.de\/index.php\/wp-json\/wp\/v2\/pages\/2783\/revisions"}],"predecessor-version":[{"id":2784,"href":"https:\/\/wordpress.famberg.de\/index.php\/wp-json\/wp\/v2\/pages\/2783\/revisions\/2784"}],"wp:attachment":[{"href":"https:\/\/wordpress.famberg.de\/index.php\/wp-json\/wp\/v2\/media?parent=2783"}],"curies":[{"name":"wp","href":"https:\/\/api.w.org\/{rel}","templated":true}]}}